{"id":18328,"date":"2025-03-06T15:30:25","date_gmt":"2025-03-06T15:30:25","guid":{"rendered":"https:\/\/dos20.cl\/?post_type=product&#038;p=18328"},"modified":"2026-03-18T11:58:07","modified_gmt":"2026-03-18T11:58:07","slug":"solucion-monitoreo-dga-con-telemetria","status":"publish","type":"product","link":"https:\/\/dos20.cl\/?product=solucion-monitoreo-dga-con-telemetria","title":{"rendered":"\ud83c\udde8\ud83c\uddf1 Soluci\u00f3n monitoreo DGA con Telemetr\u00eda"},"content":{"rendered":"<p>La soluci\u00f3n de monitoreo DGA con Telemetr\u00eda considera:<\/p>\n<ul>\n<li>FLUX RB-200 (Considera Datalogger interno)<\/li>\n<li>Fluj\u00f3metro MAGX2 (Considera Datalogger interno)<\/li>\n<li>Sensor FLUX by KELLER 26y<\/li>\n<\/ul>\n","protected":false},"excerpt":{"rendered":"<p>La soluci\u00f3n de monitoreo DGA con Telemetr\u00eda considera:<\/p>\n<ul>\n<li>FLUX RB-200<\/li>\n<li>Fluj\u00f3metro MAGX2<\/li>\n<li>Sensor FLUX by KELLER 26y<\/li>\n<\/ul>\n","protected":false},"featured_media":18330,"template":"","meta":{"site-sidebar-layout":"default","site-content-layout":"","ast-site-content-layout":"default","site-content-style":"default","site-sidebar-style":"default","ast-global-header-display":"","ast-banner-title-visibility":"","ast-main-header-display":"","ast-hfb-above-header-display":"","ast-hfb-below-header-display":"","ast-hfb-mobile-header-display":"","site-post-title":"","ast-breadcrumbs-content":"","ast-featured-img":"","footer-sml-layout":"","theme-transparent-header-meta":"default","adv-header-id-meta":"","stick-header-meta":"","header-above-stick-meta":"","header-main-stick-meta":"","header-below-stick-meta":"","astra-migrate-meta-layouts":"set","ast-page-background-enabled":"default","ast-page-background-meta":{"desktop":{"background-color":"var(--ast-global-color-4)","background-image":"","background-repeat":"repeat","background-position":"center center","background-size":"auto","background-attachment":"scroll","background-type":"","background-media":"","overlay-type":"","overlay-color":"","overlay-opacity":"","overlay-gradient":""},"tablet":{"background-color":"","background-image":"","background-repeat":"repeat","background-position":"center center","background-size":"auto","background-attachment":"scroll","background-type":"","background-media":"","overlay-type":"","overlay-color":"","overlay-opacity":"","overlay-gradient":""},"mobile":{"background-color":"","background-image":"","background-repeat":"repeat","background-position":"center center","background-size":"auto","background-attachment":"scroll","background-type":"","background-media":"","overlay-type":"","overlay-color":"","overlay-opacity":"","overlay-gradient":""}},"ast-content-background-meta":{"desktop":{"background-color":"var(--ast-global-color-5)","background-image":"","background-repeat":"repeat","background-position":"center center","background-size":"auto","background-attachment":"scroll","background-type":"","background-media":"","overlay-type":"","overlay-color":"","overlay-opacity":"","overlay-gradient":""},"tablet":{"background-color":"var(--ast-global-color-5)","background-image":"","background-repeat":"repeat","background-position":"center center","background-size":"auto","background-attachment":"scroll","background-type":"","background-media":"","overlay-type":"","overlay-color":"","overlay-opacity":"","overlay-gradient":""},"mobile":{"background-color":"var(--ast-global-color-5)","background-image":"","background-repeat":"repeat","background-position":"center center","background-size":"auto","background-attachment":"scroll","background-type":"","background-media":"","overlay-type":"","overlay-color":"","overlay-opacity":"","overlay-gradient":""}}},"product_brand":[169,181,178,170],"product_cat":[259],"product_tag":[260,261,160,225,192],"class_list":{"0":"post-18328","1":"product","2":"type-product","3":"status-publish","4":"has-post-thumbnail","6":"product_brand-arkon","7":"product_brand-dezem","8":"product_brand-flux","9":"product_brand-keller","10":"product_cat-soluciones","11":"product_tag-dga","12":"product_tag-direccion-general-de-aguas","13":"product_tag-flujometro","14":"product_tag-nivel","15":"product_tag-telemetria","16":"desktop-align-center","17":"tablet-align-left","18":"mobile-align-left","20":"first","21":"instock","22":"shipping-taxable","23":"product-type-simple"},"_links":{"self":[{"href":"https:\/\/dos20.cl\/index.php?rest_route=\/wp\/v2\/product\/18328","targetHints":{"allow":["GET"]}}],"collection":[{"href":"https:\/\/dos20.cl\/index.php?rest_route=\/wp\/v2\/product"}],"about":[{"href":"https:\/\/dos20.cl\/index.php?rest_route=\/wp\/v2\/types\/product"}],"wp:featuredmedia":[{"embeddable":true,"href":"https:\/\/dos20.cl\/index.php?rest_route=\/wp\/v2\/media\/18330"}],"wp:attachment":[{"href":"https:\/\/dos20.cl\/index.php?rest_route=%2Fwp%2Fv2%2Fmedia&parent=18328"}],"wp:term":[{"taxonomy":"product_brand","embeddable":true,"href":"https:\/\/dos20.cl\/index.php?rest_route=%2Fwp%2Fv2%2Fproduct_brand&post=18328"},{"taxonomy":"product_cat","embeddable":true,"href":"https:\/\/dos20.cl\/index.php?rest_route=%2Fwp%2Fv2%2Fproduct_cat&post=18328"},{"taxonomy":"product_tag","embeddable":true,"href":"https:\/\/dos20.cl\/index.php?rest_route=%2Fwp%2Fv2%2Fproduct_tag&post=18328"}],"curies":[{"name":"wp","href":"https:\/\/api.w.org\/{rel}","templated":true}]}}