{"id":18044,"date":"2025-02-13T12:47:27","date_gmt":"2025-02-13T12:47:27","guid":{"rendered":"https:\/\/dos20.cl\/?post_type=product&#038;p=18044"},"modified":"2026-03-18T12:07:36","modified_gmt":"2026-03-18T12:07:36","slug":"servicio-de-contrastacion-de-sensores-de-presion-y-nivel-en-banco-de-pruebas","status":"publish","type":"product","link":"https:\/\/dos20.cl\/?product=servicio-de-contrastacion-de-sensores-de-presion-y-nivel-en-banco-de-pruebas","title":{"rendered":"\ud83c\udde8\ud83c\uddf1 Servicio de contrastaci\u00f3n de sensores de presi\u00f3n y nivel en banco de pruebas"},"content":{"rendered":"<p>Servicio de contrastaci\u00f3n de sensores de presi\u00f3n y nivel en banco de pruebas, realizamos contrastaci\u00f3n de sensores de presi\u00f3n y nivel utilizando tecnolog\u00eda de nuestra representada suiza Keller con equipo patr\u00f3n de alta precisi\u00f3n.<\/p>\n<p>Este servicio garantiza la comparaci\u00f3n exacta entre los sensores, permitiendo determinar su correcta medici\u00f3n y porcentajes de error, asegurando la confiabilidad y exactitud de los dispositivos en sus aplicaciones.<\/p>\n","protected":false},"excerpt":{"rendered":"<p>Realizamos contrastaci\u00f3n de sensores de presi\u00f3n y nivel utilizando tecnolog\u00eda de nuestra representada suiza Keller con equipo patr\u00f3n de alta precisi\u00f3n.<\/p>\n<p>Este servicio garantiza la comparaci\u00f3n exacta entre los sensores, permitiendo determinar su correcta medici\u00f3n y porcentajes de error, asegurando la confiabilidad y exactitud de los dispositivos en sus aplicaciones.<\/p>\n","protected":false},"featured_media":18049,"template":"","meta":{"site-sidebar-layout":"default","site-content-layout":"","ast-site-content-layout":"default","site-content-style":"default","site-sidebar-style":"default","ast-global-header-display":"","ast-banner-title-visibility":"","ast-main-header-display":"","ast-hfb-above-header-display":"","ast-hfb-below-header-display":"","ast-hfb-mobile-header-display":"","site-post-title":"","ast-breadcrumbs-content":"","ast-featured-img":"","footer-sml-layout":"","theme-transparent-header-meta":"default","adv-header-id-meta":"","stick-header-meta":"","header-above-stick-meta":"","header-main-stick-meta":"","header-below-stick-meta":"","astra-migrate-meta-layouts":"set","ast-page-background-enabled":"default","ast-page-background-meta":{"desktop":{"background-color":"var(--ast-global-color-4)","background-image":"","background-repeat":"repeat","background-position":"center center","background-size":"auto","background-attachment":"scroll","background-type":"","background-media":"","overlay-type":"","overlay-color":"","overlay-opacity":"","overlay-gradient":""},"tablet":{"background-color":"","background-image":"","background-repeat":"repeat","background-position":"center center","background-size":"auto","background-attachment":"scroll","background-type":"","background-media":"","overlay-type":"","overlay-color":"","overlay-opacity":"","overlay-gradient":""},"mobile":{"background-color":"","background-image":"","background-repeat":"repeat","background-position":"center center","background-size":"auto","background-attachment":"scroll","background-type":"","background-media":"","overlay-type":"","overlay-color":"","overlay-opacity":"","overlay-gradient":""}},"ast-content-background-meta":{"desktop":{"background-color":"var(--ast-global-color-5)","background-image":"","background-repeat":"repeat","background-position":"center center","background-size":"auto","background-attachment":"scroll","background-type":"","background-media":"","overlay-type":"","overlay-color":"","overlay-opacity":"","overlay-gradient":""},"tablet":{"background-color":"var(--ast-global-color-5)","background-image":"","background-repeat":"repeat","background-position":"center center","background-size":"auto","background-attachment":"scroll","background-type":"","background-media":"","overlay-type":"","overlay-color":"","overlay-opacity":"","overlay-gradient":""},"mobile":{"background-color":"var(--ast-global-color-5)","background-image":"","background-repeat":"repeat","background-position":"center center","background-size":"auto","background-attachment":"scroll","background-type":"","background-media":"","overlay-type":"","overlay-color":"","overlay-opacity":"","overlay-gradient":""}}},"product_brand":[178,170],"product_cat":[82],"product_tag":[165,166,215,216,217],"class_list":{"0":"post-18044","1":"product","2":"type-product","3":"status-publish","4":"has-post-thumbnail","6":"product_brand-flux","7":"product_brand-keller","8":"product_cat-servicios","9":"product_tag-servicio","10":"product_tag-servicio-de-contrastacion","11":"product_tag-servicio-para-sensores","12":"product_tag-servicio-para-sensores-de-nivel","13":"product_tag-servicio-para-sensores-de-presion","14":"desktop-align-center","15":"tablet-align-left","16":"mobile-align-left","18":"first","19":"instock","20":"shipping-taxable","21":"product-type-simple"},"_links":{"self":[{"href":"https:\/\/dos20.cl\/index.php?rest_route=\/wp\/v2\/product\/18044","targetHints":{"allow":["GET"]}}],"collection":[{"href":"https:\/\/dos20.cl\/index.php?rest_route=\/wp\/v2\/product"}],"about":[{"href":"https:\/\/dos20.cl\/index.php?rest_route=\/wp\/v2\/types\/product"}],"wp:featuredmedia":[{"embeddable":true,"href":"https:\/\/dos20.cl\/index.php?rest_route=\/wp\/v2\/media\/18049"}],"wp:attachment":[{"href":"https:\/\/dos20.cl\/index.php?rest_route=%2Fwp%2Fv2%2Fmedia&parent=18044"}],"wp:term":[{"taxonomy":"product_brand","embeddable":true,"href":"https:\/\/dos20.cl\/index.php?rest_route=%2Fwp%2Fv2%2Fproduct_brand&post=18044"},{"taxonomy":"product_cat","embeddable":true,"href":"https:\/\/dos20.cl\/index.php?rest_route=%2Fwp%2Fv2%2Fproduct_cat&post=18044"},{"taxonomy":"product_tag","embeddable":true,"href":"https:\/\/dos20.cl\/index.php?rest_route=%2Fwp%2Fv2%2Fproduct_tag&post=18044"}],"curies":[{"name":"wp","href":"https:\/\/api.w.org\/{rel}","templated":true}]}}