{"id":17700,"date":"2022-03-18T18:15:16","date_gmt":"2022-03-18T18:15:16","guid":{"rendered":"https:\/\/dos20.cl\/?post_type=product&#038;p=17700"},"modified":"2026-03-18T13:22:39","modified_gmt":"2026-03-18T13:22:39","slug":"servicio-de-instalacion","status":"publish","type":"product","link":"https:\/\/dos20.cl\/?product=servicio-de-instalacion","title":{"rendered":"\ud83c\udde8\ud83c\uddf1 Servicio de instalaci\u00f3n"},"content":{"rendered":"","protected":false},"excerpt":{"rendered":"<p>DOS20 ofrece servicios de instalaci\u00f3n para todas nuestras representaciones con la posibilidad de que nuestros t\u00e9cnicos e ingenieros especializados apliquen todas sus capacidades en terreno para asegurar la instalaci\u00f3n de nuestras soluciones.<\/p>\n<p>Entre los principales servicios se encuentra:<\/p>\n<ul>\n<li>Montaje mec\u00e1nico y modificaci\u00f3n de Piping.<\/li>\n<li>Instalaci\u00f3n el\u00e9ctrica de tableros de control e interconexionado con tableros existentes.<\/li>\n<li>Traslado de materiales en cami\u00f3n 4&#215;4 (para postes, pallets, materiales de construcci\u00f3n).<\/li>\n<li>Soldadura y modificaci\u00f3n de estructuras para instalaci\u00f3n.<\/li>\n<li>Servicios adaptables de acuerdo a la necesidad.<\/li>\n<\/ul>\n<p>&nbsp;<\/p>\n","protected":false},"featured_media":17707,"template":"","meta":{"site-sidebar-layout":"default","site-content-layout":"","ast-site-content-layout":"default","site-content-style":"default","site-sidebar-style":"default","ast-global-header-display":"","ast-banner-title-visibility":"","ast-main-header-display":"","ast-hfb-above-header-display":"","ast-hfb-below-header-display":"","ast-hfb-mobile-header-display":"","site-post-title":"","ast-breadcrumbs-content":"","ast-featured-img":"","footer-sml-layout":"","theme-transparent-header-meta":"default","adv-header-id-meta":"","stick-header-meta":"","header-above-stick-meta":"","header-main-stick-meta":"","header-below-stick-meta":"","astra-migrate-meta-layouts":"set","ast-page-background-enabled":"default","ast-page-background-meta":{"desktop":{"background-color":"var(--ast-global-color-4)","background-image":"","background-repeat":"repeat","background-position":"center center","background-size":"auto","background-attachment":"scroll","background-type":"","background-media":"","overlay-type":"","overlay-color":"","overlay-opacity":"","overlay-gradient":""},"tablet":{"background-color":"","background-image":"","background-repeat":"repeat","background-position":"center center","background-size":"auto","background-attachment":"scroll","background-type":"","background-media":"","overlay-type":"","overlay-color":"","overlay-opacity":"","overlay-gradient":""},"mobile":{"background-color":"","background-image":"","background-repeat":"repeat","background-position":"center center","background-size":"auto","background-attachment":"scroll","background-type":"","background-media":"","overlay-type":"","overlay-color":"","overlay-opacity":"","overlay-gradient":""}},"ast-content-background-meta":{"desktop":{"background-color":"var(--ast-global-color-5)","background-image":"","background-repeat":"repeat","background-position":"center center","background-size":"auto","background-attachment":"scroll","background-type":"","background-media":"","overlay-type":"","overlay-color":"","overlay-opacity":"","overlay-gradient":""},"tablet":{"background-color":"var(--ast-global-color-5)","background-image":"","background-repeat":"repeat","background-position":"center center","background-size":"auto","background-attachment":"scroll","background-type":"","background-media":"","overlay-type":"","overlay-color":"","overlay-opacity":"","overlay-gradient":""},"mobile":{"background-color":"var(--ast-global-color-5)","background-image":"","background-repeat":"repeat","background-position":"center center","background-size":"auto","background-attachment":"scroll","background-type":"","background-media":"","overlay-type":"","overlay-color":"","overlay-opacity":"","overlay-gradient":""}}},"product_brand":[172],"product_cat":[82],"product_tag":[165,173,174],"class_list":{"0":"post-17700","1":"product","2":"type-product","3":"status-publish","4":"has-post-thumbnail","6":"product_brand-riegel","7":"product_cat-servicios","8":"product_tag-servicio","9":"product_tag-servicio-de-instalacion","10":"product_tag-servicio-de-montaje","11":"desktop-align-center","12":"tablet-align-left","13":"mobile-align-left","15":"first","16":"instock","17":"featured","18":"shipping-taxable","19":"product-type-simple"},"_links":{"self":[{"href":"https:\/\/dos20.cl\/index.php?rest_route=\/wp\/v2\/product\/17700","targetHints":{"allow":["GET"]}}],"collection":[{"href":"https:\/\/dos20.cl\/index.php?rest_route=\/wp\/v2\/product"}],"about":[{"href":"https:\/\/dos20.cl\/index.php?rest_route=\/wp\/v2\/types\/product"}],"wp:featuredmedia":[{"embeddable":true,"href":"https:\/\/dos20.cl\/index.php?rest_route=\/wp\/v2\/media\/17707"}],"wp:attachment":[{"href":"https:\/\/dos20.cl\/index.php?rest_route=%2Fwp%2Fv2%2Fmedia&parent=17700"}],"wp:term":[{"taxonomy":"product_brand","embeddable":true,"href":"https:\/\/dos20.cl\/index.php?rest_route=%2Fwp%2Fv2%2Fproduct_brand&post=17700"},{"taxonomy":"product_cat","embeddable":true,"href":"https:\/\/dos20.cl\/index.php?rest_route=%2Fwp%2Fv2%2Fproduct_cat&post=17700"},{"taxonomy":"product_tag","embeddable":true,"href":"https:\/\/dos20.cl\/index.php?rest_route=%2Fwp%2Fv2%2Fproduct_tag&post=17700"}],"curies":[{"name":"wp","href":"https:\/\/api.w.org\/{rel}","templated":true}]}}