{"id":16638,"date":"2023-03-15T15:38:29","date_gmt":"2023-03-15T15:38:29","guid":{"rendered":"https:\/\/dos20.cl\/?post_type=product&#038;p=16638"},"modified":"2026-03-18T13:43:33","modified_gmt":"2026-03-18T13:43:33","slug":"valpes-actuador-modelo-vr","status":"publish","type":"product","link":"https:\/\/dos20.cl\/?product=valpes-actuador-modelo-vr","title":{"rendered":"\ud83c\uddeb\ud83c\uddf7 Valpes\u00ae Actuador El\u00e9ctrico Modelo VR &#8211; Procesos Industriales"},"content":{"rendered":"<p>Actuador el\u00e9ctrico, cuerpo de aluminio y tapa de poliamida PA6 UL 94 V-0 o aluminio (opcional) con mando manual por eje externo, para pares de 25 a 75Nm y seg\u00fan Directivas CE-ROHS-REACH.<\/p>\n<p><strong>VERSIONES<\/strong><\/p>\n<ul>\n<li>Versi\u00f3n est\u00e1ndar de 90\u00b0 y versi\u00f3n de 180\u00b0 o 270\u00b0 (bajo pedido)<\/li>\n<li>Versi\u00f3n para aplicaciones marinas. Recubrimiento de alta durabilidad, garant\u00eda de 15 a\u00f1os.<\/li>\n<li>Disponible con:\n<ul>\n<li>BBPR &#8211; respaldo de emergencia<\/li>\n<li>POSI &#8211; control proporcional<\/li>\n<li>3 POSICIONES<\/li>\n<li>POSI-BBPR<\/li>\n<li>3-POSICIONES-BBPR<\/li>\n<li>BLUETOOTH \u00ae<\/li>\n<li>Modbus-RTU<\/li>\n<\/ul>\n<\/li>\n<\/ul>\n","protected":false},"excerpt":{"rendered":"<p>Actuador el\u00e9ctrico, cuerpo de aluminio y tapa de poliamida PA6 UL 94 V-0 o aluminio (opcional) con mando manual por eje externo, para pares de 25 a 75Nm y seg\u00fan Directivas CE-ROHS-REACH.<\/p>\n","protected":false},"featured_media":18227,"template":"","meta":{"site-sidebar-layout":"default","site-content-layout":"","ast-site-content-layout":"default","site-content-style":"default","site-sidebar-style":"default","ast-global-header-display":"","ast-banner-title-visibility":"","ast-main-header-display":"","ast-hfb-above-header-display":"","ast-hfb-below-header-display":"","ast-hfb-mobile-header-display":"","site-post-title":"","ast-breadcrumbs-content":"","ast-featured-img":"","footer-sml-layout":"","theme-transparent-header-meta":"default","adv-header-id-meta":"","stick-header-meta":"","header-above-stick-meta":"","header-main-stick-meta":"","header-below-stick-meta":"","astra-migrate-meta-layouts":"set","ast-page-background-enabled":"default","ast-page-background-meta":{"desktop":{"background-color":"var(--ast-global-color-4)","background-image":"","background-repeat":"repeat","background-position":"center center","background-size":"auto","background-attachment":"scroll","background-type":"","background-media":"","overlay-type":"","overlay-color":"","overlay-opacity":"","overlay-gradient":""},"tablet":{"background-color":"","background-image":"","background-repeat":"repeat","background-position":"center center","background-size":"auto","background-attachment":"scroll","background-type":"","background-media":"","overlay-type":"","overlay-color":"","overlay-opacity":"","overlay-gradient":""},"mobile":{"background-color":"","background-image":"","background-repeat":"repeat","background-position":"center center","background-size":"auto","background-attachment":"scroll","background-type":"","background-media":"","overlay-type":"","overlay-color":"","overlay-opacity":"","overlay-gradient":""}},"ast-content-background-meta":{"desktop":{"background-color":"var(--ast-global-color-5)","background-image":"","background-repeat":"repeat","background-position":"center center","background-size":"auto","background-attachment":"scroll","background-type":"","background-media":"","overlay-type":"","overlay-color":"","overlay-opacity":"","overlay-gradient":""},"tablet":{"background-color":"var(--ast-global-color-5)","background-image":"","background-repeat":"repeat","background-position":"center center","background-size":"auto","background-attachment":"scroll","background-type":"","background-media":"","overlay-type":"","overlay-color":"","overlay-opacity":"","overlay-gradient":""},"mobile":{"background-color":"var(--ast-global-color-5)","background-image":"","background-repeat":"repeat","background-position":"center center","background-size":"auto","background-attachment":"scroll","background-type":"","background-media":"","overlay-type":"","overlay-color":"","overlay-opacity":"","overlay-gradient":""}}},"product_brand":[218],"product_cat":[146],"product_tag":[219,185,220],"class_list":{"0":"post-16638","1":"product","2":"type-product","3":"status-publish","4":"has-post-thumbnail","6":"product_brand-valpes","7":"product_cat-actuadores-electricos","8":"product_tag-actuador","9":"product_tag-automatizacion","10":"product_tag-control-de-agua","11":"desktop-align-center","12":"tablet-align-left","13":"mobile-align-left","15":"first","16":"instock","17":"shipping-taxable","18":"product-type-simple"},"_links":{"self":[{"href":"https:\/\/dos20.cl\/index.php?rest_route=\/wp\/v2\/product\/16638","targetHints":{"allow":["GET"]}}],"collection":[{"href":"https:\/\/dos20.cl\/index.php?rest_route=\/wp\/v2\/product"}],"about":[{"href":"https:\/\/dos20.cl\/index.php?rest_route=\/wp\/v2\/types\/product"}],"wp:featuredmedia":[{"embeddable":true,"href":"https:\/\/dos20.cl\/index.php?rest_route=\/wp\/v2\/media\/18227"}],"wp:attachment":[{"href":"https:\/\/dos20.cl\/index.php?rest_route=%2Fwp%2Fv2%2Fmedia&parent=16638"}],"wp:term":[{"taxonomy":"product_brand","embeddable":true,"href":"https:\/\/dos20.cl\/index.php?rest_route=%2Fwp%2Fv2%2Fproduct_brand&post=16638"},{"taxonomy":"product_cat","embeddable":true,"href":"https:\/\/dos20.cl\/index.php?rest_route=%2Fwp%2Fv2%2Fproduct_cat&post=16638"},{"taxonomy":"product_tag","embeddable":true,"href":"https:\/\/dos20.cl\/index.php?rest_route=%2Fwp%2Fv2%2Fproduct_tag&post=16638"}],"curies":[{"name":"wp","href":"https:\/\/api.w.org\/{rel}","templated":true}]}}