{"id":16348,"date":"2023-02-21T11:39:30","date_gmt":"2023-02-21T11:39:30","guid":{"rendered":"https:\/\/dos20.cl\/?post_type=product&#038;p=16348"},"modified":"2026-03-18T13:46:28","modified_gmt":"2026-03-18T13:46:28","slug":"registrador-bidi","status":"publish","type":"product","link":"https:\/\/dos20.cl\/?product=registrador-bidi","title":{"rendered":"\ud83c\udde9\ud83c\uddea FAST\u00ae Registrador de fugas BIDI"},"content":{"rendered":"<p>El registrador BIDI es un registrador multifunci\u00f3n de ruido que se encuentra disponible en diferentes tama\u00f1os, modelos y tipos de sensor. Permite la grabaci\u00f3n nocturna del m\u00ednimo ruido y monitorear con la posibilidad de utilizar de manera temporal o permanente integrado a la red. Cuenta con una programaci\u00f3n sencilla con Tablet y sistema ServiceMaster permite detecci\u00f3n de fugas con correlaci\u00f3n multisensor (BIDI Logger)<\/p>\n<p><iframe title=\"YouTube video player\" src=\"https:\/\/www.youtube.com\/embed\/V12HeGOg6M0\" width=\"560\" height=\"315\" frameborder=\"0\" allowfullscreen=\"allowfullscreen\"><\/iframe><\/p>\n","protected":false},"excerpt":{"rendered":"<p>El registrador BIDI es un registrador multifunci\u00f3n de ruido que se encuentra disponible en diferentes tama\u00f1os, modelos y tipos de sensor.<\/p>\n<p>Permite la grabaci\u00f3n nocturna del m\u00ednimo ruido y monitorear con la posibilidad de utilizar de manera temporal o permanente integrado a la red.<\/p>\n<p>Cuenta con una programaci\u00f3n sencilla con Tablet y sistema ServiceMaster permite detecci\u00f3n de fugas con correlaci\u00f3n multisensor (BIDI Logger)<\/p>\n","protected":false},"featured_media":18247,"template":"","meta":{"site-sidebar-layout":"default","site-content-layout":"","ast-site-content-layout":"default","site-content-style":"default","site-sidebar-style":"default","ast-global-header-display":"","ast-banner-title-visibility":"","ast-main-header-display":"","ast-hfb-above-header-display":"","ast-hfb-below-header-display":"","ast-hfb-mobile-header-display":"","site-post-title":"","ast-breadcrumbs-content":"","ast-featured-img":"","footer-sml-layout":"","theme-transparent-header-meta":"default","adv-header-id-meta":"","stick-header-meta":"","header-above-stick-meta":"","header-main-stick-meta":"","header-below-stick-meta":"","astra-migrate-meta-layouts":"set","ast-page-background-enabled":"default","ast-page-background-meta":{"desktop":{"background-color":"var(--ast-global-color-4)","background-image":"","background-repeat":"repeat","background-position":"center center","background-size":"auto","background-attachment":"scroll","background-type":"","background-media":"","overlay-type":"","overlay-color":"","overlay-opacity":"","overlay-gradient":""},"tablet":{"background-color":"","background-image":"","background-repeat":"repeat","background-position":"center center","background-size":"auto","background-attachment":"scroll","background-type":"","background-media":"","overlay-type":"","overlay-color":"","overlay-opacity":"","overlay-gradient":""},"mobile":{"background-color":"","background-image":"","background-repeat":"repeat","background-position":"center center","background-size":"auto","background-attachment":"scroll","background-type":"","background-media":"","overlay-type":"","overlay-color":"","overlay-opacity":"","overlay-gradient":""}},"ast-content-background-meta":{"desktop":{"background-color":"var(--ast-global-color-5)","background-image":"","background-repeat":"repeat","background-position":"center center","background-size":"auto","background-attachment":"scroll","background-type":"","background-media":"","overlay-type":"","overlay-color":"","overlay-opacity":"","overlay-gradient":""},"tablet":{"background-color":"var(--ast-global-color-5)","background-image":"","background-repeat":"repeat","background-position":"center center","background-size":"auto","background-attachment":"scroll","background-type":"","background-media":"","overlay-type":"","overlay-color":"","overlay-opacity":"","overlay-gradient":""},"mobile":{"background-color":"var(--ast-global-color-5)","background-image":"","background-repeat":"repeat","background-position":"center center","background-size":"auto","background-attachment":"scroll","background-type":"","background-media":"","overlay-type":"","overlay-color":"","overlay-opacity":"","overlay-gradient":""}}},"product_brand":[171],"product_cat":[132],"product_tag":[157,156,155,159,158,153],"class_list":{"0":"post-16348","1":"product","2":"type-product","3":"status-publish","4":"has-post-thumbnail","6":"product_brand-fast","7":"product_cat-soluciones-inteligentes-fast","8":"product_tag-autonomo","9":"product_tag-datalogger","10":"product_tag-detector","11":"product_tag-detector-de-fugas","12":"product_tag-detector-fugas","13":"product_tag-fugas","14":"desktop-align-center","15":"tablet-align-left","16":"mobile-align-left","18":"first","19":"instock","20":"shipping-taxable","21":"product-type-simple"},"_links":{"self":[{"href":"https:\/\/dos20.cl\/index.php?rest_route=\/wp\/v2\/product\/16348","targetHints":{"allow":["GET"]}}],"collection":[{"href":"https:\/\/dos20.cl\/index.php?rest_route=\/wp\/v2\/product"}],"about":[{"href":"https:\/\/dos20.cl\/index.php?rest_route=\/wp\/v2\/types\/product"}],"wp:featuredmedia":[{"embeddable":true,"href":"https:\/\/dos20.cl\/index.php?rest_route=\/wp\/v2\/media\/18247"}],"wp:attachment":[{"href":"https:\/\/dos20.cl\/index.php?rest_route=%2Fwp%2Fv2%2Fmedia&parent=16348"}],"wp:term":[{"taxonomy":"product_brand","embeddable":true,"href":"https:\/\/dos20.cl\/index.php?rest_route=%2Fwp%2Fv2%2Fproduct_brand&post=16348"},{"taxonomy":"product_cat","embeddable":true,"href":"https:\/\/dos20.cl\/index.php?rest_route=%2Fwp%2Fv2%2Fproduct_cat&post=16348"},{"taxonomy":"product_tag","embeddable":true,"href":"https:\/\/dos20.cl\/index.php?rest_route=%2Fwp%2Fv2%2Fproduct_tag&post=16348"}],"curies":[{"name":"wp","href":"https:\/\/api.w.org\/{rel}","templated":true}]}}