{"id":16340,"date":"2023-02-20T20:18:21","date_gmt":"2023-02-20T20:18:21","guid":{"rendered":"https:\/\/dos20.cl\/?post_type=product&#038;p=16340"},"modified":"2026-03-18T13:48:08","modified_gmt":"2026-03-18T13:48:08","slug":"aqua-m300","status":"publish","type":"product","link":"https:\/\/dos20.cl\/?product=aqua-m300","title":{"rendered":"\ud83c\udde9\ud83c\uddea FAST\u00ae Ge\u00f3fono \/ Trazador de gas para fugas Aqua M300"},"content":{"rendered":"<p>El producto Aqua M300 es un ge\u00f3fono inteligente para la detecci\u00f3n de fugas posee una Triple funci\u00f3n: localizaci\u00f3n ac\u00fastica o por gas trazador de fugas y tuber\u00edas. La operaci\u00f3n del equipo permite un funcionamiento manual o autom\u00e1tico. Se puede utilizar con:<\/p>\n<ul>\n<li>Prelocalizaci\u00f3n con varilla o sensor universal.<\/li>\n<li>Identificaci\u00f3n con ge\u00f3fono o sensor universal y base nivelante.<\/li>\n<li>Identificaci\u00f3n con gas trazador y sondas H2.<\/li>\n<\/ul>\n<p>&nbsp;<\/p>\n<p><iframe title=\"YouTube video player\" src=\"https:\/\/www.youtube.com\/embed\/dBo1wmXQpc0\" width=\"560\" height=\"315\" frameborder=\"0\" allowfullscreen=\"allowfullscreen\"><\/iframe><\/p>\n<p><strong>Cada kit Aqua M300 contiene:<\/strong><\/p>\n<ul>\n<li>Equipo Aqua M300.<\/li>\n<li>Varilla con extensiones piezomec\u00e1nico<\/li>\n<li>Sensor magn\u00e9tico universal<\/li>\n<li>Base nivelante con imanes grande<\/li>\n<li>Sonda de suelo H2 (para trazador de gas)<\/li>\n<li>Auriculares aislantes 3M<\/li>\n<li>Malet\u00edn de transporte r\u00edgido<\/li>\n<li>Bater\u00edas para todos los equipos<\/li>\n<\/ul>\n","protected":false},"excerpt":{"rendered":"<p>El producto Aqua M300 es un ge\u00f3fono inteligente para la detecci\u00f3n de fugas posee una Triple funci\u00f3n: localizaci\u00f3n ac\u00fastica o por gas trazador de fugas y tuber\u00edas. La operaci\u00f3n del equipo permite un funcionamiento manual o autom\u00e1tico. Se puede utilizar con:<\/p>\n<ul>\n<li>Prelocalizaci\u00f3n con varilla o sensor universal.<\/li>\n<li>Identificaci\u00f3n con ge\u00f3fono o sensor universal y base nivelante.<\/li>\n<li>Identificaci\u00f3n con gas trazador y sondas H2.<\/li>\n<\/ul>\n","protected":false},"featured_media":18253,"template":"","meta":{"site-sidebar-layout":"default","site-content-layout":"","ast-site-content-layout":"default","site-content-style":"default","site-sidebar-style":"default","ast-global-header-display":"","ast-banner-title-visibility":"","ast-main-header-display":"","ast-hfb-above-header-display":"","ast-hfb-below-header-display":"","ast-hfb-mobile-header-display":"","site-post-title":"","ast-breadcrumbs-content":"","ast-featured-img":"","footer-sml-layout":"","theme-transparent-header-meta":"default","adv-header-id-meta":"","stick-header-meta":"","header-above-stick-meta":"","header-main-stick-meta":"","header-below-stick-meta":"","astra-migrate-meta-layouts":"set","ast-page-background-enabled":"default","ast-page-background-meta":{"desktop":{"background-color":"var(--ast-global-color-4)","background-image":"","background-repeat":"repeat","background-position":"center center","background-size":"auto","background-attachment":"scroll","background-type":"","background-media":"","overlay-type":"","overlay-color":"","overlay-opacity":"","overlay-gradient":""},"tablet":{"background-color":"","background-image":"","background-repeat":"repeat","background-position":"center center","background-size":"auto","background-attachment":"scroll","background-type":"","background-media":"","overlay-type":"","overlay-color":"","overlay-opacity":"","overlay-gradient":""},"mobile":{"background-color":"","background-image":"","background-repeat":"repeat","background-position":"center center","background-size":"auto","background-attachment":"scroll","background-type":"","background-media":"","overlay-type":"","overlay-color":"","overlay-opacity":"","overlay-gradient":""}},"ast-content-background-meta":{"desktop":{"background-color":"var(--ast-global-color-5)","background-image":"","background-repeat":"repeat","background-position":"center center","background-size":"auto","background-attachment":"scroll","background-type":"","background-media":"","overlay-type":"","overlay-color":"","overlay-opacity":"","overlay-gradient":""},"tablet":{"background-color":"var(--ast-global-color-5)","background-image":"","background-repeat":"repeat","background-position":"center center","background-size":"auto","background-attachment":"scroll","background-type":"","background-media":"","overlay-type":"","overlay-color":"","overlay-opacity":"","overlay-gradient":""},"mobile":{"background-color":"var(--ast-global-color-5)","background-image":"","background-repeat":"repeat","background-position":"center center","background-size":"auto","background-attachment":"scroll","background-type":"","background-media":"","overlay-type":"","overlay-color":"","overlay-opacity":"","overlay-gradient":""}}},"product_brand":[171],"product_cat":[130],"product_tag":[155,159,158,153],"class_list":{"0":"post-16340","1":"product","2":"type-product","3":"status-publish","4":"has-post-thumbnail","6":"product_brand-fast","7":"product_cat-microfonos-acusticos-fast","8":"product_tag-detector","9":"product_tag-detector-de-fugas","10":"product_tag-detector-fugas","11":"product_tag-fugas","12":"desktop-align-center","13":"tablet-align-left","14":"mobile-align-left","16":"first","17":"instock","18":"shipping-taxable","19":"product-type-simple"},"_links":{"self":[{"href":"https:\/\/dos20.cl\/index.php?rest_route=\/wp\/v2\/product\/16340","targetHints":{"allow":["GET"]}}],"collection":[{"href":"https:\/\/dos20.cl\/index.php?rest_route=\/wp\/v2\/product"}],"about":[{"href":"https:\/\/dos20.cl\/index.php?rest_route=\/wp\/v2\/types\/product"}],"wp:featuredmedia":[{"embeddable":true,"href":"https:\/\/dos20.cl\/index.php?rest_route=\/wp\/v2\/media\/18253"}],"wp:attachment":[{"href":"https:\/\/dos20.cl\/index.php?rest_route=%2Fwp%2Fv2%2Fmedia&parent=16340"}],"wp:term":[{"taxonomy":"product_brand","embeddable":true,"href":"https:\/\/dos20.cl\/index.php?rest_route=%2Fwp%2Fv2%2Fproduct_brand&post=16340"},{"taxonomy":"product_cat","embeddable":true,"href":"https:\/\/dos20.cl\/index.php?rest_route=%2Fwp%2Fv2%2Fproduct_cat&post=16340"},{"taxonomy":"product_tag","embeddable":true,"href":"https:\/\/dos20.cl\/index.php?rest_route=%2Fwp%2Fv2%2Fproduct_tag&post=16340"}],"curies":[{"name":"wp","href":"https:\/\/api.w.org\/{rel}","templated":true}]}}