{"id":16338,"date":"2023-02-20T20:12:43","date_gmt":"2023-02-20T20:12:43","guid":{"rendered":"https:\/\/dos20.cl\/?post_type=product&#038;p=16338"},"modified":"2026-03-18T13:48:13","modified_gmt":"2026-03-18T13:48:13","slug":"vscan-vivax-metrotech","status":"publish","type":"product","link":"https:\/\/dos20.cl\/?product=vscan-vivax-metrotech","title":{"rendered":"\ud83c\udde9\ud83c\uddea FAST\u00ae Detector de tuber\u00edas para fugas vScan Vivax Metrotech"},"content":{"rendered":"<p>El Accesorio vScan Vivax Metrotech para la detecci\u00f3n de fugas al ser utilizado en conjunto con el producto <a href=\"https:\/\/dos20.cl\/producto\/pipemic-mxlxxl\/\">PipeMic<\/a>, permite que la localizaci\u00f3n se vuelva un proceso m\u00e1s simple y econ\u00f3mico.<\/p>\n<p>El vScan Vivax Metrotech incluye transmisor y receptor vScan con estuche y accesorios. Su operaci\u00f3n es simple con dos botones: encendido\/apagado e informaci\u00f3n (como profundidad y corriente). Posee una pantalla de alta resoluci\u00f3n y contraste, permite una interpretaci\u00f3n de la se\u00f1al simple e intuitiva. Cuenta con una Retroiluminaci\u00f3n autom\u00e1tica para usar en \u00e1reas oscuras. Para uso se destaca la presencia de Alertas visuales, sonoras y vibratorios: se puede configurar alertas para cable poco profundo, sobrecarga, balanceo excesivo y cables elevados. Est\u00e1 fabricado con una robusta carcasa de ABS con protecci\u00f3n de goma para uso en todas las condiciones.<\/p>\n<p>Cada kit vScan Vivax Metrotech contiene:<\/p>\n<ul>\n<li>Receptor vScan<\/li>\n<li>Transmisor vScan-1W<\/li>\n<li>Bolsa de transporte<\/li>\n<li>Cable de conexi\u00f3n con abrazaderas (3,5 [m])<\/li>\n<li>Bater\u00edas<\/li>\n<\/ul>\n","protected":false},"excerpt":{"rendered":"<p>El\u00a0 vScan Vivax Metrotech para la detecci\u00f3n de fugas al ser utilizado en conjunto con el producto <a href=\"https:\/\/dos20.cl\/producto\/pipemic-mxlxxl\/\">PipeMic<\/a>, permite que la localizaci\u00f3n se vuelva un proceso m\u00e1s simple y econ\u00f3mico.<\/p>\n<p>El vScan Vivax Metrotech incluye transmisor y receptor vScan con estuche y accesorios. Su operaci\u00f3n es simple con dos botones: encendido\/apagado e informaci\u00f3n (como profundidad y corriente). Posee una pantalla de alta resoluci\u00f3n y contraste, permite una interpretaci\u00f3n de la se\u00f1al simple e intuitiva. Cuenta con una Retroiluminaci\u00f3n autom\u00e1tica para usar en \u00e1reas oscuras. Para uso se destaca la presencia de Alertas visuales, sonoras y vibratorios: se puede configurar alertas para cable poco profundo, sobrecarga, balanceo excesivo y cables elevados. Est\u00e1 fabricado con una robusta carcasa de ABS con protecci\u00f3n de goma para uso en todas las condiciones.<\/p>\n<p>Cada kit vScan Vivax Metrotech contiene:<\/p>\n<ul>\n<li>Receptor vScan<\/li>\n<li>Transmisor vScan-1W<\/li>\n<li>Bolsa de transporte<\/li>\n<li>Cable de conexi\u00f3n con abrazaderas (3,5 [m])<\/li>\n<li>Bater\u00edas<\/li>\n<\/ul>\n<p>&nbsp;<\/p>\n","protected":false},"featured_media":18258,"template":"","meta":{"site-sidebar-layout":"default","site-content-layout":"","ast-site-content-layout":"default","site-content-style":"default","site-sidebar-style":"default","ast-global-header-display":"","ast-banner-title-visibility":"","ast-main-header-display":"","ast-hfb-above-header-display":"","ast-hfb-below-header-display":"","ast-hfb-mobile-header-display":"","site-post-title":"","ast-breadcrumbs-content":"","ast-featured-img":"","footer-sml-layout":"","theme-transparent-header-meta":"default","adv-header-id-meta":"","stick-header-meta":"","header-above-stick-meta":"","header-main-stick-meta":"","header-below-stick-meta":"","astra-migrate-meta-layouts":"set","ast-page-background-enabled":"default","ast-page-background-meta":{"desktop":{"background-color":"var(--ast-global-color-4)","background-image":"","background-repeat":"repeat","background-position":"center center","background-size":"auto","background-attachment":"scroll","background-type":"","background-media":"","overlay-type":"","overlay-color":"","overlay-opacity":"","overlay-gradient":""},"tablet":{"background-color":"","background-image":"","background-repeat":"repeat","background-position":"center center","background-size":"auto","background-attachment":"scroll","background-type":"","background-media":"","overlay-type":"","overlay-color":"","overlay-opacity":"","overlay-gradient":""},"mobile":{"background-color":"","background-image":"","background-repeat":"repeat","background-position":"center center","background-size":"auto","background-attachment":"scroll","background-type":"","background-media":"","overlay-type":"","overlay-color":"","overlay-opacity":"","overlay-gradient":""}},"ast-content-background-meta":{"desktop":{"background-color":"var(--ast-global-color-5)","background-image":"","background-repeat":"repeat","background-position":"center center","background-size":"auto","background-attachment":"scroll","background-type":"","background-media":"","overlay-type":"","overlay-color":"","overlay-opacity":"","overlay-gradient":""},"tablet":{"background-color":"var(--ast-global-color-5)","background-image":"","background-repeat":"repeat","background-position":"center center","background-size":"auto","background-attachment":"scroll","background-type":"","background-media":"","overlay-type":"","overlay-color":"","overlay-opacity":"","overlay-gradient":""},"mobile":{"background-color":"var(--ast-global-color-5)","background-image":"","background-repeat":"repeat","background-position":"center center","background-size":"auto","background-attachment":"scroll","background-type":"","background-media":"","overlay-type":"","overlay-color":"","overlay-opacity":"","overlay-gradient":""}}},"product_brand":[221],"product_cat":[129],"product_tag":[155,159,227,226],"class_list":{"0":"post-16338","1":"product","2":"type-product","3":"status-publish","4":"has-post-thumbnail","6":"product_brand-metrotech","7":"product_cat-inspeccion-de-tuberias-fast","8":"product_tag-detector","9":"product_tag-detector-de-fugas","10":"product_tag-detector-de-redes","11":"product_tag-detector-de-tuberias","12":"desktop-align-center","13":"tablet-align-left","14":"mobile-align-left","16":"first","17":"instock","18":"shipping-taxable","19":"product-type-simple"},"_links":{"self":[{"href":"https:\/\/dos20.cl\/index.php?rest_route=\/wp\/v2\/product\/16338","targetHints":{"allow":["GET"]}}],"collection":[{"href":"https:\/\/dos20.cl\/index.php?rest_route=\/wp\/v2\/product"}],"about":[{"href":"https:\/\/dos20.cl\/index.php?rest_route=\/wp\/v2\/types\/product"}],"wp:featuredmedia":[{"embeddable":true,"href":"https:\/\/dos20.cl\/index.php?rest_route=\/wp\/v2\/media\/18258"}],"wp:attachment":[{"href":"https:\/\/dos20.cl\/index.php?rest_route=%2Fwp%2Fv2%2Fmedia&parent=16338"}],"wp:term":[{"taxonomy":"product_brand","embeddable":true,"href":"https:\/\/dos20.cl\/index.php?rest_route=%2Fwp%2Fv2%2Fproduct_brand&post=16338"},{"taxonomy":"product_cat","embeddable":true,"href":"https:\/\/dos20.cl\/index.php?rest_route=%2Fwp%2Fv2%2Fproduct_cat&post=16338"},{"taxonomy":"product_tag","embeddable":true,"href":"https:\/\/dos20.cl\/index.php?rest_route=%2Fwp%2Fv2%2Fproduct_tag&post=16338"}],"curies":[{"name":"wp","href":"https:\/\/api.w.org\/{rel}","templated":true}]}}