{"id":16248,"date":"2022-02-01T19:42:31","date_gmt":"2022-02-01T19:42:31","guid":{"rendered":"https:\/\/dos20.cl\/?post_type=product&#038;p=16248"},"modified":"2026-03-18T13:21:06","modified_gmt":"2026-03-18T13:21:06","slug":"nivu-flowstick","status":"publish","type":"product","link":"https:\/\/dos20.cl\/?product=nivu-flowstick","title":{"rendered":"\ud83c\udde9\ud83c\uddea NivuFlow Stick (NFS) Port\u00e1til &#8211; para medici\u00f3n de arroyos \/ canales \/ r\u00edos"},"content":{"rendered":"<p>El NivuFlow Stick (NFS) opera mediante el principio de correlaci\u00f3n cruzada, con lo cual puede medir de manera simult\u00e1nea y con gran precisi\u00f3n la velocidad en hasta 16 capas. Fijando el sensor en el lecho del r\u00edo o canal, se obtiene la informaci\u00f3n de todo el perfil de velocidades para esa secci\u00f3n, por ende, no es necesario colocar el sensor a diferentes alturas, reduciendo significativamente el tiempo en el cual se obtiene la informaci\u00f3n. La eficiencia del NFS, permite a su vez obtener estudios m\u00e1s confiables, ya que la diferencia de tiempo entre la primera y \u00faltima lectura a lo ancho del canal se reduce y por ende los cambios en las condiciones del fluido tambi\u00e9n se reducen.<\/p>\n<p>Lo liviano del NivuFlow Stick permite su f\u00e1cil transporte y que est\u00e9 listo para trabajar en segundos. Las mediciones son simples de realizar mediante Smartphone o Tablet. Incluso usuarios que nunca hayan utilizado este instrumento antes, con una breve introducci\u00f3n, r\u00e1pidamente pueden empezar a hacer mediciones precisas y confiables.<\/p>\n<p>El NivuFlow Stick no tiene partes m\u00f3viles por lo que es libre de mantenimiento. Lo liviano y el tama\u00f1o compacto de este instrumento robusto han sido optimizados para permitir un seguro y f\u00e1cil manejo en cursos de agua.<\/p>\n<p>Tanto las mediciones instant\u00e1neas como los datos guardados pueden ser le\u00eddos mediante conexi\u00f3n inal\u00e1mbrica mientras se est\u00e1 en el sitio, tambi\u00e9n hay acceso a valores previamente medidos. La integralidad de los datos y la verificaci\u00f3n de la calidad en la medici\u00f3n son mostrados en el display y guardados en cada medici\u00f3n para asegurar en todas ellas una operaci\u00f3n \u00f3ptima. La facilidad de uso y la velocidad de medici\u00f3n de NivuFlow Sticks es una novedad mundial en instrumentos port\u00e1tiles para medici\u00f3n de caudal.<\/p>\n<p>&nbsp;<\/p>\n","protected":false},"excerpt":{"rendered":"<p>El NivuFlow Stick (NFS) opera mediante el principio de <strong>correlaci\u00f3n cruzada<\/strong>, con lo cual puede medir de manera simult\u00e1nea y con gran precisi\u00f3n la velocidad en hasta 16 capas. Fijando el sensor en el lecho del r\u00edo o canal, se obtiene la informaci\u00f3n de todo el perfil de velocidades para esa secci\u00f3n, por ende, no es necesario colocar el sensor a diferentes alturas, reduciendo significativamente el tiempo en el cual se obtiene la informaci\u00f3n.<\/p>\n<p>La eficiencia del NFS, permite a su vez obtener estudios m\u00e1s confiables, ya que la diferencia de tiempo entre la primera y \u00faltima lectura a lo ancho del canal se reduce y por ende los cambios en las condiciones del fluido tambi\u00e9n se reducen.<\/p>\n","protected":false},"featured_media":18011,"template":"","meta":{"site-sidebar-layout":"default","site-content-layout":"","ast-site-content-layout":"default","site-content-style":"default","site-sidebar-style":"default","ast-global-header-display":"","ast-banner-title-visibility":"","ast-main-header-display":"","ast-hfb-above-header-display":"","ast-hfb-below-header-display":"","ast-hfb-mobile-header-display":"","site-post-title":"","ast-breadcrumbs-content":"","ast-featured-img":"","footer-sml-layout":"","theme-transparent-header-meta":"default","adv-header-id-meta":"","stick-header-meta":"","header-above-stick-meta":"","header-main-stick-meta":"","header-below-stick-meta":"","astra-migrate-meta-layouts":"set","ast-page-background-enabled":"default","ast-page-background-meta":{"desktop":{"background-color":"var(--ast-global-color-4)","background-image":"","background-repeat":"repeat","background-position":"center center","background-size":"auto","background-attachment":"scroll","background-type":"","background-media":"","overlay-type":"","overlay-color":"","overlay-opacity":"","overlay-gradient":""},"tablet":{"background-color":"","background-image":"","background-repeat":"repeat","background-position":"center center","background-size":"auto","background-attachment":"scroll","background-type":"","background-media":"","overlay-type":"","overlay-color":"","overlay-opacity":"","overlay-gradient":""},"mobile":{"background-color":"","background-image":"","background-repeat":"repeat","background-position":"center center","background-size":"auto","background-attachment":"scroll","background-type":"","background-media":"","overlay-type":"","overlay-color":"","overlay-opacity":"","overlay-gradient":""}},"ast-content-background-meta":{"desktop":{"background-color":"var(--ast-global-color-5)","background-image":"","background-repeat":"repeat","background-position":"center center","background-size":"auto","background-attachment":"scroll","background-type":"","background-media":"","overlay-type":"","overlay-color":"","overlay-opacity":"","overlay-gradient":""},"tablet":{"background-color":"var(--ast-global-color-5)","background-image":"","background-repeat":"repeat","background-position":"center center","background-size":"auto","background-attachment":"scroll","background-type":"","background-media":"","overlay-type":"","overlay-color":"","overlay-opacity":"","overlay-gradient":""},"mobile":{"background-color":"var(--ast-global-color-5)","background-image":"","background-repeat":"repeat","background-position":"center center","background-size":"auto","background-attachment":"scroll","background-type":"","background-media":"","overlay-type":"","overlay-color":"","overlay-opacity":"","overlay-gradient":""}}},"product_brand":[177],"product_cat":[47,114],"product_tag":[230,231,232,274,228,229],"class_list":{"0":"post-16248","1":"product","2":"type-product","3":"status-publish","4":"has-post-thumbnail","6":"product_brand-nivus","7":"product_cat-flujometros","8":"product_cat-flujometro-area-velocidad-de-correlacion-cruzada-nivus","9":"product_tag-arroyos","10":"product_tag-canales","11":"product_tag-correlacion-cruzada","12":"product_tag-hidrostatica","13":"product_tag-medidor-portatil","14":"product_tag-rios","15":"desktop-align-center","16":"tablet-align-left","17":"mobile-align-left","19":"first","20":"instock","21":"shipping-taxable","22":"product-type-simple"},"_links":{"self":[{"href":"https:\/\/dos20.cl\/index.php?rest_route=\/wp\/v2\/product\/16248","targetHints":{"allow":["GET"]}}],"collection":[{"href":"https:\/\/dos20.cl\/index.php?rest_route=\/wp\/v2\/product"}],"about":[{"href":"https:\/\/dos20.cl\/index.php?rest_route=\/wp\/v2\/types\/product"}],"wp:featuredmedia":[{"embeddable":true,"href":"https:\/\/dos20.cl\/index.php?rest_route=\/wp\/v2\/media\/18011"}],"wp:attachment":[{"href":"https:\/\/dos20.cl\/index.php?rest_route=%2Fwp%2Fv2%2Fmedia&parent=16248"}],"wp:term":[{"taxonomy":"product_brand","embeddable":true,"href":"https:\/\/dos20.cl\/index.php?rest_route=%2Fwp%2Fv2%2Fproduct_brand&post=16248"},{"taxonomy":"product_cat","embeddable":true,"href":"https:\/\/dos20.cl\/index.php?rest_route=%2Fwp%2Fv2%2Fproduct_cat&post=16248"},{"taxonomy":"product_tag","embeddable":true,"href":"https:\/\/dos20.cl\/index.php?rest_route=%2Fwp%2Fv2%2Fproduct_tag&post=16248"}],"curies":[{"name":"wp","href":"https:\/\/api.w.org\/{rel}","templated":true}]}}