{"id":16210,"date":"2021-03-15T22:21:15","date_gmt":"2021-03-15T22:21:15","guid":{"rendered":"https:\/\/dos20.cl\/?post_type=product&#038;p=16210"},"modified":"2026-03-18T12:17:40","modified_gmt":"2026-03-18T12:17:40","slug":"sensores-de-la-serie-i","status":"publish","type":"product","link":"https:\/\/dos20.cl\/?product=sensores-de-la-serie-i","title":{"rendered":"\ud83c\udde9\ud83c\uddea Nivus\u00ae Sensores de la serie i &#8211; Medici\u00f3n de Nivel sin contacto"},"content":{"rendered":"<ul>\n<li>Sensor de medici\u00f3n de nivel independiente y c\u00f3modo.<\/li>\n<li>Pasos de 3, 6, 10 y 15 m preprogramados en el rango de medici\u00f3n.<\/li>\n<li>Ideal para funcionar con bater\u00edas gracias a sus tiempos de medici\u00f3n r\u00e1pidos.<\/li>\n<li>Resistente a la humedad, entornos agresivos y grandes fluctuaciones de temperatura.<\/li>\n<li>Protecci\u00f3n IP68.<\/li>\n<li>Se puede conectar directamente a un PLC.<\/li>\n<li>Ahorra tiempo y espacio, no es necesaria la instalaci\u00f3n de un transmisor.<\/li>\n<li>DATEM \u2013 procesamiento digital de eco con evasi\u00f3n autom\u00e1tica del eco falso.<\/li>\n<li>Aprobaci\u00f3n de ATEX para uso en entornos explosivos para la Zona 1; opcional para la Zona 0.<\/li>\n<li>Cableado f\u00e1cil directamente a la unidad del terminal en entornos explosivos (no se requiere una barrera Zener).<\/li>\n<\/ul>\n<p>Los sensores de nivel de la serie i se pueden utilizar para medir la distancia, el nivel, el espacio vac\u00edo o los vol\u00famenes de l\u00edquidos en cualquier aplicaci\u00f3n donde se requieren mediciones de nivel de alta precisi\u00f3n.<\/p>\n<p>Los sensores de nivel est\u00e1n dise\u00f1ados para utilizarse en condiciones ambientales precarias. La medici\u00f3n sin contacto evita que se ensucie y desgaste.<\/p>\n<p>Debido a que el transmisor y el sensor comparten la misma carcasa completamente encapsulada, la unidad se puede instalar f\u00e1cilmente en espacios reducidos. No es necesario realizar grandes labores de programaci\u00f3n gracias a los pasos preprogramados del rango de medici\u00f3n. Los sensores se pueden conectar directamente a cualquier PLC, registrador de datos GPRS de NIVUS y a todos los sistemas que procesen valores de medici\u00f3n con una entrada de mA activa.<\/p>\n<p>Los sensores de nivel utilizan un concepto especial de sensor con eficiencia energ\u00e9tica. Gracias a los tiempos de arranque y a los ciclos de medici\u00f3n breves, los sensores pueden durar mucho tiempo con los registradores de datos independientes y autosuficientes que funcionan con bater\u00edas.<\/p>\n<p>Los ecos falsos se pueden evitar manualmente en caso de ser necesario, a trav\u00e9s de un software de PC gratuito. Adem\u00e1s, se pueden optimizar y documentar todos los par\u00e1metros pertinentes para el ajuste del rango de medici\u00f3n.<\/p>\n<p>Los sensores de nivel de la serie i se pueden integrar f\u00e1cilmente a los sistemas de conducci\u00f3n de procesos existentes.<\/p>\n<p>La salida estandarizada de lecturas permite la conexi\u00f3n directa a un PLC, sin la necesidad de realizar tareas de programaci\u00f3n adicionales.<\/p>\n<h3>Datos t\u00e9cnicos<\/h3>\n<table>\n<tbody>\n<tr>\n<td colspan=\"2\"><b>General<\/b><\/td>\n<\/tr>\n<tr>\n<td><span style=\"font-weight: 400;\">Fuente de alimentaci\u00f3n<\/span><\/td>\n<td><span style=\"font-weight: 400;\">10 &#8211; 28 [VDC]<\/span><\/td>\n<\/tr>\n<tr>\n<td><span style=\"font-weight: 400;\">Material de la carcasa<\/span><\/td>\n<td><span style=\"font-weight: 400;\">Valox 357 PBT PVDF (opcional).<\/span><\/td>\n<\/tr>\n<tr>\n<td><span style=\"font-weight: 400;\">Conexi\u00f3n al proceso<\/span><\/td>\n<td><span style=\"font-weight: 400;\">1&#8243; BSP\/NPT est\u00e1ndar.<\/span><\/td>\n<\/tr>\n<tr>\n<td><span style=\"font-weight: 400;\">Protecci\u00f3n<\/span><\/td>\n<td><span style=\"font-weight: 400;\">IP 68 (5 [Bar])<\/span><\/td>\n<\/tr>\n<tr>\n<td><span style=\"font-weight: 400;\">Aprobaci\u00f3n para uso en entornos explosivos<\/span><\/td>\n<td><span style=\"font-weight: 400;\">II 2 GD Ex m IIC T4<\/span><span style=\"font-weight: 400;\"><br \/>\n<\/span><span style=\"font-weight: 400;\">II 1 GD Ex ia IIC T4<\/span><\/td>\n<\/tr>\n<tr>\n<td><span style=\"font-weight: 400;\">Largos del cable<\/span><\/td>\n<td><span style=\"font-weight: 400;\">5, 10, 20, 30, 50 o 100 m; se pueden solicitar otros largos a pedido.<\/span><\/td>\n<\/tr>\n<tr>\n<td><span style=\"font-weight: 400;\">Procesamiento de eco<\/span><\/td>\n<td><span style=\"font-weight: 400;\">Supresi\u00f3n autom\u00e1tica e inteligente de eco.<\/span><\/td>\n<\/tr>\n<tr>\n<td><span style=\"font-weight: 400;\">Salidas<\/span><\/td>\n<td><span style=\"font-weight: 400;\">4 &#8211; 20 mA (3,8 &#8211; 22 mA, 2-hilos) HART\u00ae (para programar con software NIVUS).<\/span><\/td>\n<\/tr>\n<tr>\n<td><span style=\"font-weight: 400;\">Funciones<\/span><\/td>\n<td><span style=\"font-weight: 400;\">Nivel, distancia, espacio vac\u00edo, volumen y linealizaci\u00f3n con 16 puntos de interrupci\u00f3n.<\/span><\/td>\n<\/tr>\n<tr>\n<td><span style=\"font-weight: 400;\">Configuraci\u00f3n<\/span><\/td>\n<td><span style=\"font-weight: 400;\">Software de PC para el ajuste de par\u00e1metros, la evaluaci\u00f3n de eco, la linealizaci\u00f3n y la evasi\u00f3n del eco falso.<\/span><\/td>\n<\/tr>\n<tr>\n<td><span style=\"font-weight: 400;\">Tiempo de arranque<\/span><\/td>\n<td><span style=\"font-weight: 400;\">Generalmente 4 segundos.<\/span><\/td>\n<\/tr>\n<\/tbody>\n<\/table>\n<p><span style=\"font-weight: 400;\">Las especificaciones est\u00e1n sujetas a cambios.<\/span><\/p>\n<h3>Descargas<\/h3>\n<ul>\n<li><a href=\"https:\/\/dos20.cl\/wp-content\/uploads\/2021\/03\/NMI-BA-00-en_CE-2021-01-19.pdf\"><b>MANUAL<\/b><\/a><\/li>\n<\/ul>\n","protected":false},"excerpt":{"rendered":"<h4>Sensores inteligentes para la medici\u00f3n de nivel<\/h4>\n<p>Sensores ultras\u00f3nicos con transmisor integrado para la medici\u00f3n de distancia, nivel, espacio vac\u00edo o vol\u00famenes. Apto para condiciones ambientales adversas.<\/p>\n","protected":false},"featured_media":16212,"template":"","meta":{"site-sidebar-layout":"default","site-content-layout":"","ast-site-content-layout":"default","site-content-style":"default","site-sidebar-style":"default","ast-global-header-display":"","ast-banner-title-visibility":"","ast-main-header-display":"","ast-hfb-above-header-display":"","ast-hfb-below-header-display":"","ast-hfb-mobile-header-display":"","site-post-title":"","ast-breadcrumbs-content":"","ast-featured-img":"","footer-sml-layout":"","theme-transparent-header-meta":"default","adv-header-id-meta":"","stick-header-meta":"","header-above-stick-meta":"","header-main-stick-meta":"","header-below-stick-meta":"","astra-migrate-meta-layouts":"set","ast-page-background-enabled":"default","ast-page-background-meta":{"desktop":{"background-color":"var(--ast-global-color-4)","background-image":"","background-repeat":"repeat","background-position":"center center","background-size":"auto","background-attachment":"scroll","background-type":"","background-media":"","overlay-type":"","overlay-color":"","overlay-opacity":"","overlay-gradient":""},"tablet":{"background-color":"","background-image":"","background-repeat":"repeat","background-position":"center center","background-size":"auto","background-attachment":"scroll","background-type":"","background-media":"","overlay-type":"","overlay-color":"","overlay-opacity":"","overlay-gradient":""},"mobile":{"background-color":"","background-image":"","background-repeat":"repeat","background-position":"center center","background-size":"auto","background-attachment":"scroll","background-type":"","background-media":"","overlay-type":"","overlay-color":"","overlay-opacity":"","overlay-gradient":""}},"ast-content-background-meta":{"desktop":{"background-color":"var(--ast-global-color-5)","background-image":"","background-repeat":"repeat","background-position":"center center","background-size":"auto","background-attachment":"scroll","background-type":"","background-media":"","overlay-type":"","overlay-color":"","overlay-opacity":"","overlay-gradient":""},"tablet":{"background-color":"var(--ast-global-color-5)","background-image":"","background-repeat":"repeat","background-position":"center center","background-size":"auto","background-attachment":"scroll","background-type":"","background-media":"","overlay-type":"","overlay-color":"","overlay-opacity":"","overlay-gradient":""},"mobile":{"background-color":"var(--ast-global-color-5)","background-image":"","background-repeat":"repeat","background-position":"center center","background-size":"auto","background-attachment":"scroll","background-type":"","background-media":"","overlay-type":"","overlay-color":"","overlay-opacity":"","overlay-gradient":""}}},"product_brand":[177],"product_cat":[49,139],"product_tag":[235,207],"class_list":{"0":"post-16210","1":"product","2":"type-product","3":"status-publish","4":"has-post-thumbnail","6":"product_brand-nivus","7":"product_cat-sensores","8":"product_cat-sensores-ultrasonicos","9":"product_tag-hart","10":"product_tag-sensor-ultrasonico","11":"desktop-align-center","12":"tablet-align-left","13":"mobile-align-left","15":"first","16":"instock","17":"shipping-taxable","18":"purchasable","19":"product-type-simple"},"_links":{"self":[{"href":"https:\/\/dos20.cl\/index.php?rest_route=\/wp\/v2\/product\/16210","targetHints":{"allow":["GET"]}}],"collection":[{"href":"https:\/\/dos20.cl\/index.php?rest_route=\/wp\/v2\/product"}],"about":[{"href":"https:\/\/dos20.cl\/index.php?rest_route=\/wp\/v2\/types\/product"}],"wp:featuredmedia":[{"embeddable":true,"href":"https:\/\/dos20.cl\/index.php?rest_route=\/wp\/v2\/media\/16212"}],"wp:attachment":[{"href":"https:\/\/dos20.cl\/index.php?rest_route=%2Fwp%2Fv2%2Fmedia&parent=16210"}],"wp:term":[{"taxonomy":"product_brand","embeddable":true,"href":"https:\/\/dos20.cl\/index.php?rest_route=%2Fwp%2Fv2%2Fproduct_brand&post=16210"},{"taxonomy":"product_cat","embeddable":true,"href":"https:\/\/dos20.cl\/index.php?rest_route=%2Fwp%2Fv2%2Fproduct_cat&post=16210"},{"taxonomy":"product_tag","embeddable":true,"href":"https:\/\/dos20.cl\/index.php?rest_route=%2Fwp%2Fv2%2Fproduct_tag&post=16210"}],"curies":[{"name":"wp","href":"https:\/\/api.w.org\/{rel}","templated":true}]}}