{"id":16204,"date":"2021-03-15T21:59:55","date_gmt":"2021-03-15T21:59:55","guid":{"rendered":"https:\/\/dos20.cl\/?post_type=product&#038;p=16204"},"modified":"2026-03-18T12:17:39","modified_gmt":"2026-03-18T12:17:39","slug":"sensor-de-varilla-nos","status":"publish","type":"product","link":"https:\/\/dos20.cl\/?product=sensor-de-varilla-nos","title":{"rendered":"\ud83c\udde9\ud83c\uddea Nivus\u00ae Sensor de varilla NOS para NivuFlow 650"},"content":{"rendered":"<ul>\n<li>Sensor de tiempo de tr\u00e1nsito ultras\u00f3nico para conectar a NivuFlow 650.<\/li>\n<li>Hidrometr\u00eda con la m\u00e1s alta precisi\u00f3n en mediciones.<\/li>\n<li>Aprobaci\u00f3n de WRAS para algunas versiones.<\/li>\n<li>Medici\u00f3n en aguas limpias a levemente contaminadas.<\/li>\n<li>Para mediciones de 8 pares de acuerdo con IEC 60041 (ASME PTC 18).<\/li>\n<li>Medici\u00f3n en canales abiertos y en masas de agua superficiales.<\/li>\n<li>Fabricado con materiales resistentes para utilizar en distintos medios.<\/li>\n<li>Largo del cable de hasta 100 m entre el sensor y el transmisor o la caja adaptadora.<\/li>\n<li>Los sensores de varilla NOS forman parte de un sistema de medici\u00f3n fijo para la medici\u00f3n de caudales continuos y el almacenamiento de los datos de medici\u00f3n registrados. Se pueden utilizar en medios limpios a levemente contaminados. Debido a su construcci\u00f3n mec\u00e1nica, los sensores est\u00e1n hechos especialmente para utilizarse en canaletas semillenas con paredes verticales.<\/li>\n<\/ul>\n<p>Los soportes del sensor est\u00e1n dise\u00f1ados para poder instalar los sensores sobre el nivel del agua. Por lo tanto, no ser\u00e1 necesario bajar el nivel del agua ni tampoco contar con buzos.<\/p>\n<h3>Datos t\u00e9cnicos<\/h3>\n<div class=\"techdataset\">\n<table>\n<tbody>\n<tr>\n<th style=\"text-align: left;\" colspan=\"2\">General<\/th>\n<\/tr>\n<tr>\n<td>Principo de medici\u00f3n<\/td>\n<td>M\u00e9todo ultras\u00f3nico de tiempo de tr\u00e1nsito<\/td>\n<\/tr>\n<tr>\n<td>Incertidumbre de medici\u00f3n<\/td>\n<td>Velocidad del caudal (v promedio) \u00b1 0,1 % del valor de incertidumbre de medici\u00f3n dentro del par.<\/td>\n<\/tr>\n<tr>\n<td>Frecuencia de medici\u00f3n<\/td>\n<td>0,9 \u2013 1,2 MHz<\/td>\n<\/tr>\n<tr>\n<td>Protecci\u00f3n<\/td>\n<td>IP 68<\/td>\n<\/tr>\n<tr>\n<td>Temperatura operativa<\/td>\n<td>-10 \u00b0C a +50 \u00b0C<\/td>\n<\/tr>\n<tr>\n<td>Temperatura de almacenamiento<\/td>\n<td>-20 \u00b0C a +60 \u00b0C<\/td>\n<\/tr>\n<tr>\n<td>Pr\u00e9sion operativa<\/td>\n<td>Sin presi\u00f3n<\/td>\n<\/tr>\n<tr>\n<td>Largos del cable<\/td>\n<td>10\/15\/20\/30\/50\/100 m preconfigurados<\/td>\n<\/tr>\n<tr>\n<td>Gewicht (Sensorkopf)<\/td>\n<td>600 g aprox.<\/td>\n<\/tr>\n<tr>\n<td>Materiales que entran en contacto con el medio<\/td>\n<td>POM, carbono, acero inoxidable 1.4404.<\/td>\n<\/tr>\n<\/tbody>\n<\/table>\n<\/div>\n<p>Las especificaciones est\u00e1n sujetas a cambios.<\/p>\n","protected":false},"excerpt":{"rendered":"<h4>Para \u00e1reas de medici\u00f3n con distintas geometr\u00edas<\/h4>\n<p>Para conectar a los transmisores NivuFlow 650. Medici\u00f3n de caudal de alta precisi\u00f3n basada en el m\u00e9todo de tiempo de tr\u00e1nsito para canales y aguas abiertas, principalmente canales de aguas de procesos y masas de agua naturales.<\/p>\n","protected":false},"featured_media":16209,"template":"","meta":{"site-sidebar-layout":"default","site-content-layout":"","ast-site-content-layout":"default","site-content-style":"default","site-sidebar-style":"default","ast-global-header-display":"","ast-banner-title-visibility":"","ast-main-header-display":"","ast-hfb-above-header-display":"","ast-hfb-below-header-display":"","ast-hfb-mobile-header-display":"","site-post-title":"","ast-breadcrumbs-content":"","ast-featured-img":"","footer-sml-layout":"","theme-transparent-header-meta":"default","adv-header-id-meta":"","stick-header-meta":"","header-above-stick-meta":"","header-main-stick-meta":"","header-below-stick-meta":"","astra-migrate-meta-layouts":"set","ast-page-background-enabled":"default","ast-page-background-meta":{"desktop":{"background-color":"var(--ast-global-color-4)","background-image":"","background-repeat":"repeat","background-position":"center center","background-size":"auto","background-attachment":"scroll","background-type":"","background-media":"","overlay-type":"","overlay-color":"","overlay-opacity":"","overlay-gradient":""},"tablet":{"background-color":"","background-image":"","background-repeat":"repeat","background-position":"center center","background-size":"auto","background-attachment":"scroll","background-type":"","background-media":"","overlay-type":"","overlay-color":"","overlay-opacity":"","overlay-gradient":""},"mobile":{"background-color":"","background-image":"","background-repeat":"repeat","background-position":"center center","background-size":"auto","background-attachment":"scroll","background-type":"","background-media":"","overlay-type":"","overlay-color":"","overlay-opacity":"","overlay-gradient":""}},"ast-content-background-meta":{"desktop":{"background-color":"var(--ast-global-color-5)","background-image":"","background-repeat":"repeat","background-position":"center center","background-size":"auto","background-attachment":"scroll","background-type":"","background-media":"","overlay-type":"","overlay-color":"","overlay-opacity":"","overlay-gradient":""},"tablet":{"background-color":"var(--ast-global-color-5)","background-image":"","background-repeat":"repeat","background-position":"center center","background-size":"auto","background-attachment":"scroll","background-type":"","background-media":"","overlay-type":"","overlay-color":"","overlay-opacity":"","overlay-gradient":""},"mobile":{"background-color":"var(--ast-global-color-5)","background-image":"","background-repeat":"repeat","background-position":"center center","background-size":"auto","background-attachment":"scroll","background-type":"","background-media":"","overlay-type":"","overlay-color":"","overlay-opacity":"","overlay-gradient":""}}},"product_brand":[177],"product_cat":[49,139],"product_tag":[207,187],"class_list":{"0":"post-16204","1":"product","2":"type-product","3":"status-publish","4":"has-post-thumbnail","6":"product_brand-nivus","7":"product_cat-sensores","8":"product_cat-sensores-ultrasonicos","9":"product_tag-sensor-ultrasonico","10":"product_tag-tiempo-de-transito","11":"desktop-align-center","12":"tablet-align-left","13":"mobile-align-left","15":"first","16":"instock","17":"shipping-taxable","18":"purchasable","19":"product-type-simple"},"_links":{"self":[{"href":"https:\/\/dos20.cl\/index.php?rest_route=\/wp\/v2\/product\/16204","targetHints":{"allow":["GET"]}}],"collection":[{"href":"https:\/\/dos20.cl\/index.php?rest_route=\/wp\/v2\/product"}],"about":[{"href":"https:\/\/dos20.cl\/index.php?rest_route=\/wp\/v2\/types\/product"}],"wp:featuredmedia":[{"embeddable":true,"href":"https:\/\/dos20.cl\/index.php?rest_route=\/wp\/v2\/media\/16209"}],"wp:attachment":[{"href":"https:\/\/dos20.cl\/index.php?rest_route=%2Fwp%2Fv2%2Fmedia&parent=16204"}],"wp:term":[{"taxonomy":"product_brand","embeddable":true,"href":"https:\/\/dos20.cl\/index.php?rest_route=%2Fwp%2Fv2%2Fproduct_brand&post=16204"},{"taxonomy":"product_cat","embeddable":true,"href":"https:\/\/dos20.cl\/index.php?rest_route=%2Fwp%2Fv2%2Fproduct_cat&post=16204"},{"taxonomy":"product_tag","embeddable":true,"href":"https:\/\/dos20.cl\/index.php?rest_route=%2Fwp%2Fv2%2Fproduct_tag&post=16204"}],"curies":[{"name":"wp","href":"https:\/\/api.w.org\/{rel}","templated":true}]}}