{"id":16188,"date":"2021-03-15T21:33:37","date_gmt":"2021-03-15T21:33:37","guid":{"rendered":"https:\/\/dos20.cl\/?post_type=product&#038;p=16188"},"modified":"2026-03-18T12:17:56","modified_gmt":"2026-03-18T12:17:56","slug":"sensor-de-abrazadera-nic","status":"publish","type":"product","link":"https:\/\/dos20.cl\/?product=sensor-de-abrazadera-nic","title":{"rendered":"\ud83c\udde9\ud83c\uddea Nivus\u00ae Sensor Clamp-on NIC para NivuFlow 600"},"content":{"rendered":"<p>Los sensores ultras\u00f3nicos de abrazadera se pueden utilizar en medios limpios a levemente contaminados.<\/p>\n<p>Los sensores de este caudal\u00edmetro sin contacto se utilizan para la medici\u00f3n de caudal en tuber\u00edas llenas de varias dimensiones (desde 80 hasta 6000mm de di\u00e1metro).<\/p>\n<p>Gracias al dise\u00f1o de abrazadera no existe el contacto entre el sensor y el medio de medici\u00f3n. Por lo tanto, aplica para los medios de altas presiones, como tambi\u00e9n para los agresivos y abrasivos.<\/p>\n<p>Las lecturas se detectan en base al principio ultras\u00f3nico del tiempo de tr\u00e1nsito que permite un uso vers\u00e1til con resultados de medici\u00f3n de alta precisi\u00f3n. Utilizando una mayor cantidad de pares de sensores (hasta 32 pares) se puede lograr una precisi\u00f3n mucho mayor.<\/p>\n<p>&nbsp;<\/p>\n<p><iframe title=\"YouTube video player\" src=\"https:\/\/www.youtube.com\/embed\/6b2402Ol8N8\" width=\"560\" height=\"315\" frameborder=\"0\" allowfullscreen=\"allowfullscreen\"><\/iframe><\/p>\n","protected":false},"excerpt":{"rendered":"<p>Los sensores ultras\u00f3nicos de abrazadera se pueden utilizar en medios limpios a levemente contaminados. Los sensores de este caudal\u00edmetro sin [&hellip;]<\/p>\n","protected":false},"featured_media":16192,"template":"","meta":{"site-sidebar-layout":"default","site-content-layout":"","ast-site-content-layout":"default","site-content-style":"default","site-sidebar-style":"default","ast-global-header-display":"","ast-banner-title-visibility":"","ast-main-header-display":"","ast-hfb-above-header-display":"","ast-hfb-below-header-display":"","ast-hfb-mobile-header-display":"","site-post-title":"","ast-breadcrumbs-content":"","ast-featured-img":"","footer-sml-layout":"","theme-transparent-header-meta":"default","adv-header-id-meta":"","stick-header-meta":"","header-above-stick-meta":"","header-main-stick-meta":"","header-below-stick-meta":"","astra-migrate-meta-layouts":"set","ast-page-background-enabled":"default","ast-page-background-meta":{"desktop":{"background-color":"var(--ast-global-color-4)","background-image":"","background-repeat":"repeat","background-position":"center center","background-size":"auto","background-attachment":"scroll","background-type":"","background-media":"","overlay-type":"","overlay-color":"","overlay-opacity":"","overlay-gradient":""},"tablet":{"background-color":"","background-image":"","background-repeat":"repeat","background-position":"center center","background-size":"auto","background-attachment":"scroll","background-type":"","background-media":"","overlay-type":"","overlay-color":"","overlay-opacity":"","overlay-gradient":""},"mobile":{"background-color":"","background-image":"","background-repeat":"repeat","background-position":"center center","background-size":"auto","background-attachment":"scroll","background-type":"","background-media":"","overlay-type":"","overlay-color":"","overlay-opacity":"","overlay-gradient":""}},"ast-content-background-meta":{"desktop":{"background-color":"var(--ast-global-color-5)","background-image":"","background-repeat":"repeat","background-position":"center center","background-size":"auto","background-attachment":"scroll","background-type":"","background-media":"","overlay-type":"","overlay-color":"","overlay-opacity":"","overlay-gradient":""},"tablet":{"background-color":"var(--ast-global-color-5)","background-image":"","background-repeat":"repeat","background-position":"center center","background-size":"auto","background-attachment":"scroll","background-type":"","background-media":"","overlay-type":"","overlay-color":"","overlay-opacity":"","overlay-gradient":""},"mobile":{"background-color":"var(--ast-global-color-5)","background-image":"","background-repeat":"repeat","background-position":"center center","background-size":"auto","background-attachment":"scroll","background-type":"","background-media":"","overlay-type":"","overlay-color":"","overlay-opacity":"","overlay-gradient":""}}},"product_brand":[177],"product_cat":[49,139],"product_tag":[209,207],"class_list":{"0":"post-16188","1":"product","2":"type-product","3":"status-publish","4":"has-post-thumbnail","6":"product_brand-nivus","7":"product_cat-sensores","8":"product_cat-sensores-ultrasonicos","9":"product_tag-clamp-on","10":"product_tag-sensor-ultrasonico","11":"desktop-align-center","12":"tablet-align-left","13":"mobile-align-left","15":"first","16":"instock","17":"shipping-taxable","18":"purchasable","19":"product-type-simple"},"_links":{"self":[{"href":"https:\/\/dos20.cl\/index.php?rest_route=\/wp\/v2\/product\/16188","targetHints":{"allow":["GET"]}}],"collection":[{"href":"https:\/\/dos20.cl\/index.php?rest_route=\/wp\/v2\/product"}],"about":[{"href":"https:\/\/dos20.cl\/index.php?rest_route=\/wp\/v2\/types\/product"}],"wp:featuredmedia":[{"embeddable":true,"href":"https:\/\/dos20.cl\/index.php?rest_route=\/wp\/v2\/media\/16192"}],"wp:attachment":[{"href":"https:\/\/dos20.cl\/index.php?rest_route=%2Fwp%2Fv2%2Fmedia&parent=16188"}],"wp:term":[{"taxonomy":"product_brand","embeddable":true,"href":"https:\/\/dos20.cl\/index.php?rest_route=%2Fwp%2Fv2%2Fproduct_brand&post=16188"},{"taxonomy":"product_cat","embeddable":true,"href":"https:\/\/dos20.cl\/index.php?rest_route=%2Fwp%2Fv2%2Fproduct_cat&post=16188"},{"taxonomy":"product_tag","embeddable":true,"href":"https:\/\/dos20.cl\/index.php?rest_route=%2Fwp%2Fv2%2Fproduct_tag&post=16188"}],"curies":[{"name":"wp","href":"https:\/\/api.w.org\/{rel}","templated":true}]}}