{"id":16187,"date":"2021-03-15T21:27:56","date_gmt":"2021-03-15T21:27:56","guid":{"rendered":"https:\/\/dos20.cl\/?post_type=product&#038;p=16187"},"modified":"2026-03-18T12:20:58","modified_gmt":"2026-03-18T12:20:58","slug":"dsm-sensor-ultrasonico-de-aire","status":"publish","type":"product","link":"https:\/\/dos20.cl\/?product=dsm-sensor-ultrasonico-de-aire","title":{"rendered":"\ud83c\udde9\ud83c\uddea Nivus\u00ae DSM sensor ultras\u00f3nico de nivel de aire para NivuFlow Mobile 750"},"content":{"rendered":"<p>Conexi\u00f3n directa del sensor a transmisores de flujo tales como NivuFlow Mobile 750<\/p>\n<ul>\n<li>Altura de construcci\u00f3n peque\u00f1a<\/li>\n<li>Zona muerta baja<\/li>\n<li>Procesamiento digital de eco y linealizaci\u00f3n \u00c1ngulo de haz estrecho<\/li>\n<li>Construcci\u00f3n optimizada para tuber\u00edas peque\u00f1as<\/li>\n<li>Instalaci\u00f3n f\u00e1cil usando un sistema de montaje de tuber\u00eda o\u00a0 usando pernos<\/li>\n<li>Ver los perfiles de eco en el transmisor<\/li>\n<li>Construcci\u00f3n optimizada para tuber\u00eda peque\u00f1as<\/li>\n<li>Compensaci\u00f3n de temperatura integrada<\/li>\n<li>Aprobaci\u00f3n ATEX para Ex-Zone 1<\/li>\n<\/ul>\n<p>El sensor de aire compacto ultras\u00f3nico Tipo DSM ha sido desarrollado para la conexi\u00f3n directa a transmisores de flujo\u00a0 NivuFlow Mobile 750.<br \/>\nGracias a su construcci\u00f3n delgada, es ideal para usar en la corona de tuber\u00edas peque\u00f1as y grandes, en techos de canales u otras construcciones.<br \/>\nLa zona muerta baja permite medir niveles variables en aplicaciones de flujo casi hasta el llenado completo. La medici\u00f3n de temperatura integrada garantiza precisiones muy altas en todo el rango de medici\u00f3n muy amplio.<br \/>\nLa aprobaci\u00f3n ATEX en Ex Zone 1 es una caracter\u00edstica est\u00e1ndar.<\/p>\n<h3>Datos t\u00e9cnicos<\/h3>\n<table>\n<tbody>\n<tr>\n<td colspan=\"2\"><b>Sensor de nivel, tipo DSM<\/b><\/td>\n<\/tr>\n<tr>\n<td><span style=\"font-weight: 400;\">Nivel del rango de medici\u00f3n<\/span><\/td>\n<td colspan=\"2\"><span style=\"font-weight: 400;\">0 a 200 cm<\/span><\/td>\n<\/tr>\n<tr>\n<td><span style=\"font-weight: 400;\">Distancia de bloqueo (de la placa de montaje)<\/span><\/td>\n<td colspan=\"2\"><span style=\"font-weight: 400;\">4 cm<\/span><\/td>\n<\/tr>\n<tr>\n<td><span style=\"font-weight: 400;\">Incertidumbre de medici\u00f3n<\/span><\/td>\n<td colspan=\"2\"><span style=\"font-weight: 400;\">&lt; +\/- 0,5% del rango de medici\u00f3n o +\/- 5 mm del valor medido (se aplica el valor m\u00e1s alto)<\/span><\/td>\n<\/tr>\n<tr>\n<td><span style=\"font-weight: 400;\">Variaci\u00f3n del punto cero<\/span><\/td>\n<td colspan=\"2\"><span style=\"font-weight: 400;\">Estabilidad absoluta del punto cero<\/span><\/td>\n<\/tr>\n<tr>\n<td><span style=\"font-weight: 400;\">Materiales que entran en contacto con el medio<\/span><\/td>\n<td colspan=\"2\"><span style=\"font-weight: 400;\">Poliuretano, acero inoxidable 1.4571, PPO GF30, PA<\/span><\/td>\n<\/tr>\n<\/tbody>\n<\/table>\n<p>&nbsp;<\/p>\n<h3>Descarga<\/h3>\n<ul>\n<li style=\"font-weight: 400;\" aria-level=\"1\"><a href=\"https:\/\/dos20.cl\/wp-content\/uploads\/2021\/03\/s-as-TechnInstruction-09-en-1.pdf\"><strong>Instrucciones T\u00e9cnicas<\/strong><\/a><\/li>\n<\/ul>\n","protected":false},"excerpt":{"rendered":"<h4>Para medir nivel en combinaci\u00f3n con la medici\u00f3n de caudal<\/h4>\n<p>Sensor ultras\u00f3nico de aire inteligente para conexi\u00f3n a transmisores de flujo como NivuFlow Mobile 750 para medici\u00f3n de nivel sin contacto en lugares de medici\u00f3n de caudal parcialmente llenos.<\/p>\n","protected":false},"featured_media":16191,"template":"","meta":{"site-sidebar-layout":"default","site-content-layout":"","ast-site-content-layout":"default","site-content-style":"default","site-sidebar-style":"default","ast-global-header-display":"","ast-banner-title-visibility":"","ast-main-header-display":"","ast-hfb-above-header-display":"","ast-hfb-below-header-display":"","ast-hfb-mobile-header-display":"","site-post-title":"","ast-breadcrumbs-content":"","ast-featured-img":"","footer-sml-layout":"","theme-transparent-header-meta":"default","adv-header-id-meta":"","stick-header-meta":"","header-above-stick-meta":"","header-main-stick-meta":"","header-below-stick-meta":"","astra-migrate-meta-layouts":"set","ast-page-background-enabled":"default","ast-page-background-meta":{"desktop":{"background-color":"var(--ast-global-color-4)","background-image":"","background-repeat":"repeat","background-position":"center center","background-size":"auto","background-attachment":"scroll","background-type":"","background-media":"","overlay-type":"","overlay-color":"","overlay-opacity":"","overlay-gradient":""},"tablet":{"background-color":"","background-image":"","background-repeat":"repeat","background-position":"center center","background-size":"auto","background-attachment":"scroll","background-type":"","background-media":"","overlay-type":"","overlay-color":"","overlay-opacity":"","overlay-gradient":""},"mobile":{"background-color":"","background-image":"","background-repeat":"repeat","background-position":"center center","background-size":"auto","background-attachment":"scroll","background-type":"","background-media":"","overlay-type":"","overlay-color":"","overlay-opacity":"","overlay-gradient":""}},"ast-content-background-meta":{"desktop":{"background-color":"var(--ast-global-color-5)","background-image":"","background-repeat":"repeat","background-position":"center center","background-size":"auto","background-attachment":"scroll","background-type":"","background-media":"","overlay-type":"","overlay-color":"","overlay-opacity":"","overlay-gradient":""},"tablet":{"background-color":"var(--ast-global-color-5)","background-image":"","background-repeat":"repeat","background-position":"center center","background-size":"auto","background-attachment":"scroll","background-type":"","background-media":"","overlay-type":"","overlay-color":"","overlay-opacity":"","overlay-gradient":""},"mobile":{"background-color":"var(--ast-global-color-5)","background-image":"","background-repeat":"repeat","background-position":"center center","background-size":"auto","background-attachment":"scroll","background-type":"","background-media":"","overlay-type":"","overlay-color":"","overlay-opacity":"","overlay-gradient":""}}},"product_brand":[177],"product_cat":[49,139],"product_tag":[241,207],"class_list":{"0":"post-16187","1":"product","2":"type-product","3":"status-publish","4":"has-post-thumbnail","6":"product_brand-nivus","7":"product_cat-sensores","8":"product_cat-sensores-ultrasonicos","9":"product_tag-sensor-de-aire","10":"product_tag-sensor-ultrasonico","11":"desktop-align-center","12":"tablet-align-left","13":"mobile-align-left","15":"first","16":"instock","17":"shipping-taxable","18":"purchasable","19":"product-type-simple"},"_links":{"self":[{"href":"https:\/\/dos20.cl\/index.php?rest_route=\/wp\/v2\/product\/16187","targetHints":{"allow":["GET"]}}],"collection":[{"href":"https:\/\/dos20.cl\/index.php?rest_route=\/wp\/v2\/product"}],"about":[{"href":"https:\/\/dos20.cl\/index.php?rest_route=\/wp\/v2\/types\/product"}],"wp:featuredmedia":[{"embeddable":true,"href":"https:\/\/dos20.cl\/index.php?rest_route=\/wp\/v2\/media\/16191"}],"wp:attachment":[{"href":"https:\/\/dos20.cl\/index.php?rest_route=%2Fwp%2Fv2%2Fmedia&parent=16187"}],"wp:term":[{"taxonomy":"product_brand","embeddable":true,"href":"https:\/\/dos20.cl\/index.php?rest_route=%2Fwp%2Fv2%2Fproduct_brand&post=16187"},{"taxonomy":"product_cat","embeddable":true,"href":"https:\/\/dos20.cl\/index.php?rest_route=%2Fwp%2Fv2%2Fproduct_cat&post=16187"},{"taxonomy":"product_tag","embeddable":true,"href":"https:\/\/dos20.cl\/index.php?rest_route=%2Fwp%2Fv2%2Fproduct_tag&post=16187"}],"curies":[{"name":"wp","href":"https:\/\/api.w.org\/{rel}","templated":true}]}}