{"id":16186,"date":"2021-03-15T21:23:37","date_gmt":"2021-03-15T21:23:37","guid":{"rendered":"https:\/\/dos20.cl\/?post_type=product&#038;p=16186"},"modified":"2026-03-18T12:19:24","modified_gmt":"2026-03-18T12:19:24","slug":"ocl-sensor-ultrasonico-de-aire","status":"publish","type":"product","link":"https:\/\/dos20.cl\/?product=ocl-sensor-ultrasonico-de-aire","title":{"rendered":"\ud83c\udde9\ud83c\uddea Nivus\u00ae OCL sensor ultras\u00f3nico de nivel de aire para NivuFlow 750"},"content":{"rendered":"<p>El sensor de nivel de ultrasonido de aire compacto Tipo OCL ha sido desarrollado para la conexi\u00f3n directa a transmisores de flujo permanentes tales como NivuFlow 750.<\/p>\n<p>Gracias a su construcci\u00f3n delgada, es ideal para usar en la parte m\u00e1s alta de las tuber\u00edas peque\u00f1as y grandes, en techos de canales u otras construcciones.<\/p>\n<p>La zona muerta baja permite medir niveles variables en aplicaciones de flujo casi hasta el llenado completo. La medici\u00f3n de temperatura integrada garantiza precisiones muy altas en todo el rango de medici\u00f3n.<\/p>\n<p>Posee aprobaci\u00f3n ATEX en Ex Zone 1.<\/p>\n","protected":false},"excerpt":{"rendered":"<h4>Para medir nivel en combinaci\u00f3n con la medici\u00f3n de caudal<\/h4>\n<p>Sensor ultras\u00f3nico de aire inteligente para conexi\u00f3n a transmisores de flujo como NivuFlow 750, OCM Pro y PCM para medici\u00f3n de nivel sin contacto en lugares de medici\u00f3n de caudal parcialmente llenos.<\/p>\n","protected":false},"featured_media":16190,"template":"","meta":{"site-sidebar-layout":"default","site-content-layout":"","ast-site-content-layout":"default","site-content-style":"default","site-sidebar-style":"default","ast-global-header-display":"","ast-banner-title-visibility":"","ast-main-header-display":"","ast-hfb-above-header-display":"","ast-hfb-below-header-display":"","ast-hfb-mobile-header-display":"","site-post-title":"","ast-breadcrumbs-content":"","ast-featured-img":"","footer-sml-layout":"","theme-transparent-header-meta":"default","adv-header-id-meta":"","stick-header-meta":"","header-above-stick-meta":"","header-main-stick-meta":"","header-below-stick-meta":"","astra-migrate-meta-layouts":"set","ast-page-background-enabled":"default","ast-page-background-meta":{"desktop":{"background-color":"var(--ast-global-color-4)","background-image":"","background-repeat":"repeat","background-position":"center center","background-size":"auto","background-attachment":"scroll","background-type":"","background-media":"","overlay-type":"","overlay-color":"","overlay-opacity":"","overlay-gradient":""},"tablet":{"background-color":"","background-image":"","background-repeat":"repeat","background-position":"center center","background-size":"auto","background-attachment":"scroll","background-type":"","background-media":"","overlay-type":"","overlay-color":"","overlay-opacity":"","overlay-gradient":""},"mobile":{"background-color":"","background-image":"","background-repeat":"repeat","background-position":"center center","background-size":"auto","background-attachment":"scroll","background-type":"","background-media":"","overlay-type":"","overlay-color":"","overlay-opacity":"","overlay-gradient":""}},"ast-content-background-meta":{"desktop":{"background-color":"var(--ast-global-color-5)","background-image":"","background-repeat":"repeat","background-position":"center center","background-size":"auto","background-attachment":"scroll","background-type":"","background-media":"","overlay-type":"","overlay-color":"","overlay-opacity":"","overlay-gradient":""},"tablet":{"background-color":"var(--ast-global-color-5)","background-image":"","background-repeat":"repeat","background-position":"center center","background-size":"auto","background-attachment":"scroll","background-type":"","background-media":"","overlay-type":"","overlay-color":"","overlay-opacity":"","overlay-gradient":""},"mobile":{"background-color":"var(--ast-global-color-5)","background-image":"","background-repeat":"repeat","background-position":"center center","background-size":"auto","background-attachment":"scroll","background-type":"","background-media":"","overlay-type":"","overlay-color":"","overlay-opacity":"","overlay-gradient":""}}},"product_brand":[177],"product_cat":[49,139],"product_tag":[241,207],"class_list":{"0":"post-16186","1":"product","2":"type-product","3":"status-publish","4":"has-post-thumbnail","6":"product_brand-nivus","7":"product_cat-sensores","8":"product_cat-sensores-ultrasonicos","9":"product_tag-sensor-de-aire","10":"product_tag-sensor-ultrasonico","11":"desktop-align-center","12":"tablet-align-left","13":"mobile-align-left","15":"first","16":"instock","17":"shipping-taxable","18":"purchasable","19":"product-type-simple"},"_links":{"self":[{"href":"https:\/\/dos20.cl\/index.php?rest_route=\/wp\/v2\/product\/16186","targetHints":{"allow":["GET"]}}],"collection":[{"href":"https:\/\/dos20.cl\/index.php?rest_route=\/wp\/v2\/product"}],"about":[{"href":"https:\/\/dos20.cl\/index.php?rest_route=\/wp\/v2\/types\/product"}],"wp:featuredmedia":[{"embeddable":true,"href":"https:\/\/dos20.cl\/index.php?rest_route=\/wp\/v2\/media\/16190"}],"wp:attachment":[{"href":"https:\/\/dos20.cl\/index.php?rest_route=%2Fwp%2Fv2%2Fmedia&parent=16186"}],"wp:term":[{"taxonomy":"product_brand","embeddable":true,"href":"https:\/\/dos20.cl\/index.php?rest_route=%2Fwp%2Fv2%2Fproduct_brand&post=16186"},{"taxonomy":"product_cat","embeddable":true,"href":"https:\/\/dos20.cl\/index.php?rest_route=%2Fwp%2Fv2%2Fproduct_cat&post=16186"},{"taxonomy":"product_tag","embeddable":true,"href":"https:\/\/dos20.cl\/index.php?rest_route=%2Fwp%2Fv2%2Fproduct_tag&post=16186"}],"curies":[{"name":"wp","href":"https:\/\/api.w.org\/{rel}","templated":true}]}}