{"id":16119,"date":"2021-03-15T11:10:41","date_gmt":"2021-03-15T11:10:41","guid":{"rendered":"https:\/\/dos20.cl\/?post_type=product&#038;p=16119"},"modified":"2026-03-18T12:28:52","modified_gmt":"2026-03-18T12:28:52","slug":"caudalimetro-nfp","status":"publish","type":"product","link":"https:\/\/dos20.cl\/?product=caudalimetro-nfp","title":{"rendered":"\ud83c\udde9\ud83c\uddea Transmisor NIVUS\u00ae NivuFlow &#8211; Caudal\u00edmetro Nivus (NFP) para tuber\u00edas llenas"},"content":{"rendered":"<p>El Caudal\u00edmetro NFP (NIVU Full Pipe), por su reducido costo de instalaci\u00f3n y mantenci\u00f3n, es una alternativa econ\u00f3mica a los medidores magn\u00e9ticos, para la medici\u00f3n continua de caudal en medios levemente a altamente contaminados en tuber\u00edas llenas desde 100mm hasta 800mm de di\u00e1metro.<\/p>\n<p>Mediante sensor un sensor de velocidad de inserci\u00f3n (modelo POA) y accesorios de NIVUS correspondientes, se obtiene una instalaci\u00f3n y mantenimiento a un bajo costo, ya que, se puede realizar sin necesidad de detener el proceso, ni utilizar l\u00edneas de <em>bypass<\/em> (utilizando el m\u00e9todo de <em>Hot Tapping<\/em>).<\/p>\n<p>Gracias al principio de medici\u00f3n por Correlaci\u00f3n Cruzada, logra una excelente precisi\u00f3n. Por lo tanto, el NFP es ideal para el reemplazo de sistemas EMF y otros sistemas de medici\u00f3n obsoletos o defectuosos sin necesidad de desmontar los caudal\u00edmetros existentes.<\/p>\n<p><strong>Instalaci\u00f3n de sensor de inserci\u00f3n.<\/strong><\/p>\n<p><iframe title=\"YouTube video player\" src=\"https:\/\/www.youtube.com\/embed\/XctzzWh0PVc\" width=\"560\" height=\"315\" frameborder=\"0\" allowfullscreen=\"allowfullscreen\"><\/iframe><\/p>\n<p><strong>Video de tecnolog\u00eda Correlaci\u00f3n Cruzada (\u00bfQu\u00e9 es la medici\u00f3n de caudal por correlaci\u00f3n cruzada?)<\/strong><\/p>\n<p><iframe title=\"YouTube video player\" src=\"https:\/\/www.youtube.com\/embed\/JetF_TLwDes\" width=\"560\" height=\"315\" frameborder=\"0\" allowfullscreen=\"allowfullscreen\"><\/iframe><\/p>\n","protected":false},"excerpt":{"rendered":"<h4>De alta precisi\u00f3n para tuber\u00edas llenas<\/h4>\n<p>Una alternativa econ\u00f3mica a los medidores EMF\/magn\u00e9ticos. Para la medici\u00f3n continua de caudal en medios levemente a altamente contaminados en tuber\u00edas llenas &lt;DN 800.<\/p>\n","protected":false},"featured_media":16120,"template":"","meta":{"site-sidebar-layout":"default","site-content-layout":"","ast-site-content-layout":"default","site-content-style":"default","site-sidebar-style":"default","ast-global-header-display":"","ast-banner-title-visibility":"","ast-main-header-display":"","ast-hfb-above-header-display":"","ast-hfb-below-header-display":"","ast-hfb-mobile-header-display":"","site-post-title":"","ast-breadcrumbs-content":"","ast-featured-img":"","footer-sml-layout":"","theme-transparent-header-meta":"default","adv-header-id-meta":"","stick-header-meta":"","header-above-stick-meta":"","header-main-stick-meta":"","header-below-stick-meta":"","astra-migrate-meta-layouts":"set","ast-page-background-enabled":"default","ast-page-background-meta":{"desktop":{"background-color":"var(--ast-global-color-4)","background-image":"","background-repeat":"repeat","background-position":"center center","background-size":"auto","background-attachment":"scroll","background-type":"","background-media":"","overlay-type":"","overlay-color":"","overlay-opacity":"","overlay-gradient":""},"tablet":{"background-color":"","background-image":"","background-repeat":"repeat","background-position":"center center","background-size":"auto","background-attachment":"scroll","background-type":"","background-media":"","overlay-type":"","overlay-color":"","overlay-opacity":"","overlay-gradient":""},"mobile":{"background-color":"","background-image":"","background-repeat":"repeat","background-position":"center center","background-size":"auto","background-attachment":"scroll","background-type":"","background-media":"","overlay-type":"","overlay-color":"","overlay-opacity":"","overlay-gradient":""}},"ast-content-background-meta":{"desktop":{"background-color":"var(--ast-global-color-5)","background-image":"","background-repeat":"repeat","background-position":"center center","background-size":"auto","background-attachment":"scroll","background-type":"","background-media":"","overlay-type":"","overlay-color":"","overlay-opacity":"","overlay-gradient":""},"tablet":{"background-color":"var(--ast-global-color-5)","background-image":"","background-repeat":"repeat","background-position":"center center","background-size":"auto","background-attachment":"scroll","background-type":"","background-media":"","overlay-type":"","overlay-color":"","overlay-opacity":"","overlay-gradient":""},"mobile":{"background-color":"var(--ast-global-color-5)","background-image":"","background-repeat":"repeat","background-position":"center center","background-size":"auto","background-attachment":"scroll","background-type":"","background-media":"","overlay-type":"","overlay-color":"","overlay-opacity":"","overlay-gradient":""}}},"product_brand":[177],"product_cat":[47,114],"product_tag":[232,160],"class_list":{"0":"post-16119","1":"product","2":"type-product","3":"status-publish","4":"has-post-thumbnail","6":"product_brand-nivus","7":"product_cat-flujometros","8":"product_cat-flujometro-area-velocidad-de-correlacion-cruzada-nivus","9":"product_tag-correlacion-cruzada","10":"product_tag-flujometro","11":"desktop-align-center","12":"tablet-align-left","13":"mobile-align-left","15":"first","16":"instock","17":"shipping-taxable","18":"purchasable","19":"product-type-simple"},"_links":{"self":[{"href":"https:\/\/dos20.cl\/index.php?rest_route=\/wp\/v2\/product\/16119","targetHints":{"allow":["GET"]}}],"collection":[{"href":"https:\/\/dos20.cl\/index.php?rest_route=\/wp\/v2\/product"}],"about":[{"href":"https:\/\/dos20.cl\/index.php?rest_route=\/wp\/v2\/types\/product"}],"wp:featuredmedia":[{"embeddable":true,"href":"https:\/\/dos20.cl\/index.php?rest_route=\/wp\/v2\/media\/16120"}],"wp:attachment":[{"href":"https:\/\/dos20.cl\/index.php?rest_route=%2Fwp%2Fv2%2Fmedia&parent=16119"}],"wp:term":[{"taxonomy":"product_brand","embeddable":true,"href":"https:\/\/dos20.cl\/index.php?rest_route=%2Fwp%2Fv2%2Fproduct_brand&post=16119"},{"taxonomy":"product_cat","embeddable":true,"href":"https:\/\/dos20.cl\/index.php?rest_route=%2Fwp%2Fv2%2Fproduct_cat&post=16119"},{"taxonomy":"product_tag","embeddable":true,"href":"https:\/\/dos20.cl\/index.php?rest_route=%2Fwp%2Fv2%2Fproduct_tag&post=16119"}],"curies":[{"name":"wp","href":"https:\/\/api.w.org\/{rel}","templated":true}]}}