{"id":16111,"date":"2021-03-15T10:53:59","date_gmt":"2021-03-15T10:53:59","guid":{"rendered":"https:\/\/dos20.cl\/?post_type=product&#038;p=16111"},"modified":"2026-03-18T20:10:50","modified_gmt":"2026-03-18T20:10:50","slug":"caudalimetro-nivuflow-750","status":"publish","type":"product","link":"https:\/\/dos20.cl\/?product=caudalimetro-nivuflow-750","title":{"rendered":"\ud83c\udde9\ud83c\uddea Transmisor NIVUS\u00ae NivuFlow 750 (NF750) para medici\u00f3n de caudal alta precisi\u00f3n en tuber\u00edas \/ canales"},"content":{"rendered":"<p>Caudal\u00edmetro NivuFlow 750 (NF750), de alta precisi\u00f3n y con operaci\u00f3n intuitiva para la medici\u00f3n de caudal de medios levemente a altamente contaminados en tuber\u00edas y canales semillenos y llenos. Ofrece los mejores resultados posibles en condiciones dif\u00edciles.<\/p>\n<p>Medici\u00f3n de \u00e1rea-velocidad, d\u00f3nde la velocidad es medida de manera directa mediante tecnolog\u00eda de correlaci\u00f3n cruzada (patentada por NIVUS), con la cual se puede obtener informaci\u00f3n de las velocidades hasta en 16 capas del perfil hidr\u00e1ulico, logrando as\u00ed un desempe\u00f1o inigualable comparado con cualquier otra tecnolog\u00eda.<\/p>\n","protected":false},"excerpt":{"rendered":"<p>De alta precisi\u00f3n y con operaci\u00f3n intuitiva.<\/p>\n<p>Para la medici\u00f3n ultras\u00f3nica de caudal de medios levemente a altamente contaminados en tuber\u00edas y canales semillenos y llenos. Ofrece los mejores resultados posibles en condiciones dif\u00edciles.<\/p>\n","protected":false},"featured_media":17979,"template":"","meta":{"site-sidebar-layout":"default","site-content-layout":"","ast-site-content-layout":"default","site-content-style":"default","site-sidebar-style":"default","ast-global-header-display":"","ast-banner-title-visibility":"","ast-main-header-display":"","ast-hfb-above-header-display":"","ast-hfb-below-header-display":"","ast-hfb-mobile-header-display":"","site-post-title":"","ast-breadcrumbs-content":"","ast-featured-img":"","footer-sml-layout":"","theme-transparent-header-meta":"default","adv-header-id-meta":"","stick-header-meta":"","header-above-stick-meta":"","header-main-stick-meta":"","header-below-stick-meta":"","astra-migrate-meta-layouts":"set","ast-page-background-enabled":"default","ast-page-background-meta":{"desktop":{"background-color":"var(--ast-global-color-4)","background-image":"","background-repeat":"repeat","background-position":"center center","background-size":"auto","background-attachment":"scroll","background-type":"","background-media":"","overlay-type":"","overlay-color":"","overlay-opacity":"","overlay-gradient":""},"tablet":{"background-color":"","background-image":"","background-repeat":"repeat","background-position":"center center","background-size":"auto","background-attachment":"scroll","background-type":"","background-media":"","overlay-type":"","overlay-color":"","overlay-opacity":"","overlay-gradient":""},"mobile":{"background-color":"","background-image":"","background-repeat":"repeat","background-position":"center center","background-size":"auto","background-attachment":"scroll","background-type":"","background-media":"","overlay-type":"","overlay-color":"","overlay-opacity":"","overlay-gradient":""}},"ast-content-background-meta":{"desktop":{"background-color":"var(--ast-global-color-5)","background-image":"","background-repeat":"repeat","background-position":"center center","background-size":"auto","background-attachment":"scroll","background-type":"","background-media":"","overlay-type":"","overlay-color":"","overlay-opacity":"","overlay-gradient":""},"tablet":{"background-color":"var(--ast-global-color-5)","background-image":"","background-repeat":"repeat","background-position":"center center","background-size":"auto","background-attachment":"scroll","background-type":"","background-media":"","overlay-type":"","overlay-color":"","overlay-opacity":"","overlay-gradient":""},"mobile":{"background-color":"var(--ast-global-color-5)","background-image":"","background-repeat":"repeat","background-position":"center center","background-size":"auto","background-attachment":"scroll","background-type":"","background-media":"","overlay-type":"","overlay-color":"","overlay-opacity":"","overlay-gradient":""}}},"product_brand":[177],"product_cat":[47,114],"product_tag":[161,160],"class_list":{"0":"post-16111","1":"product","2":"type-product","3":"status-publish","4":"has-post-thumbnail","6":"product_brand-nivus","7":"product_cat-flujometros","8":"product_cat-flujometro-area-velocidad-de-correlacion-cruzada-nivus","9":"product_tag-caudalimetro","10":"product_tag-flujometro","11":"desktop-align-center","12":"tablet-align-left","13":"mobile-align-left","15":"first","16":"instock","17":"shipping-taxable","18":"purchasable","19":"product-type-simple"},"_links":{"self":[{"href":"https:\/\/dos20.cl\/index.php?rest_route=\/wp\/v2\/product\/16111","targetHints":{"allow":["GET"]}}],"collection":[{"href":"https:\/\/dos20.cl\/index.php?rest_route=\/wp\/v2\/product"}],"about":[{"href":"https:\/\/dos20.cl\/index.php?rest_route=\/wp\/v2\/types\/product"}],"wp:featuredmedia":[{"embeddable":true,"href":"https:\/\/dos20.cl\/index.php?rest_route=\/wp\/v2\/media\/17979"}],"wp:attachment":[{"href":"https:\/\/dos20.cl\/index.php?rest_route=%2Fwp%2Fv2%2Fmedia&parent=16111"}],"wp:term":[{"taxonomy":"product_brand","embeddable":true,"href":"https:\/\/dos20.cl\/index.php?rest_route=%2Fwp%2Fv2%2Fproduct_brand&post=16111"},{"taxonomy":"product_cat","embeddable":true,"href":"https:\/\/dos20.cl\/index.php?rest_route=%2Fwp%2Fv2%2Fproduct_cat&post=16111"},{"taxonomy":"product_tag","embeddable":true,"href":"https:\/\/dos20.cl\/index.php?rest_route=%2Fwp%2Fv2%2Fproduct_tag&post=16111"}],"curies":[{"name":"wp","href":"https:\/\/api.w.org\/{rel}","templated":true}]}}