{"id":16065,"date":"2021-02-16T23:16:33","date_gmt":"2021-02-16T23:16:33","guid":{"rendered":"https:\/\/dos20.cl\/?post_type=product&#038;p=16065"},"modified":"2026-03-18T12:05:20","modified_gmt":"2026-03-18T12:05:20","slug":"21dc-rfid-con-datalogger","status":"publish","type":"product","link":"https:\/\/dos20.cl\/?product=21dc-rfid-con-datalogger","title":{"rendered":"\ud83c\udde8\ud83c\udded KELLER\u00ae Sensor de presi\u00f3n con sistema RFID 21DC-RFID con Datalogger &#8211; Aut\u00f3nomo"},"content":{"rendered":"<p><span style=\"font-weight: 400;\">La serie 21DC\u00a0RFID\u00a0combina los\u00a0transmisores de presi\u00f3n\u00a0digitales y extremadamente robustos de la\u00a0gama D\u00a0y una\u00a0electr\u00f3nica de registrador de datos\u00a0con\u00a0interfaz RFID. La bater\u00eda fija que incorpora tiene una vida \u00fatil de entre 5 y 10 a\u00f1os. Los valores de presi\u00f3n y temperatura se graban en la memoria como pareja de datos. La lectura de los valores puntuales y los datos grabados sigue siendo posible aun con la bater\u00eda descargada porque el suministro de energ\u00eda tiene lugar a trav\u00e9s del lector.<\/span><\/p>\n<p>&nbsp;<\/p>\n","protected":false},"excerpt":{"rendered":"<p>La serie 21DC\u00a0RFID\u00a0combina los\u00a0transmisores de presi\u00f3n\u00a0digitales y extremadamente robustos de la\u00a0gama D\u00a0y una\u00a0electr\u00f3nica de registrador de datos\u00a0con\u00a0interfaz RFID. La bater\u00eda [&hellip;]<\/p>\n","protected":false},"featured_media":16066,"template":"","meta":{"site-sidebar-layout":"default","site-content-layout":"","ast-site-content-layout":"default","site-content-style":"default","site-sidebar-style":"default","ast-global-header-display":"","ast-banner-title-visibility":"","ast-main-header-display":"","ast-hfb-above-header-display":"","ast-hfb-below-header-display":"","ast-hfb-mobile-header-display":"","site-post-title":"","ast-breadcrumbs-content":"","ast-featured-img":"","footer-sml-layout":"","theme-transparent-header-meta":"default","adv-header-id-meta":"","stick-header-meta":"","header-above-stick-meta":"","header-main-stick-meta":"","header-below-stick-meta":"","astra-migrate-meta-layouts":"set","ast-page-background-enabled":"default","ast-page-background-meta":{"desktop":{"background-color":"var(--ast-global-color-4)","background-image":"","background-repeat":"repeat","background-position":"center center","background-size":"auto","background-attachment":"scroll","background-type":"","background-media":"","overlay-type":"","overlay-color":"","overlay-opacity":"","overlay-gradient":""},"tablet":{"background-color":"","background-image":"","background-repeat":"repeat","background-position":"center center","background-size":"auto","background-attachment":"scroll","background-type":"","background-media":"","overlay-type":"","overlay-color":"","overlay-opacity":"","overlay-gradient":""},"mobile":{"background-color":"","background-image":"","background-repeat":"repeat","background-position":"center center","background-size":"auto","background-attachment":"scroll","background-type":"","background-media":"","overlay-type":"","overlay-color":"","overlay-opacity":"","overlay-gradient":""}},"ast-content-background-meta":{"desktop":{"background-color":"var(--ast-global-color-5)","background-image":"","background-repeat":"repeat","background-position":"center center","background-size":"auto","background-attachment":"scroll","background-type":"","background-media":"","overlay-type":"","overlay-color":"","overlay-opacity":"","overlay-gradient":""},"tablet":{"background-color":"var(--ast-global-color-5)","background-image":"","background-repeat":"repeat","background-position":"center center","background-size":"auto","background-attachment":"scroll","background-type":"","background-media":"","overlay-type":"","overlay-color":"","overlay-opacity":"","overlay-gradient":""},"mobile":{"background-color":"var(--ast-global-color-5)","background-image":"","background-repeat":"repeat","background-position":"center center","background-size":"auto","background-attachment":"scroll","background-type":"","background-media":"","overlay-type":"","overlay-color":"","overlay-opacity":"","overlay-gradient":""}}},"product_brand":[170],"product_cat":[84,49],"product_tag":[157,156,256,163],"class_list":{"0":"post-16065","1":"product","2":"type-product","3":"status-publish","4":"has-post-thumbnail","6":"product_brand-keller","7":"product_cat-registrador-de-datos-datalogger","8":"product_cat-sensores","9":"product_tag-autonomo","10":"product_tag-datalogger","11":"product_tag-rfid","12":"product_tag-sensor-de-presion","13":"desktop-align-center","14":"tablet-align-left","15":"mobile-align-left","17":"first","18":"instock","19":"shipping-taxable","20":"purchasable","21":"product-type-simple"},"_links":{"self":[{"href":"https:\/\/dos20.cl\/index.php?rest_route=\/wp\/v2\/product\/16065","targetHints":{"allow":["GET"]}}],"collection":[{"href":"https:\/\/dos20.cl\/index.php?rest_route=\/wp\/v2\/product"}],"about":[{"href":"https:\/\/dos20.cl\/index.php?rest_route=\/wp\/v2\/types\/product"}],"wp:featuredmedia":[{"embeddable":true,"href":"https:\/\/dos20.cl\/index.php?rest_route=\/wp\/v2\/media\/16066"}],"wp:attachment":[{"href":"https:\/\/dos20.cl\/index.php?rest_route=%2Fwp%2Fv2%2Fmedia&parent=16065"}],"wp:term":[{"taxonomy":"product_brand","embeddable":true,"href":"https:\/\/dos20.cl\/index.php?rest_route=%2Fwp%2Fv2%2Fproduct_brand&post=16065"},{"taxonomy":"product_cat","embeddable":true,"href":"https:\/\/dos20.cl\/index.php?rest_route=%2Fwp%2Fv2%2Fproduct_cat&post=16065"},{"taxonomy":"product_tag","embeddable":true,"href":"https:\/\/dos20.cl\/index.php?rest_route=%2Fwp%2Fv2%2Fproduct_tag&post=16065"}],"curies":[{"name":"wp","href":"https:\/\/api.w.org\/{rel}","templated":true}]}}