{"id":16044,"date":"2021-02-16T23:04:43","date_gmt":"2021-02-16T23:04:43","guid":{"rendered":"https:\/\/dos20.cl\/?post_type=product&#038;p=16044"},"modified":"2026-03-18T12:06:47","modified_gmt":"2026-03-18T12:06:47","slug":"series-pd-39x","status":"publish","type":"product","link":"https:\/\/dos20.cl\/?product=series-pd-39x","title":{"rendered":"\ud83c\udde8\ud83c\udded KELLER\u00ae Sensor de presi\u00f3n diferencial Series PD-39X para medici\u00f3n indirecta"},"content":{"rendered":"<p><span style=\"font-weight: 400;\">Los transmisores de presi\u00f3n diferencial de la serie PD-39X miden la diferencia de presi\u00f3n indirectamente mediante dos sensores de presi\u00f3n absoluta. El dise\u00f1o de sensor doble con representaci\u00f3n num\u00e9rica de la presi\u00f3n diferencial, facilita tambi\u00e9n a trav\u00e9s de la interfaz RS-485 digital los valores de la presi\u00f3n de l\u00ednea y garantiza una gran resistencia a la sobrecarga. La salida anal\u00f3gica adicional de corriente o tensi\u00f3n sirve fundamentalmente para indicar el rango de presi\u00f3n diferencial que es libremente escalable dentro del rango de presi\u00f3n de l\u00ednea.<\/span><\/p>\n<p>&nbsp;<\/p>\n","protected":false},"excerpt":{"rendered":"<p><span style=\"font-weight: 400;\">Los transmisores de presi\u00f3n diferencial de la serie PD-39X miden la diferencia de presi\u00f3n indirectamente mediante dos sensores de presi\u00f3n absoluta. <\/span><\/p>\n<p><span style=\"font-weight: 400;\">El dise\u00f1o de sensor doble con representaci\u00f3n num\u00e9rica de la presi\u00f3n diferencial, facilita tambi\u00e9n a trav\u00e9s de la interfaz RS-485 digital los valores de la presi\u00f3n de l\u00ednea y garantiza una gran resistencia a la sobrecarga.<\/span><\/p>\n<p><span style=\"font-weight: 400;\"> La salida anal\u00f3gica adicional de corriente o tensi\u00f3n sirve fundamentalmente para indicar el rango de presi\u00f3n diferencial que es libremente escalable dentro del rango de presi\u00f3n de l\u00ednea.<\/span><\/p>\n<p>&nbsp;<\/p>\n","protected":false},"featured_media":16052,"template":"","meta":{"site-sidebar-layout":"default","site-content-layout":"","ast-site-content-layout":"default","site-content-style":"default","site-sidebar-style":"default","ast-global-header-display":"","ast-banner-title-visibility":"","ast-main-header-display":"","ast-hfb-above-header-display":"","ast-hfb-below-header-display":"","ast-hfb-mobile-header-display":"","site-post-title":"","ast-breadcrumbs-content":"","ast-featured-img":"","footer-sml-layout":"","theme-transparent-header-meta":"default","adv-header-id-meta":"","stick-header-meta":"","header-above-stick-meta":"","header-main-stick-meta":"","header-below-stick-meta":"","astra-migrate-meta-layouts":"set","ast-page-background-enabled":"default","ast-page-background-meta":{"desktop":{"background-color":"var(--ast-global-color-4)","background-image":"","background-repeat":"repeat","background-position":"center center","background-size":"auto","background-attachment":"scroll","background-type":"","background-media":"","overlay-type":"","overlay-color":"","overlay-opacity":"","overlay-gradient":""},"tablet":{"background-color":"","background-image":"","background-repeat":"repeat","background-position":"center center","background-size":"auto","background-attachment":"scroll","background-type":"","background-media":"","overlay-type":"","overlay-color":"","overlay-opacity":"","overlay-gradient":""},"mobile":{"background-color":"","background-image":"","background-repeat":"repeat","background-position":"center center","background-size":"auto","background-attachment":"scroll","background-type":"","background-media":"","overlay-type":"","overlay-color":"","overlay-opacity":"","overlay-gradient":""}},"ast-content-background-meta":{"desktop":{"background-color":"var(--ast-global-color-5)","background-image":"","background-repeat":"repeat","background-position":"center center","background-size":"auto","background-attachment":"scroll","background-type":"","background-media":"","overlay-type":"","overlay-color":"","overlay-opacity":"","overlay-gradient":""},"tablet":{"background-color":"var(--ast-global-color-5)","background-image":"","background-repeat":"repeat","background-position":"center center","background-size":"auto","background-attachment":"scroll","background-type":"","background-media":"","overlay-type":"","overlay-color":"","overlay-opacity":"","overlay-gradient":""},"mobile":{"background-color":"var(--ast-global-color-5)","background-image":"","background-repeat":"repeat","background-position":"center center","background-size":"auto","background-attachment":"scroll","background-type":"","background-media":"","overlay-type":"","overlay-color":"","overlay-opacity":"","overlay-gradient":""}}},"product_brand":[170],"product_cat":[49,145],"product_tag":[257],"class_list":{"0":"post-16044","1":"product","2":"type-product","3":"status-publish","4":"has-post-thumbnail","6":"product_brand-keller","7":"product_cat-sensores","8":"product_cat-transmisores-de-presion","9":"product_tag-sensor-de-presion-diferencial","10":"desktop-align-center","11":"tablet-align-left","12":"mobile-align-left","14":"first","15":"instock","16":"shipping-taxable","17":"purchasable","18":"product-type-simple"},"_links":{"self":[{"href":"https:\/\/dos20.cl\/index.php?rest_route=\/wp\/v2\/product\/16044","targetHints":{"allow":["GET"]}}],"collection":[{"href":"https:\/\/dos20.cl\/index.php?rest_route=\/wp\/v2\/product"}],"about":[{"href":"https:\/\/dos20.cl\/index.php?rest_route=\/wp\/v2\/types\/product"}],"wp:featuredmedia":[{"embeddable":true,"href":"https:\/\/dos20.cl\/index.php?rest_route=\/wp\/v2\/media\/16052"}],"wp:attachment":[{"href":"https:\/\/dos20.cl\/index.php?rest_route=%2Fwp%2Fv2%2Fmedia&parent=16044"}],"wp:term":[{"taxonomy":"product_brand","embeddable":true,"href":"https:\/\/dos20.cl\/index.php?rest_route=%2Fwp%2Fv2%2Fproduct_brand&post=16044"},{"taxonomy":"product_cat","embeddable":true,"href":"https:\/\/dos20.cl\/index.php?rest_route=%2Fwp%2Fv2%2Fproduct_cat&post=16044"},{"taxonomy":"product_tag","embeddable":true,"href":"https:\/\/dos20.cl\/index.php?rest_route=%2Fwp%2Fv2%2Fproduct_tag&post=16044"}],"curies":[{"name":"wp","href":"https:\/\/api.w.org\/{rel}","templated":true}]}}