{"id":16043,"date":"2021-02-16T23:03:30","date_gmt":"2021-02-16T23:03:30","guid":{"rendered":"https:\/\/dos20.cl\/?post_type=product&#038;p=16043"},"modified":"2026-03-18T12:06:52","modified_gmt":"2026-03-18T12:06:52","slug":"serie-pd-33x","status":"publish","type":"product","link":"https:\/\/dos20.cl\/?product=serie-pd-33x","title":{"rendered":"\ud83c\udde8\ud83c\udded KELLER\u00ae Sensor de presi\u00f3n diferencial Serie PD-33X para medir peque\u00f1as diferencias de presi\u00f3n"},"content":{"rendered":"<p><span style=\"font-weight: 400;\">Los\u00a0transmisores de presi\u00f3n diferencial\u00a0de la serie PD-33X son adecuados para las aplicaciones denominadas \u00abWet\/Wet\u00bb. Este tipo de transmisores funcionan a nivel interno con una \u00fanica membrana de silicio sobre la que se aplica presi\u00f3n a ambos lados y en la que se mide directamente la diferencia de presi\u00f3n. <\/span><\/p>\n<p><span style=\"font-weight: 400;\">Este dise\u00f1o permite medir peque\u00f1as diferencias de presi\u00f3n incluso cuando la\u00a0presi\u00f3n de l\u00ednea\u00a0es extremadamente alta. <\/span><\/p>\n<p><span style=\"font-weight: 400;\">Gracias a la\u00a0compensaci\u00f3n digital con un modelo matem\u00e1tico, los transmisores alcanzan niveles de\u00a0precisi\u00f3n\u00a0extremos de 0,05\u00a0%FE, lo que en un rango de temperatura de entre 10 y 40 \u00b0C equivale incluso a la\u00a0banda de error total.<\/span><\/p>\n<p>&nbsp;<\/p>\n","protected":false},"excerpt":{"rendered":"<p><span style=\"font-weight: 400;\">Los\u00a0transmisores de presi\u00f3n diferencial\u00a0de la serie PD-33X son adecuados para las aplicaciones denominadas \u00abWet\/Wet\u00bb. Este tipo de transmisores funcionan a nivel interno con una \u00fanica membrana de silicio sobre la que se aplica presi\u00f3n a ambos lados y en la que se mide directamente la diferencia de presi\u00f3n. <\/span><\/p>\n<p><span style=\"font-weight: 400;\">Este dise\u00f1o permite medir peque\u00f1as diferencias de presi\u00f3n incluso cuando la\u00a0presi\u00f3n de l\u00ednea\u00a0es extremadamente alta. <\/span><\/p>\n<p><span style=\"font-weight: 400;\">Gracias a la\u00a0compensaci\u00f3n digital con un modelo matem\u00e1tico, los transmisores alcanzan niveles de\u00a0precisi\u00f3n\u00a0extremos de 0,05\u00a0%FE, lo que en un rango de temperatura de entre 10 y 40 \u00b0C equivale incluso a la\u00a0banda de error total.<\/span><\/p>\n","protected":false},"featured_media":16047,"template":"","meta":{"site-sidebar-layout":"default","site-content-layout":"","ast-site-content-layout":"default","site-content-style":"default","site-sidebar-style":"default","ast-global-header-display":"","ast-banner-title-visibility":"","ast-main-header-display":"","ast-hfb-above-header-display":"","ast-hfb-below-header-display":"","ast-hfb-mobile-header-display":"","site-post-title":"","ast-breadcrumbs-content":"","ast-featured-img":"","footer-sml-layout":"","theme-transparent-header-meta":"default","adv-header-id-meta":"","stick-header-meta":"","header-above-stick-meta":"","header-main-stick-meta":"","header-below-stick-meta":"","astra-migrate-meta-layouts":"set","ast-page-background-enabled":"default","ast-page-background-meta":{"desktop":{"background-color":"var(--ast-global-color-4)","background-image":"","background-repeat":"repeat","background-position":"center center","background-size":"auto","background-attachment":"scroll","background-type":"","background-media":"","overlay-type":"","overlay-color":"","overlay-opacity":"","overlay-gradient":""},"tablet":{"background-color":"","background-image":"","background-repeat":"repeat","background-position":"center center","background-size":"auto","background-attachment":"scroll","background-type":"","background-media":"","overlay-type":"","overlay-color":"","overlay-opacity":"","overlay-gradient":""},"mobile":{"background-color":"","background-image":"","background-repeat":"repeat","background-position":"center center","background-size":"auto","background-attachment":"scroll","background-type":"","background-media":"","overlay-type":"","overlay-color":"","overlay-opacity":"","overlay-gradient":""}},"ast-content-background-meta":{"desktop":{"background-color":"var(--ast-global-color-5)","background-image":"","background-repeat":"repeat","background-position":"center center","background-size":"auto","background-attachment":"scroll","background-type":"","background-media":"","overlay-type":"","overlay-color":"","overlay-opacity":"","overlay-gradient":""},"tablet":{"background-color":"var(--ast-global-color-5)","background-image":"","background-repeat":"repeat","background-position":"center center","background-size":"auto","background-attachment":"scroll","background-type":"","background-media":"","overlay-type":"","overlay-color":"","overlay-opacity":"","overlay-gradient":""},"mobile":{"background-color":"var(--ast-global-color-5)","background-image":"","background-repeat":"repeat","background-position":"center center","background-size":"auto","background-attachment":"scroll","background-type":"","background-media":"","overlay-type":"","overlay-color":"","overlay-opacity":"","overlay-gradient":""}}},"product_brand":[170],"product_cat":[49,145],"product_tag":[257],"class_list":{"0":"post-16043","1":"product","2":"type-product","3":"status-publish","4":"has-post-thumbnail","6":"product_brand-keller","7":"product_cat-sensores","8":"product_cat-transmisores-de-presion","9":"product_tag-sensor-de-presion-diferencial","10":"desktop-align-center","11":"tablet-align-left","12":"mobile-align-left","14":"first","15":"instock","16":"shipping-taxable","17":"purchasable","18":"product-type-simple"},"_links":{"self":[{"href":"https:\/\/dos20.cl\/index.php?rest_route=\/wp\/v2\/product\/16043","targetHints":{"allow":["GET"]}}],"collection":[{"href":"https:\/\/dos20.cl\/index.php?rest_route=\/wp\/v2\/product"}],"about":[{"href":"https:\/\/dos20.cl\/index.php?rest_route=\/wp\/v2\/types\/product"}],"wp:featuredmedia":[{"embeddable":true,"href":"https:\/\/dos20.cl\/index.php?rest_route=\/wp\/v2\/media\/16047"}],"wp:attachment":[{"href":"https:\/\/dos20.cl\/index.php?rest_route=%2Fwp%2Fv2%2Fmedia&parent=16043"}],"wp:term":[{"taxonomy":"product_brand","embeddable":true,"href":"https:\/\/dos20.cl\/index.php?rest_route=%2Fwp%2Fv2%2Fproduct_brand&post=16043"},{"taxonomy":"product_cat","embeddable":true,"href":"https:\/\/dos20.cl\/index.php?rest_route=%2Fwp%2Fv2%2Fproduct_cat&post=16043"},{"taxonomy":"product_tag","embeddable":true,"href":"https:\/\/dos20.cl\/index.php?rest_route=%2Fwp%2Fv2%2Fproduct_tag&post=16043"}],"curies":[{"name":"wp","href":"https:\/\/api.w.org\/{rel}","templated":true}]}}