{"id":15884,"date":"2021-01-08T16:23:53","date_gmt":"2021-01-08T16:23:53","guid":{"rendered":"https:\/\/dos20.cl\/?post_type=product&#038;p=15884"},"modified":"2026-03-18T12:12:12","modified_gmt":"2026-03-18T12:12:12","slug":"serie-21c","status":"publish","type":"product","link":"https:\/\/dos20.cl\/?product=serie-21c","title":{"rendered":"\ud83c\udde8\ud83c\udded KELLER\u00ae Sensor de presi\u00f3n est\u00e1ndar Serie 21C para condiciones medioambientales extremas"},"content":{"rendered":"<section id=\"2\" class=\"TextPart container\" data-v-32aeed50=\"\">\n<div class=\"row\" data-v-32aeed50=\"\">\n<div class=\"col-lg-8 offset-lg-2\" data-v-32aeed50=\"\">\n<div data-v-32aeed50=\"\">\n<p>Los\u00a0<span class=\"info\" data-link=\"Drucktransmitter\">transmisores de presi\u00f3n<\/span> de la serie 21C con salida 0,5 &#8211; 4,5 [VDC] ratiom\u00e9trica combinan <span class=\"info\" data-link=\"Messzelle\">celdas de medici\u00f3n<\/span>\u00a0<span class=\"info\" data-link=\"Sensorchip\">Chip<\/span>-in-Oil con conexiones de presi\u00f3n y conexiones el\u00e9ctricas convencionales y por lo tanto son id\u00f3neos para su uso en la industria. Estos\u00a0<span class=\"info\" data-link=\"Drucktransmitter\">transmisores<\/span>\u00a0son extraordinariamente resistentes a las inclemencias medioambientales y ofrecen, en un rango de temperatura de entre -40 y 125\u00a0\u00b0C, resultados de medici\u00f3n\u00a0<span class=\"info\" data-link=\"Genauigkeit\">precisos<\/span>.<\/p>\n<\/div>\n<\/div>\n<\/div>\n<\/section>\n<section id=\"3\" class=\"ProductFiles container mt-4 pb-2\" data-v-31b20f25=\"\">\n<div class=\"row\" data-v-31b20f25=\"\">\n<div class=\"col-lg-8 col-lg-8 offset-lg-2\" data-v-31b20f25=\"\"><\/div>\n<\/div>\n<\/section>\n","protected":false},"excerpt":{"rendered":"<p>Los\u00a0transmisores de presi\u00f3n de la serie 21C con salida 0,5 &#8211; 4,5 [VDC] ratiom\u00e9trica combinan celdas de medici\u00f3n\u00a0Chip-in-Oil con conexiones [&hellip;]<\/p>\n","protected":false},"featured_media":15885,"template":"","meta":{"site-sidebar-layout":"default","site-content-layout":"","ast-site-content-layout":"default","site-content-style":"default","site-sidebar-style":"default","ast-global-header-display":"","ast-banner-title-visibility":"","ast-main-header-display":"","ast-hfb-above-header-display":"","ast-hfb-below-header-display":"","ast-hfb-mobile-header-display":"","site-post-title":"","ast-breadcrumbs-content":"","ast-featured-img":"","footer-sml-layout":"","theme-transparent-header-meta":"default","adv-header-id-meta":"","stick-header-meta":"","header-above-stick-meta":"","header-main-stick-meta":"","header-below-stick-meta":"","astra-migrate-meta-layouts":"set","ast-page-background-enabled":"default","ast-page-background-meta":{"desktop":{"background-color":"var(--ast-global-color-4)","background-image":"","background-repeat":"repeat","background-position":"center center","background-size":"auto","background-attachment":"scroll","background-type":"","background-media":"","overlay-type":"","overlay-color":"","overlay-opacity":"","overlay-gradient":""},"tablet":{"background-color":"","background-image":"","background-repeat":"repeat","background-position":"center center","background-size":"auto","background-attachment":"scroll","background-type":"","background-media":"","overlay-type":"","overlay-color":"","overlay-opacity":"","overlay-gradient":""},"mobile":{"background-color":"","background-image":"","background-repeat":"repeat","background-position":"center center","background-size":"auto","background-attachment":"scroll","background-type":"","background-media":"","overlay-type":"","overlay-color":"","overlay-opacity":"","overlay-gradient":""}},"ast-content-background-meta":{"desktop":{"background-color":"var(--ast-global-color-5)","background-image":"","background-repeat":"repeat","background-position":"center center","background-size":"auto","background-attachment":"scroll","background-type":"","background-media":"","overlay-type":"","overlay-color":"","overlay-opacity":"","overlay-gradient":""},"tablet":{"background-color":"var(--ast-global-color-5)","background-image":"","background-repeat":"repeat","background-position":"center center","background-size":"auto","background-attachment":"scroll","background-type":"","background-media":"","overlay-type":"","overlay-color":"","overlay-opacity":"","overlay-gradient":""},"mobile":{"background-color":"var(--ast-global-color-5)","background-image":"","background-repeat":"repeat","background-position":"center center","background-size":"auto","background-attachment":"scroll","background-type":"","background-media":"","overlay-type":"","overlay-color":"","overlay-opacity":"","overlay-gradient":""}}},"product_brand":[170],"product_cat":[49,145],"product_tag":[163],"class_list":{"0":"post-15884","1":"product","2":"type-product","3":"status-publish","4":"has-post-thumbnail","6":"product_brand-keller","7":"product_cat-sensores","8":"product_cat-transmisores-de-presion","9":"product_tag-sensor-de-presion","10":"desktop-align-center","11":"tablet-align-left","12":"mobile-align-left","14":"first","15":"instock","16":"shipping-taxable","17":"purchasable","18":"product-type-simple"},"_links":{"self":[{"href":"https:\/\/dos20.cl\/index.php?rest_route=\/wp\/v2\/product\/15884","targetHints":{"allow":["GET"]}}],"collection":[{"href":"https:\/\/dos20.cl\/index.php?rest_route=\/wp\/v2\/product"}],"about":[{"href":"https:\/\/dos20.cl\/index.php?rest_route=\/wp\/v2\/types\/product"}],"wp:featuredmedia":[{"embeddable":true,"href":"https:\/\/dos20.cl\/index.php?rest_route=\/wp\/v2\/media\/15885"}],"wp:attachment":[{"href":"https:\/\/dos20.cl\/index.php?rest_route=%2Fwp%2Fv2%2Fmedia&parent=15884"}],"wp:term":[{"taxonomy":"product_brand","embeddable":true,"href":"https:\/\/dos20.cl\/index.php?rest_route=%2Fwp%2Fv2%2Fproduct_brand&post=15884"},{"taxonomy":"product_cat","embeddable":true,"href":"https:\/\/dos20.cl\/index.php?rest_route=%2Fwp%2Fv2%2Fproduct_cat&post=15884"},{"taxonomy":"product_tag","embeddable":true,"href":"https:\/\/dos20.cl\/index.php?rest_route=%2Fwp%2Fv2%2Fproduct_tag&post=15884"}],"curies":[{"name":"wp","href":"https:\/\/api.w.org\/{rel}","templated":true}]}}