{"id":15866,"date":"2021-01-08T15:56:28","date_gmt":"2021-01-08T15:56:28","guid":{"rendered":"https:\/\/dos20.cl\/?post_type=product&#038;p=15866"},"modified":"2026-03-18T12:12:19","modified_gmt":"2026-03-18T12:12:19","slug":"serie-m8coolhb","status":"publish","type":"product","link":"https:\/\/dos20.cl\/?product=serie-m8coolhb","title":{"rendered":"\ud83c\udde8\ud83c\udded KELLER\u00ae Sensor de presi\u00f3n ultrarr\u00e1pido Serie M8coolHB"},"content":{"rendered":"<section id=\"2\" class=\"TextPart container\" data-v-32aeed50=\"\">\n<div class=\"row\" data-v-32aeed50=\"\">\n<div class=\"col-lg-8 offset-lg-2\" data-v-32aeed50=\"\">\n<div data-v-32aeed50=\"\">\n<p>El\u00a0<span class=\"info\" data-link=\"Drucktransmitter\">transmisor de presi\u00f3n<\/span> ultrarr\u00e1pido M8coolHB puede procesar variaciones de presi\u00f3n con un ancho de banda de 50 [kHz].<\/p>\n<p>Esto se consigue mediante una ruta de se\u00f1al anal\u00f3gica continua que se reajusta en tiempo real mediante un circuito digital y se amplifica a una se\u00f1al 0-10 [VDC] est\u00e1ndar.<\/p>\n<p>La cabecera del sensor en miniatura con rosca fina M8 soporta, gracias a una adecuada refrigeraci\u00f3n, temperaturas de hasta 1000 \u00b0C y resiste <span class=\"info\" data-link=\"\u00dcberlast\">sobrecargas<\/span>\u00a0de hasta cinco veces el rango de medici\u00f3n, adem\u00e1s de ser\u00a0<span class=\"info\" data-link=\"Empfindlichkeit\">insensible<\/span>\u00a0a las vibraciones.<\/p>\n<\/div>\n<\/div>\n<\/div>\n<\/section>\n<section id=\"3\" class=\"ProductFiles container mt-4 pb-2\" data-v-31b20f25=\"\">\n<div class=\"row\" data-v-31b20f25=\"\">\n<div class=\"col-lg-8 col-lg-8 offset-lg-2\" data-v-31b20f25=\"\"><\/div>\n<\/div>\n<\/section>\n","protected":false},"excerpt":{"rendered":"<p>El\u00a0<span class=\"info\" data-link=\"Drucktransmitter\">transmisor de presi\u00f3n<\/span> ultrarr\u00e1pido M8coolHB puede procesar variaciones de presi\u00f3n con un ancho de banda de 50 [kHz].<\/p>\n<p>Esto se consigue mediante una ruta de se\u00f1al anal\u00f3gica continua que se reajusta en tiempo real mediante un circuito digital y se amplifica a una se\u00f1al 0-10 [VDC] est\u00e1ndar.<\/p>\n<p>La cabecera del sensor en miniatura con rosca fina M8 soporta, gracias a una adecuada refrigeraci\u00f3n, temperaturas de hasta 1000 \u00b0C y resiste <span class=\"info\" data-link=\"\u00dcberlast\">sobrecargas<\/span>\u00a0de hasta cinco veces el rango de medici\u00f3n, adem\u00e1s de ser\u00a0<span class=\"info\" data-link=\"Empfindlichkeit\">insensible<\/span>\u00a0a las vibraciones.<\/p>\n","protected":false},"featured_media":15878,"template":"","meta":{"site-sidebar-layout":"default","site-content-layout":"","ast-site-content-layout":"default","site-content-style":"default","site-sidebar-style":"default","ast-global-header-display":"","ast-banner-title-visibility":"","ast-main-header-display":"","ast-hfb-above-header-display":"","ast-hfb-below-header-display":"","ast-hfb-mobile-header-display":"","site-post-title":"","ast-breadcrumbs-content":"","ast-featured-img":"","footer-sml-layout":"","theme-transparent-header-meta":"default","adv-header-id-meta":"","stick-header-meta":"","header-above-stick-meta":"","header-main-stick-meta":"","header-below-stick-meta":"","astra-migrate-meta-layouts":"set","ast-page-background-enabled":"default","ast-page-background-meta":{"desktop":{"background-color":"var(--ast-global-color-4)","background-image":"","background-repeat":"repeat","background-position":"center center","background-size":"auto","background-attachment":"scroll","background-type":"","background-media":"","overlay-type":"","overlay-color":"","overlay-opacity":"","overlay-gradient":""},"tablet":{"background-color":"","background-image":"","background-repeat":"repeat","background-position":"center center","background-size":"auto","background-attachment":"scroll","background-type":"","background-media":"","overlay-type":"","overlay-color":"","overlay-opacity":"","overlay-gradient":""},"mobile":{"background-color":"","background-image":"","background-repeat":"repeat","background-position":"center center","background-size":"auto","background-attachment":"scroll","background-type":"","background-media":"","overlay-type":"","overlay-color":"","overlay-opacity":"","overlay-gradient":""}},"ast-content-background-meta":{"desktop":{"background-color":"var(--ast-global-color-5)","background-image":"","background-repeat":"repeat","background-position":"center center","background-size":"auto","background-attachment":"scroll","background-type":"","background-media":"","overlay-type":"","overlay-color":"","overlay-opacity":"","overlay-gradient":""},"tablet":{"background-color":"var(--ast-global-color-5)","background-image":"","background-repeat":"repeat","background-position":"center center","background-size":"auto","background-attachment":"scroll","background-type":"","background-media":"","overlay-type":"","overlay-color":"","overlay-opacity":"","overlay-gradient":""},"mobile":{"background-color":"var(--ast-global-color-5)","background-image":"","background-repeat":"repeat","background-position":"center center","background-size":"auto","background-attachment":"scroll","background-type":"","background-media":"","overlay-type":"","overlay-color":"","overlay-opacity":"","overlay-gradient":""}}},"product_brand":[170],"product_cat":[49,141],"product_tag":[163],"class_list":{"0":"post-15866","1":"product","2":"type-product","3":"status-publish","4":"has-post-thumbnail","6":"product_brand-keller","7":"product_cat-sensores","8":"product_cat-transductores-de-presion","9":"product_tag-sensor-de-presion","10":"desktop-align-center","11":"tablet-align-left","12":"mobile-align-left","14":"first","15":"instock","16":"shipping-taxable","17":"purchasable","18":"product-type-simple"},"_links":{"self":[{"href":"https:\/\/dos20.cl\/index.php?rest_route=\/wp\/v2\/product\/15866","targetHints":{"allow":["GET"]}}],"collection":[{"href":"https:\/\/dos20.cl\/index.php?rest_route=\/wp\/v2\/product"}],"about":[{"href":"https:\/\/dos20.cl\/index.php?rest_route=\/wp\/v2\/types\/product"}],"wp:featuredmedia":[{"embeddable":true,"href":"https:\/\/dos20.cl\/index.php?rest_route=\/wp\/v2\/media\/15878"}],"wp:attachment":[{"href":"https:\/\/dos20.cl\/index.php?rest_route=%2Fwp%2Fv2%2Fmedia&parent=15866"}],"wp:term":[{"taxonomy":"product_brand","embeddable":true,"href":"https:\/\/dos20.cl\/index.php?rest_route=%2Fwp%2Fv2%2Fproduct_brand&post=15866"},{"taxonomy":"product_cat","embeddable":true,"href":"https:\/\/dos20.cl\/index.php?rest_route=%2Fwp%2Fv2%2Fproduct_cat&post=15866"},{"taxonomy":"product_tag","embeddable":true,"href":"https:\/\/dos20.cl\/index.php?rest_route=%2Fwp%2Fv2%2Fproduct_tag&post=15866"}],"curies":[{"name":"wp","href":"https:\/\/api.w.org\/{rel}","templated":true}]}}