{"id":15857,"date":"2021-01-08T15:32:22","date_gmt":"2021-01-08T15:32:22","guid":{"rendered":"https:\/\/dos20.cl\/?post_type=product&#038;p=15857"},"modified":"2026-03-18T12:37:30","modified_gmt":"2026-03-18T12:37:30","slug":"serie-36xw","status":"publish","type":"product","link":"https:\/\/dos20.cl\/?product=serie-36xw","title":{"rendered":"\ud83c\udde8\ud83c\udded KELLER\u00ae Sensor de Nivel Hidrost\u00e1tico Serie 36XW para medici\u00f3n de nivel y temperatura"},"content":{"rendered":"<section id=\"2\" class=\"TextPart container\" data-v-32aeed50=\"\">\n<div class=\"row\" data-v-32aeed50=\"\">\n<div class=\"col-lg-8 offset-lg-2\" data-v-32aeed50=\"\">\n<div data-v-32aeed50=\"\">\n<p>En el caso de los\u00a0<span class=\"info\" data-link=\"Pr\u00e4zision\">exactos<\/span>\u00a0<span class=\"info\" data-link=\"Pegelsonde\">sondas de nivel<\/span>\u00a0de nivel de la serie 36XW, las dependencias de temperatura y la\u00a0<span class=\"info\" data-link=\"Linearit\u00e4t\">no linealidad<\/span>\u00a0se\u00a0<span class=\"info\" data-link=\"MathMod Kompensation\">compensan<\/span>\u00a0de forma precisa en el microcontrolador mediante un modelo matem\u00e1tico. Adem\u00e1s de a trav\u00e9s de la interfaz\u00a0<span class=\"info\" data-link=\"RS485\">RS-485<\/span>, tambi\u00e9n existe la posibilidad de emitir los resultados de medici\u00f3n en forma de se\u00f1al anal\u00f3gica\u00a0<span class=\"info\" data-link=\"Signalskalierung\">escalable<\/span>\u00a0a trav\u00e9s del convertidor D\/A integrado. Opcionalmente puede equiparse con protecci\u00f3n contra rayos ampliada.<\/p>\n<\/div>\n<\/div>\n<\/div>\n<\/section>\n<section id=\"3\" class=\"ProductFiles container mt-4 pb-2\" data-v-31b20f25=\"\">\n<div class=\"row\" data-v-31b20f25=\"\">\n<div class=\"col-lg-8 col-lg-8 offset-lg-2\" data-v-31b20f25=\"\"><\/div>\n<\/div>\n<\/section>\n","protected":false},"excerpt":{"rendered":"<p>En el caso de los\u00a0<span class=\"info\" data-link=\"Pr\u00e4zision\">exactos<\/span>\u00a0<span class=\"info\" data-link=\"Pegelsonde\">sondas de nivel<\/span>\u00a0de nivel de la serie 36XW, las dependencias de temperatura y la\u00a0<span class=\"info\" data-link=\"Linearit\u00e4t\">no linealidad<\/span>\u00a0se\u00a0<span class=\"info\" data-link=\"MathMod Kompensation\">compensan<\/span>\u00a0de forma precisa en el microcontrolador mediante un modelo matem\u00e1tico.<\/p>\n<p>Adem\u00e1s de a trav\u00e9s de la interfaz\u00a0<span class=\"info\" data-link=\"RS485\">RS-485<\/span>, tambi\u00e9n existe la posibilidad de emitir los resultados de medici\u00f3n en forma de se\u00f1al anal\u00f3gica\u00a0<span class=\"info\" data-link=\"Signalskalierung\">escalable<\/span>\u00a0a trav\u00e9s del convertidor D\/A integrado. Opcionalmente puede equiparse con protecci\u00f3n contra rayos ampliada.<\/p>\n","protected":false},"featured_media":15858,"template":"","meta":{"site-sidebar-layout":"default","site-content-layout":"","ast-site-content-layout":"default","site-content-style":"default","site-sidebar-style":"default","ast-global-header-display":"","ast-banner-title-visibility":"","ast-main-header-display":"","ast-hfb-above-header-display":"","ast-hfb-below-header-display":"","ast-hfb-mobile-header-display":"","site-post-title":"","ast-breadcrumbs-content":"","ast-featured-img":"","footer-sml-layout":"","theme-transparent-header-meta":"default","adv-header-id-meta":"","stick-header-meta":"","header-above-stick-meta":"","header-main-stick-meta":"","header-below-stick-meta":"","astra-migrate-meta-layouts":"set","ast-page-background-enabled":"default","ast-page-background-meta":{"desktop":{"background-color":"var(--ast-global-color-4)","background-image":"","background-repeat":"repeat","background-position":"center center","background-size":"auto","background-attachment":"scroll","background-type":"","background-media":"","overlay-type":"","overlay-color":"","overlay-opacity":"","overlay-gradient":""},"tablet":{"background-color":"","background-image":"","background-repeat":"repeat","background-position":"center center","background-size":"auto","background-attachment":"scroll","background-type":"","background-media":"","overlay-type":"","overlay-color":"","overlay-opacity":"","overlay-gradient":""},"mobile":{"background-color":"","background-image":"","background-repeat":"repeat","background-position":"center center","background-size":"auto","background-attachment":"scroll","background-type":"","background-media":"","overlay-type":"","overlay-color":"","overlay-opacity":"","overlay-gradient":""}},"ast-content-background-meta":{"desktop":{"background-color":"var(--ast-global-color-5)","background-image":"","background-repeat":"repeat","background-position":"center center","background-size":"auto","background-attachment":"scroll","background-type":"","background-media":"","overlay-type":"","overlay-color":"","overlay-opacity":"","overlay-gradient":""},"tablet":{"background-color":"var(--ast-global-color-5)","background-image":"","background-repeat":"repeat","background-position":"center center","background-size":"auto","background-attachment":"scroll","background-type":"","background-media":"","overlay-type":"","overlay-color":"","overlay-opacity":"","overlay-gradient":""},"mobile":{"background-color":"var(--ast-global-color-5)","background-image":"","background-repeat":"repeat","background-position":"center center","background-size":"auto","background-attachment":"scroll","background-type":"","background-media":"","overlay-type":"","overlay-color":"","overlay-opacity":"","overlay-gradient":""}}},"product_brand":[170],"product_cat":[49,87],"product_tag":[164,224],"class_list":{"0":"post-15857","1":"product","2":"type-product","3":"status-publish","4":"has-post-thumbnail","6":"product_brand-keller","7":"product_cat-sensores","8":"product_cat-sensores-de-nivel","9":"product_tag-sensor-de-nivel","10":"product_tag-sonda-de-nivel","11":"desktop-align-center","12":"tablet-align-left","13":"mobile-align-left","15":"first","16":"instock","17":"shipping-taxable","18":"purchasable","19":"product-type-simple"},"_links":{"self":[{"href":"https:\/\/dos20.cl\/index.php?rest_route=\/wp\/v2\/product\/15857","targetHints":{"allow":["GET"]}}],"collection":[{"href":"https:\/\/dos20.cl\/index.php?rest_route=\/wp\/v2\/product"}],"about":[{"href":"https:\/\/dos20.cl\/index.php?rest_route=\/wp\/v2\/types\/product"}],"wp:featuredmedia":[{"embeddable":true,"href":"https:\/\/dos20.cl\/index.php?rest_route=\/wp\/v2\/media\/15858"}],"wp:attachment":[{"href":"https:\/\/dos20.cl\/index.php?rest_route=%2Fwp%2Fv2%2Fmedia&parent=15857"}],"wp:term":[{"taxonomy":"product_brand","embeddable":true,"href":"https:\/\/dos20.cl\/index.php?rest_route=%2Fwp%2Fv2%2Fproduct_brand&post=15857"},{"taxonomy":"product_cat","embeddable":true,"href":"https:\/\/dos20.cl\/index.php?rest_route=%2Fwp%2Fv2%2Fproduct_cat&post=15857"},{"taxonomy":"product_tag","embeddable":true,"href":"https:\/\/dos20.cl\/index.php?rest_route=%2Fwp%2Fv2%2Fproduct_tag&post=15857"}],"curies":[{"name":"wp","href":"https:\/\/api.w.org\/{rel}","templated":true}]}}