{"id":15800,"date":"2021-01-03T23:51:55","date_gmt":"2021-01-03T23:51:55","guid":{"rendered":"https:\/\/dos20.cl\/?post_type=product&#038;p=15800"},"modified":"2026-04-20T12:59:35","modified_gmt":"2026-04-20T12:59:35","slug":"dcx-22-ctd-nivel-conductividad-y-temperatura","status":"publish","type":"product","link":"https:\/\/dos20.cl\/?product=dcx-22-ctd-nivel-conductividad-y-temperatura","title":{"rendered":"\ud83c\udde8\ud83c\udded KELLER\u00ae Datalogger DCX-22-CTD (Nivel, Conductividad y Temperatura)"},"content":{"rendered":"<p><span style=\"font-weight: 400;\">Los\u00a0registradores de datos\u00a0DCX-22-CTD miden la conductividad y la temperatura, as\u00ed como la presi\u00f3n, es decir la profundidad, de las aguas. El Pt1000 integrado alcanza una\u00a0precisi\u00f3n\u00a0de \u00b10,1 \u00b0C y la conductividad se puede medir con un \u00b1 2,5 % del rango seleccionado (0,2 \/ 2 \/ 20 \/ 200 mS\/cm). Gracias a la larga vida \u00fatil de la bater\u00eda, los resultados de medici\u00f3n se pueden grabar durante a\u00f1os (hasta diez a\u00f1os si se realiza una medici\u00f3n cada hora). Con el software facilitado es posible configurar el registrador (intervalo de medici\u00f3n, control de eventos, inicio retardado de la medici\u00f3n, etc.) y los datos le\u00eddos pueden representarse c\u00f3modamente de forma gr\u00e1fica, corregirse con\u00a0valores de presi\u00f3n atmosf\u00e9rica, convertirse a niveles de llenado o a otras unidades y exportarse.<\/span><\/p>\n<p>&nbsp;<\/p>\n<h2 class=\"seGZY9w oKkksZn---typography-11-runningText oKkksZn---priority-7-primary _HOcyB JUtQCP sxbtulv ftb6e2\" aria-hidden=\"false\" data-hook=\"info-section-title\">Especificaciones<\/h2>\n<div class=\"zp8uy2\" data-hook=\"info-section-description\">\n<p>Rangos de presio\u0301n:\u00a0\u00a00&#8230;10 a 0&#8230;100 mH2O<br \/>\nBanda de error total:\u00a0\u00a0\u00b1 0,1 %FE @ -10&#8230;40 \u00b0C<br \/>\nCapacidad de memoria:\u00a0\u00a0114&#8217;000 puntos de medicio\u0301n<br \/>\nDimensiones:\u00a0\u00a0\u00f8 22 mm<br \/>\nCaracteri\u0301sticas:\u00a0\u00a0Medicio\u0301n adicional de conductividad<\/p>\n<\/div>\n<p>&nbsp;<\/p>\n","protected":false},"excerpt":{"rendered":"<p>Los\u00a0registradores de datos\u00a0DCX-22-CTD miden la conductividad y la temperatura, as\u00ed como la presi\u00f3n, es decir la profundidad, de las aguas. [&hellip;]<\/p>\n","protected":false},"featured_media":15809,"template":"","meta":{"site-sidebar-layout":"default","site-content-layout":"","ast-site-content-layout":"default","site-content-style":"default","site-sidebar-style":"default","ast-global-header-display":"","ast-banner-title-visibility":"","ast-main-header-display":"","ast-hfb-above-header-display":"","ast-hfb-below-header-display":"","ast-hfb-mobile-header-display":"","site-post-title":"","ast-breadcrumbs-content":"","ast-featured-img":"","footer-sml-layout":"","theme-transparent-header-meta":"default","adv-header-id-meta":"","stick-header-meta":"","header-above-stick-meta":"","header-main-stick-meta":"","header-below-stick-meta":"","astra-migrate-meta-layouts":"set","ast-page-background-enabled":"default","ast-page-background-meta":{"desktop":{"background-color":"var(--ast-global-color-4)","background-image":"","background-repeat":"repeat","background-position":"center center","background-size":"auto","background-attachment":"scroll","background-type":"","background-media":"","overlay-type":"","overlay-color":"","overlay-opacity":"","overlay-gradient":""},"tablet":{"background-color":"","background-image":"","background-repeat":"repeat","background-position":"center center","background-size":"auto","background-attachment":"scroll","background-type":"","background-media":"","overlay-type":"","overlay-color":"","overlay-opacity":"","overlay-gradient":""},"mobile":{"background-color":"","background-image":"","background-repeat":"repeat","background-position":"center center","background-size":"auto","background-attachment":"scroll","background-type":"","background-media":"","overlay-type":"","overlay-color":"","overlay-opacity":"","overlay-gradient":""}},"ast-content-background-meta":{"desktop":{"background-color":"var(--ast-global-color-5)","background-image":"","background-repeat":"repeat","background-position":"center center","background-size":"auto","background-attachment":"scroll","background-type":"","background-media":"","overlay-type":"","overlay-color":"","overlay-opacity":"","overlay-gradient":""},"tablet":{"background-color":"var(--ast-global-color-5)","background-image":"","background-repeat":"repeat","background-position":"center center","background-size":"auto","background-attachment":"scroll","background-type":"","background-media":"","overlay-type":"","overlay-color":"","overlay-opacity":"","overlay-gradient":""},"mobile":{"background-color":"var(--ast-global-color-5)","background-image":"","background-repeat":"repeat","background-position":"center center","background-size":"auto","background-attachment":"scroll","background-type":"","background-media":"","overlay-type":"","overlay-color":"","overlay-opacity":"","overlay-gradient":""}}},"product_brand":[170],"product_cat":[84,49],"product_tag":[157],"class_list":{"0":"post-15800","1":"product","2":"type-product","3":"status-publish","4":"has-post-thumbnail","6":"product_brand-keller","7":"product_cat-registrador-de-datos-datalogger","8":"product_cat-sensores","9":"product_tag-autonomo","10":"desktop-align-center","11":"tablet-align-left","12":"mobile-align-left","14":"first","15":"instock","16":"shipping-taxable","17":"purchasable","18":"product-type-simple"},"_links":{"self":[{"href":"https:\/\/dos20.cl\/index.php?rest_route=\/wp\/v2\/product\/15800","targetHints":{"allow":["GET"]}}],"collection":[{"href":"https:\/\/dos20.cl\/index.php?rest_route=\/wp\/v2\/product"}],"about":[{"href":"https:\/\/dos20.cl\/index.php?rest_route=\/wp\/v2\/types\/product"}],"wp:featuredmedia":[{"embeddable":true,"href":"https:\/\/dos20.cl\/index.php?rest_route=\/wp\/v2\/media\/15809"}],"wp:attachment":[{"href":"https:\/\/dos20.cl\/index.php?rest_route=%2Fwp%2Fv2%2Fmedia&parent=15800"}],"wp:term":[{"taxonomy":"product_brand","embeddable":true,"href":"https:\/\/dos20.cl\/index.php?rest_route=%2Fwp%2Fv2%2Fproduct_brand&post=15800"},{"taxonomy":"product_cat","embeddable":true,"href":"https:\/\/dos20.cl\/index.php?rest_route=%2Fwp%2Fv2%2Fproduct_cat&post=15800"},{"taxonomy":"product_tag","embeddable":true,"href":"https:\/\/dos20.cl\/index.php?rest_route=%2Fwp%2Fv2%2Fproduct_tag&post=15800"}],"curies":[{"name":"wp","href":"https:\/\/api.w.org\/{rel}","templated":true}]}}