{"id":15799,"date":"2021-01-03T23:47:50","date_gmt":"2021-01-03T23:47:50","guid":{"rendered":"https:\/\/dos20.cl\/?post_type=product&#038;p=15799"},"modified":"2026-03-18T12:52:10","modified_gmt":"2026-03-18T12:52:10","slug":"dcx-38","status":"publish","type":"product","link":"https:\/\/dos20.cl\/?product=dcx-38","title":{"rendered":"\ud83c\udde8\ud83c\udded KELLER\u00ae Sensor de nivel de gran resoluci\u00f3n [mbar] con Datalogger DCX-38"},"content":{"rendered":"<p><span style=\"font-weight: 400;\">Los registradores de datos DCX-38 est\u00e1n concebidos para realizar mediciones de nivel con gran resoluci\u00f3n en mbar. Pueden detectar niveles de agua con una banda de error total de tan solo 1 [mm] (rango de medici\u00f3n 0,5 [m] de columna de agua, rango de temperatura compensado -10&#8230;40 \u00b0C). Gracias a la larga vida \u00fatil de la bater\u00eda, el nivel o la presi\u00f3n del agua y la temperatura se pueden grabar durante a\u00f1os (hasta diez a\u00f1os si se realiza una medici\u00f3n cada hora). Con el software facilitado es posible configurar el registrador (intervalo de medici\u00f3n, control de eventos, inicio retardado de la medici\u00f3n, etc.) y los datos le\u00eddos pueden representarse c\u00f3modamente de forma gr\u00e1fica, convertirse a niveles de llenado o a otras unidades y exportarse.<\/span><\/p>\n<p>&nbsp;<\/p>\n","protected":false},"excerpt":{"rendered":"<p><span style=\"font-weight: 400;\">Los registradores de datos DCX-38 est\u00e1n concebidos para realizar mediciones de nivel con gran resoluci\u00f3n en mbar. <\/span><\/p>\n<p><span style=\"font-weight: 400;\">Pueden detectar niveles de agua con una banda de error total de tan solo 1 [mm] (rango de medici\u00f3n 0,5 m de columna de agua, rango de temperatura compensado -10&#8230;40 \u00b0C). <\/span><\/p>\n<p><span style=\"font-weight: 400;\">Gracias a la larga vida \u00fatil de la bater\u00eda, el nivel o la presi\u00f3n del agua y la temperatura se pueden grabar durante a\u00f1os (hasta diez a\u00f1os si se realiza una medici\u00f3n cada hora). <\/span><\/p>\n","protected":false},"featured_media":18063,"template":"","meta":{"site-sidebar-layout":"default","site-content-layout":"","ast-site-content-layout":"default","site-content-style":"default","site-sidebar-style":"default","ast-global-header-display":"","ast-banner-title-visibility":"","ast-main-header-display":"","ast-hfb-above-header-display":"","ast-hfb-below-header-display":"","ast-hfb-mobile-header-display":"","site-post-title":"","ast-breadcrumbs-content":"","ast-featured-img":"","footer-sml-layout":"","theme-transparent-header-meta":"default","adv-header-id-meta":"","stick-header-meta":"","header-above-stick-meta":"","header-main-stick-meta":"","header-below-stick-meta":"","astra-migrate-meta-layouts":"set","ast-page-background-enabled":"default","ast-page-background-meta":{"desktop":{"background-color":"var(--ast-global-color-4)","background-image":"","background-repeat":"repeat","background-position":"center center","background-size":"auto","background-attachment":"scroll","background-type":"","background-media":"","overlay-type":"","overlay-color":"","overlay-opacity":"","overlay-gradient":""},"tablet":{"background-color":"","background-image":"","background-repeat":"repeat","background-position":"center center","background-size":"auto","background-attachment":"scroll","background-type":"","background-media":"","overlay-type":"","overlay-color":"","overlay-opacity":"","overlay-gradient":""},"mobile":{"background-color":"","background-image":"","background-repeat":"repeat","background-position":"center center","background-size":"auto","background-attachment":"scroll","background-type":"","background-media":"","overlay-type":"","overlay-color":"","overlay-opacity":"","overlay-gradient":""}},"ast-content-background-meta":{"desktop":{"background-color":"var(--ast-global-color-5)","background-image":"","background-repeat":"repeat","background-position":"center center","background-size":"auto","background-attachment":"scroll","background-type":"","background-media":"","overlay-type":"","overlay-color":"","overlay-opacity":"","overlay-gradient":""},"tablet":{"background-color":"var(--ast-global-color-5)","background-image":"","background-repeat":"repeat","background-position":"center center","background-size":"auto","background-attachment":"scroll","background-type":"","background-media":"","overlay-type":"","overlay-color":"","overlay-opacity":"","overlay-gradient":""},"mobile":{"background-color":"var(--ast-global-color-5)","background-image":"","background-repeat":"repeat","background-position":"center center","background-size":"auto","background-attachment":"scroll","background-type":"","background-media":"","overlay-type":"","overlay-color":"","overlay-opacity":"","overlay-gradient":""}}},"product_brand":[170],"product_cat":[84,49],"product_tag":[157,156,164],"class_list":{"0":"post-15799","1":"product","2":"type-product","3":"status-publish","4":"has-post-thumbnail","6":"product_brand-keller","7":"product_cat-registrador-de-datos-datalogger","8":"product_cat-sensores","9":"product_tag-autonomo","10":"product_tag-datalogger","11":"product_tag-sensor-de-nivel","12":"desktop-align-center","13":"tablet-align-left","14":"mobile-align-left","16":"first","17":"instock","18":"shipping-taxable","19":"purchasable","20":"product-type-simple"},"_links":{"self":[{"href":"https:\/\/dos20.cl\/index.php?rest_route=\/wp\/v2\/product\/15799","targetHints":{"allow":["GET"]}}],"collection":[{"href":"https:\/\/dos20.cl\/index.php?rest_route=\/wp\/v2\/product"}],"about":[{"href":"https:\/\/dos20.cl\/index.php?rest_route=\/wp\/v2\/types\/product"}],"wp:featuredmedia":[{"embeddable":true,"href":"https:\/\/dos20.cl\/index.php?rest_route=\/wp\/v2\/media\/18063"}],"wp:attachment":[{"href":"https:\/\/dos20.cl\/index.php?rest_route=%2Fwp%2Fv2%2Fmedia&parent=15799"}],"wp:term":[{"taxonomy":"product_brand","embeddable":true,"href":"https:\/\/dos20.cl\/index.php?rest_route=%2Fwp%2Fv2%2Fproduct_brand&post=15799"},{"taxonomy":"product_cat","embeddable":true,"href":"https:\/\/dos20.cl\/index.php?rest_route=%2Fwp%2Fv2%2Fproduct_cat&post=15799"},{"taxonomy":"product_tag","embeddable":true,"href":"https:\/\/dos20.cl\/index.php?rest_route=%2Fwp%2Fv2%2Fproduct_tag&post=15799"}],"curies":[{"name":"wp","href":"https:\/\/api.w.org\/{rel}","templated":true}]}}