{"id":15777,"date":"2021-01-03T20:05:43","date_gmt":"2021-01-03T20:05:43","guid":{"rendered":"https:\/\/dos20.cl\/?post_type=product&#038;p=15777"},"modified":"2026-03-18T12:52:43","modified_gmt":"2026-03-18T12:52:43","slug":"dcx-18-eco","status":"publish","type":"product","link":"https:\/\/dos20.cl\/?product=dcx-18-eco","title":{"rendered":"\ud83c\udde8\ud83c\udded KELLER\u00ae Datalogger DCX-18-ECO Sensor aut\u00f3nomo recargable"},"content":{"rendered":"<p>El DCX-18 ECO es un instrumento aut\u00f3nomo alimentado por bater\u00eda recargable. Cuenta con una carcasa de acero inoxidable de 18 mm de di\u00e1metro dise\u00f1ada para registrar la presi\u00f3n (profundidad del agua) y la temperatura durante largos per\u00edodos a un precio muy econ\u00f3mico. Su peque\u00f1o tama\u00f1o, bater\u00eda recargable, carcasa completamente soldada y la opci\u00f3n de sensor correspondiente son solo algunas de las muchas ventajas que ofrece el DCX-18 ECO.<\/p>\n<p>&nbsp;<\/p>\n<p>La electr\u00f3nica emplea la \u00faltima tecnolog\u00eda de microprocesador que proporciona alta precisi\u00f3n y resoluci\u00f3n para las se\u00f1ales de presi\u00f3n y temperatura. Los valores medidos se compensan matem\u00e1ticamente para todos los errores de linealidad y temperatura del sensor de presi\u00f3n. El uso de una memoria no vol\u00e1til para el almacenamiento de datos garantiza una alta seguridad de los datos.<\/p>\n","protected":false},"excerpt":{"rendered":"<p>El DCX-18 ECO es un instrumento aut\u00f3nomo alimentado por bater\u00eda recargable. Cuenta con una carcasa de acero inoxidable de 18 [&hellip;]<\/p>\n","protected":false},"featured_media":15788,"template":"","meta":{"site-sidebar-layout":"default","site-content-layout":"","ast-site-content-layout":"default","site-content-style":"default","site-sidebar-style":"default","ast-global-header-display":"","ast-banner-title-visibility":"","ast-main-header-display":"","ast-hfb-above-header-display":"","ast-hfb-below-header-display":"","ast-hfb-mobile-header-display":"","site-post-title":"","ast-breadcrumbs-content":"","ast-featured-img":"","footer-sml-layout":"","theme-transparent-header-meta":"default","adv-header-id-meta":"","stick-header-meta":"","header-above-stick-meta":"","header-main-stick-meta":"","header-below-stick-meta":"","astra-migrate-meta-layouts":"set","ast-page-background-enabled":"default","ast-page-background-meta":{"desktop":{"background-color":"var(--ast-global-color-4)","background-image":"","background-repeat":"repeat","background-position":"center center","background-size":"auto","background-attachment":"scroll","background-type":"","background-media":"","overlay-type":"","overlay-color":"","overlay-opacity":"","overlay-gradient":""},"tablet":{"background-color":"","background-image":"","background-repeat":"repeat","background-position":"center center","background-size":"auto","background-attachment":"scroll","background-type":"","background-media":"","overlay-type":"","overlay-color":"","overlay-opacity":"","overlay-gradient":""},"mobile":{"background-color":"","background-image":"","background-repeat":"repeat","background-position":"center center","background-size":"auto","background-attachment":"scroll","background-type":"","background-media":"","overlay-type":"","overlay-color":"","overlay-opacity":"","overlay-gradient":""}},"ast-content-background-meta":{"desktop":{"background-color":"var(--ast-global-color-5)","background-image":"","background-repeat":"repeat","background-position":"center center","background-size":"auto","background-attachment":"scroll","background-type":"","background-media":"","overlay-type":"","overlay-color":"","overlay-opacity":"","overlay-gradient":""},"tablet":{"background-color":"var(--ast-global-color-5)","background-image":"","background-repeat":"repeat","background-position":"center center","background-size":"auto","background-attachment":"scroll","background-type":"","background-media":"","overlay-type":"","overlay-color":"","overlay-opacity":"","overlay-gradient":""},"mobile":{"background-color":"var(--ast-global-color-5)","background-image":"","background-repeat":"repeat","background-position":"center center","background-size":"auto","background-attachment":"scroll","background-type":"","background-media":"","overlay-type":"","overlay-color":"","overlay-opacity":"","overlay-gradient":""}}},"product_brand":[170],"product_cat":[84,49],"product_tag":[157,154,163,244,245],"class_list":{"0":"post-15777","1":"product","2":"type-product","3":"status-publish","4":"has-post-thumbnail","6":"product_brand-keller","7":"product_cat-registrador-de-datos-datalogger","8":"product_cat-sensores","9":"product_tag-autonomo","10":"product_tag-presion","11":"product_tag-sensor-de-presion","12":"product_tag-sensor-temperatura","13":"product_tag-temperatura","14":"desktop-align-center","15":"tablet-align-left","16":"mobile-align-left","18":"first","19":"instock","20":"shipping-taxable","21":"purchasable","22":"product-type-simple"},"_links":{"self":[{"href":"https:\/\/dos20.cl\/index.php?rest_route=\/wp\/v2\/product\/15777","targetHints":{"allow":["GET"]}}],"collection":[{"href":"https:\/\/dos20.cl\/index.php?rest_route=\/wp\/v2\/product"}],"about":[{"href":"https:\/\/dos20.cl\/index.php?rest_route=\/wp\/v2\/types\/product"}],"wp:featuredmedia":[{"embeddable":true,"href":"https:\/\/dos20.cl\/index.php?rest_route=\/wp\/v2\/media\/15788"}],"wp:attachment":[{"href":"https:\/\/dos20.cl\/index.php?rest_route=%2Fwp%2Fv2%2Fmedia&parent=15777"}],"wp:term":[{"taxonomy":"product_brand","embeddable":true,"href":"https:\/\/dos20.cl\/index.php?rest_route=%2Fwp%2Fv2%2Fproduct_brand&post=15777"},{"taxonomy":"product_cat","embeddable":true,"href":"https:\/\/dos20.cl\/index.php?rest_route=%2Fwp%2Fv2%2Fproduct_cat&post=15777"},{"taxonomy":"product_tag","embeddable":true,"href":"https:\/\/dos20.cl\/index.php?rest_route=%2Fwp%2Fv2%2Fproduct_tag&post=15777"}],"curies":[{"name":"wp","href":"https:\/\/api.w.org\/{rel}","templated":true}]}}