{"id":15776,"date":"2021-01-03T19:56:41","date_gmt":"2021-01-03T19:56:41","guid":{"rendered":"https:\/\/dos20.cl\/?post_type=product&#038;p=15776"},"modified":"2026-03-18T12:53:16","modified_gmt":"2026-03-18T12:53:16","slug":"dcx-22aa","status":"publish","type":"product","link":"https:\/\/dos20.cl\/?product=dcx-22aa","title":{"rendered":"\ud83c\udde8\ud83c\udded KELLER\u00ae Datalogger DCX-22AA &#8211; Sensor aut\u00f3nomo para nivel \/ presi\u00f3n \/ temperatura"},"content":{"rendered":"<p>Los\u00a0<span class=\"info\" data-link=\"Datenlogger\">registradores de datos<\/span>\u00a0DCX-22AA compensan las\u00a0<span class=\"info\" data-link=\"Barometrischer Druck, Luftdruck\">variaciones de presi\u00f3n atmosf\u00e9rica<\/span>\u00a0mediante un\u00a0<span class=\"info\" data-link=\"Absolutdruck\">sensor de presi\u00f3n absoluta<\/span>\u00a0independiente y estanco al agua con\u00a0<span class=\"info\" data-link=\"Trennmembrane\">membrana de separaci\u00f3n de acero<\/span>. Al contrario de lo que sucede en los sistemas de presi\u00f3n relativa con tubo capilar, este sistema es completamente insensible a la humedad y por tanto se puede sumergir. Gracias a la larga vida \u00fatil de la bater\u00eda, el nivel o la presi\u00f3n del agua y la temperatura se pueden grabar durante a\u00f1os (hasta diez a\u00f1os si se realiza una medici\u00f3n cada hora). Con el software facilitado es posible configurar el registrador (intervalo de medici\u00f3n, control de eventos, inicio retardado de la medici\u00f3n, etc.) y los datos le\u00eddos pueden representarse c\u00f3modamente de forma gr\u00e1fica, corregirse con valores de presi\u00f3n atmosf\u00e9rica, convertirse a niveles de llenado o a otras unidades y exportarse.<\/p>\n<p>&nbsp;<\/p>\n","protected":false},"excerpt":{"rendered":"<p>Los\u00a0<span class=\"info\" data-link=\"Datenlogger\">registradores de datos<\/span>\u00a0DCX-22AA compensan las\u00a0<span class=\"info\" data-link=\"Barometrischer Druck, Luftdruck\">variaciones de presi\u00f3n atmosf\u00e9rica<\/span>\u00a0mediante un\u00a0<span class=\"info\" data-link=\"Absolutdruck\">sensor de presi\u00f3n absoluta<\/span>\u00a0independiente y estanco al agua con\u00a0<span class=\"info\" data-link=\"Trennmembrane\">membrana de separaci\u00f3n de acero<\/span>.<\/p>\n","protected":false},"featured_media":15782,"template":"","meta":{"site-sidebar-layout":"default","site-content-layout":"","ast-site-content-layout":"default","site-content-style":"default","site-sidebar-style":"default","ast-global-header-display":"","ast-banner-title-visibility":"","ast-main-header-display":"","ast-hfb-above-header-display":"","ast-hfb-below-header-display":"","ast-hfb-mobile-header-display":"","site-post-title":"","ast-breadcrumbs-content":"","ast-featured-img":"","footer-sml-layout":"","theme-transparent-header-meta":"default","adv-header-id-meta":"","stick-header-meta":"","header-above-stick-meta":"","header-main-stick-meta":"","header-below-stick-meta":"","astra-migrate-meta-layouts":"set","ast-page-background-enabled":"default","ast-page-background-meta":{"desktop":{"background-color":"var(--ast-global-color-4)","background-image":"","background-repeat":"repeat","background-position":"center center","background-size":"auto","background-attachment":"scroll","background-type":"","background-media":"","overlay-type":"","overlay-color":"","overlay-opacity":"","overlay-gradient":""},"tablet":{"background-color":"","background-image":"","background-repeat":"repeat","background-position":"center center","background-size":"auto","background-attachment":"scroll","background-type":"","background-media":"","overlay-type":"","overlay-color":"","overlay-opacity":"","overlay-gradient":""},"mobile":{"background-color":"","background-image":"","background-repeat":"repeat","background-position":"center center","background-size":"auto","background-attachment":"scroll","background-type":"","background-media":"","overlay-type":"","overlay-color":"","overlay-opacity":"","overlay-gradient":""}},"ast-content-background-meta":{"desktop":{"background-color":"var(--ast-global-color-5)","background-image":"","background-repeat":"repeat","background-position":"center center","background-size":"auto","background-attachment":"scroll","background-type":"","background-media":"","overlay-type":"","overlay-color":"","overlay-opacity":"","overlay-gradient":""},"tablet":{"background-color":"var(--ast-global-color-5)","background-image":"","background-repeat":"repeat","background-position":"center center","background-size":"auto","background-attachment":"scroll","background-type":"","background-media":"","overlay-type":"","overlay-color":"","overlay-opacity":"","overlay-gradient":""},"mobile":{"background-color":"var(--ast-global-color-5)","background-image":"","background-repeat":"repeat","background-position":"center center","background-size":"auto","background-attachment":"scroll","background-type":"","background-media":"","overlay-type":"","overlay-color":"","overlay-opacity":"","overlay-gradient":""}}},"product_brand":[170],"product_cat":[84,49],"product_tag":[157,156,234],"class_list":{"0":"post-15776","1":"product","2":"type-product","3":"status-publish","4":"has-post-thumbnail","6":"product_brand-keller","7":"product_cat-registrador-de-datos-datalogger","8":"product_cat-sensores","9":"product_tag-autonomo","10":"product_tag-datalogger","11":"product_tag-sensor","12":"desktop-align-center","13":"tablet-align-left","14":"mobile-align-left","16":"first","17":"instock","18":"shipping-taxable","19":"purchasable","20":"product-type-simple"},"_links":{"self":[{"href":"https:\/\/dos20.cl\/index.php?rest_route=\/wp\/v2\/product\/15776","targetHints":{"allow":["GET"]}}],"collection":[{"href":"https:\/\/dos20.cl\/index.php?rest_route=\/wp\/v2\/product"}],"about":[{"href":"https:\/\/dos20.cl\/index.php?rest_route=\/wp\/v2\/types\/product"}],"wp:featuredmedia":[{"embeddable":true,"href":"https:\/\/dos20.cl\/index.php?rest_route=\/wp\/v2\/media\/15782"}],"wp:attachment":[{"href":"https:\/\/dos20.cl\/index.php?rest_route=%2Fwp%2Fv2%2Fmedia&parent=15776"}],"wp:term":[{"taxonomy":"product_brand","embeddable":true,"href":"https:\/\/dos20.cl\/index.php?rest_route=%2Fwp%2Fv2%2Fproduct_brand&post=15776"},{"taxonomy":"product_cat","embeddable":true,"href":"https:\/\/dos20.cl\/index.php?rest_route=%2Fwp%2Fv2%2Fproduct_cat&post=15776"},{"taxonomy":"product_tag","embeddable":true,"href":"https:\/\/dos20.cl\/index.php?rest_route=%2Fwp%2Fv2%2Fproduct_tag&post=15776"}],"curies":[{"name":"wp","href":"https:\/\/api.w.org\/{rel}","templated":true}]}}