{"id":15437,"date":"2020-03-05T02:45:48","date_gmt":"2020-03-05T02:45:48","guid":{"rendered":"https:\/\/dos20.cl\/?post_type=product&#038;p=15437"},"modified":"2026-03-18T11:50:03","modified_gmt":"2026-03-18T11:50:03","slug":"mqu-flujometro-ultrasonico","status":"publish","type":"product","link":"https:\/\/dos20.cl\/?product=mqu-flujometro-ultrasonico","title":{"rendered":"\ud83c\udde8\ud83c\uddff ARKON\u00ae MQU &#8211; Fluj\u00f3metro Ultras\u00f3nico para canales abiertos (Parshall)"},"content":{"rendered":"<p>El MQU es el medidor ultras\u00f3nico de Arkon para canales abiertos. <strong>Debe usarse en combinaci\u00f3n con un canal\u00f3n. <\/strong><\/p>\n<p>Consiste en un transmisor MQU de Arkon y una sonda. La sonda tiene un rango de medici\u00f3n de 0,5; 2 o 4 metros.<\/p>\n<p>El transmisor incluye una pantalla LCD, 4 botones, un registrador de datos interno, comunicaci\u00f3n RS-232 o RS-485 (solo se puede seleccionar uno), compensaci\u00f3n de temperatura y salida anal\u00f3gica y binaria. Las entregas MQU tambi\u00e9n incluyen un soporte de montaje.<\/p>\n<p>Tambi\u00e9n dispone de una versi\u00f3n para medici\u00f3n con 2 sensores en lugar de solo 1.<\/p>\n<p>&nbsp;<\/p>\n","protected":false},"excerpt":{"rendered":"<p>El MQU es el medidor ultras\u00f3nico de Arkon para canales abiertos.<\/p>\n<p><strong>Debe usarse en combinaci\u00f3n con un canal\u00f3n<\/strong>.<\/p>\n<p>Consiste en un transmisor MQU de Arkon y una sonda. La sonda tiene un rango de medici\u00f3n de 0,5, 2 o 4 metros. El transmisor incluye una pantalla LCD, 4 botones, un registrador de datos interno, comunicaci\u00f3n RS-232 o RS-485 (solo se puede seleccionar uno), compensaci\u00f3n de temperatura y salida anal\u00f3gica y binaria. Las entregas MQU tambi\u00e9n incluyen un soporte de montaje.<\/p>\n<p>Tambi\u00e9n dispone de una versi\u00f3n para medici\u00f3n con 2 sensores en lugar de solo 1.<\/p>\n","protected":false},"featured_media":18016,"template":"","meta":{"site-sidebar-layout":"default","site-content-layout":"","ast-site-content-layout":"default","site-content-style":"default","site-sidebar-style":"default","ast-global-header-display":"","ast-banner-title-visibility":"","ast-main-header-display":"","ast-hfb-above-header-display":"","ast-hfb-below-header-display":"","ast-hfb-mobile-header-display":"","site-post-title":"","ast-breadcrumbs-content":"","ast-featured-img":"","footer-sml-layout":"","theme-transparent-header-meta":"default","adv-header-id-meta":"","stick-header-meta":"","header-above-stick-meta":"","header-main-stick-meta":"","header-below-stick-meta":"","astra-migrate-meta-layouts":"set","ast-page-background-enabled":"default","ast-page-background-meta":{"desktop":{"background-color":"var(--ast-global-color-4)","background-image":"","background-repeat":"repeat","background-position":"center center","background-size":"auto","background-attachment":"scroll","background-type":"","background-media":"","overlay-type":"","overlay-color":"","overlay-opacity":"","overlay-gradient":""},"tablet":{"background-color":"","background-image":"","background-repeat":"repeat","background-position":"center center","background-size":"auto","background-attachment":"scroll","background-type":"","background-media":"","overlay-type":"","overlay-color":"","overlay-opacity":"","overlay-gradient":""},"mobile":{"background-color":"","background-image":"","background-repeat":"repeat","background-position":"center center","background-size":"auto","background-attachment":"scroll","background-type":"","background-media":"","overlay-type":"","overlay-color":"","overlay-opacity":"","overlay-gradient":""}},"ast-content-background-meta":{"desktop":{"background-color":"var(--ast-global-color-5)","background-image":"","background-repeat":"repeat","background-position":"center center","background-size":"auto","background-attachment":"scroll","background-type":"","background-media":"","overlay-type":"","overlay-color":"","overlay-opacity":"","overlay-gradient":""},"tablet":{"background-color":"var(--ast-global-color-5)","background-image":"","background-repeat":"repeat","background-position":"center center","background-size":"auto","background-attachment":"scroll","background-type":"","background-media":"","overlay-type":"","overlay-color":"","overlay-opacity":"","overlay-gradient":""},"mobile":{"background-color":"var(--ast-global-color-5)","background-image":"","background-repeat":"repeat","background-position":"center center","background-size":"auto","background-attachment":"scroll","background-type":"","background-media":"","overlay-type":"","overlay-color":"","overlay-opacity":"","overlay-gradient":""}}},"product_brand":[169],"product_cat":[47,147],"product_tag":[160,207,208],"class_list":{"0":"post-15437","1":"product","2":"type-product","3":"status-publish","4":"has-post-thumbnail","6":"product_brand-arkon","7":"product_cat-flujometros","8":"product_cat-flujometros-medicion-vertederos","9":"product_tag-flujometro","10":"product_tag-sensor-ultrasonico","11":"product_tag-ultrasonico","12":"desktop-align-center","13":"tablet-align-left","14":"mobile-align-left","16":"first","17":"instock","18":"shipping-taxable","19":"product-type-simple"},"_links":{"self":[{"href":"https:\/\/dos20.cl\/index.php?rest_route=\/wp\/v2\/product\/15437","targetHints":{"allow":["GET"]}}],"collection":[{"href":"https:\/\/dos20.cl\/index.php?rest_route=\/wp\/v2\/product"}],"about":[{"href":"https:\/\/dos20.cl\/index.php?rest_route=\/wp\/v2\/types\/product"}],"wp:featuredmedia":[{"embeddable":true,"href":"https:\/\/dos20.cl\/index.php?rest_route=\/wp\/v2\/media\/18016"}],"wp:attachment":[{"href":"https:\/\/dos20.cl\/index.php?rest_route=%2Fwp%2Fv2%2Fmedia&parent=15437"}],"wp:term":[{"taxonomy":"product_brand","embeddable":true,"href":"https:\/\/dos20.cl\/index.php?rest_route=%2Fwp%2Fv2%2Fproduct_brand&post=15437"},{"taxonomy":"product_cat","embeddable":true,"href":"https:\/\/dos20.cl\/index.php?rest_route=%2Fwp%2Fv2%2Fproduct_cat&post=15437"},{"taxonomy":"product_tag","embeddable":true,"href":"https:\/\/dos20.cl\/index.php?rest_route=%2Fwp%2Fv2%2Fproduct_tag&post=15437"}],"curies":[{"name":"wp","href":"https:\/\/api.w.org\/{rel}","templated":true}]}}