{"id":15354,"date":"2020-03-04T23:57:03","date_gmt":"2020-03-04T23:57:03","guid":{"rendered":"https:\/\/dos20.cl\/?post_type=product&#038;p=15354"},"modified":"2026-03-18T13:20:30","modified_gmt":"2026-03-18T13:20:30","slug":"transmisor-nivumaster","status":"publish","type":"product","link":"https:\/\/dos20.cl\/?product=transmisor-nivumaster","title":{"rendered":"\ud83c\udde9\ud83c\uddea NivuMaster (NM)"},"content":{"rendered":"<p>El NivuMaster, a sido dise\u00f1ado para la medici\u00f3n de caudal sin contacto, por medio de sensores de nivel mediante tecnolog\u00eda de ultrasonido (serie P) o de radar (serie R).<\/p>\n<p>Ideal para realizar mediciones de caudal en cualquier tipo de vertedero o mediante relaci\u00f3n Q\/H. Tambi\u00e9n permite realizar tareas simples de control en aplicaciones de medici\u00f3n de nivel.<\/p>\n<p>Los escasos par\u00e1metros necesarios para la medici\u00f3n se pueden ingresar f\u00e1cilmente gracias a la pantalla con luz de fondo y al teclado integrado.<\/p>\n<p>Los par\u00e1metros se pueden evaluar con el software gratuito \u201cPC Software Suite\u201d y la interfaz de serie del transmisor.<\/p>\n","protected":false},"excerpt":{"rendered":"<p>Para la medici\u00f3n de nivel con sensores ultras\u00f3nicos<\/p>\n<p>Para la alimentaci\u00f3n de sensores ultras\u00f3nicos de la serie P conectados, el procesamiento de datos de se\u00f1al y la indicaci\u00f3n de las lecturas calculadas. Ideal para la medici\u00f3n y el control en aplicaciones de nivel y volumen.<\/p>\n","protected":false},"featured_media":18014,"template":"","meta":{"site-sidebar-layout":"default","site-content-layout":"","ast-site-content-layout":"default","site-content-style":"default","site-sidebar-style":"default","ast-global-header-display":"","ast-banner-title-visibility":"","ast-main-header-display":"","ast-hfb-above-header-display":"","ast-hfb-below-header-display":"","ast-hfb-mobile-header-display":"","site-post-title":"","ast-breadcrumbs-content":"","ast-featured-img":"","footer-sml-layout":"","theme-transparent-header-meta":"default","adv-header-id-meta":"","stick-header-meta":"","header-above-stick-meta":"","header-main-stick-meta":"","header-below-stick-meta":"","astra-migrate-meta-layouts":"set","ast-page-background-enabled":"default","ast-page-background-meta":{"desktop":{"background-color":"var(--ast-global-color-4)","background-image":"","background-repeat":"repeat","background-position":"center center","background-size":"auto","background-attachment":"scroll","background-type":"","background-media":"","overlay-type":"","overlay-color":"","overlay-opacity":"","overlay-gradient":""},"tablet":{"background-color":"","background-image":"","background-repeat":"repeat","background-position":"center center","background-size":"auto","background-attachment":"scroll","background-type":"","background-media":"","overlay-type":"","overlay-color":"","overlay-opacity":"","overlay-gradient":""},"mobile":{"background-color":"","background-image":"","background-repeat":"repeat","background-position":"center center","background-size":"auto","background-attachment":"scroll","background-type":"","background-media":"","overlay-type":"","overlay-color":"","overlay-opacity":"","overlay-gradient":""}},"ast-content-background-meta":{"desktop":{"background-color":"var(--ast-global-color-5)","background-image":"","background-repeat":"repeat","background-position":"center center","background-size":"auto","background-attachment":"scroll","background-type":"","background-media":"","overlay-type":"","overlay-color":"","overlay-opacity":"","overlay-gradient":""},"tablet":{"background-color":"var(--ast-global-color-5)","background-image":"","background-repeat":"repeat","background-position":"center center","background-size":"auto","background-attachment":"scroll","background-type":"","background-media":"","overlay-type":"","overlay-color":"","overlay-opacity":"","overlay-gradient":""},"mobile":{"background-color":"var(--ast-global-color-5)","background-image":"","background-repeat":"repeat","background-position":"center center","background-size":"auto","background-attachment":"scroll","background-type":"","background-media":"","overlay-type":"","overlay-color":"","overlay-opacity":"","overlay-gradient":""}}},"product_brand":[177],"product_cat":[47,147],"product_tag":[160,206],"class_list":{"0":"post-15354","1":"product","2":"type-product","3":"status-publish","4":"has-post-thumbnail","6":"product_brand-nivus","7":"product_cat-flujometros","8":"product_cat-flujometros-medicion-vertederos","9":"product_tag-flujometro","10":"product_tag-medicion-vertederos","11":"desktop-align-center","12":"tablet-align-left","13":"mobile-align-left","15":"first","16":"instock","17":"shipping-taxable","18":"product-type-simple"},"_links":{"self":[{"href":"https:\/\/dos20.cl\/index.php?rest_route=\/wp\/v2\/product\/15354","targetHints":{"allow":["GET"]}}],"collection":[{"href":"https:\/\/dos20.cl\/index.php?rest_route=\/wp\/v2\/product"}],"about":[{"href":"https:\/\/dos20.cl\/index.php?rest_route=\/wp\/v2\/types\/product"}],"wp:featuredmedia":[{"embeddable":true,"href":"https:\/\/dos20.cl\/index.php?rest_route=\/wp\/v2\/media\/18014"}],"wp:attachment":[{"href":"https:\/\/dos20.cl\/index.php?rest_route=%2Fwp%2Fv2%2Fmedia&parent=15354"}],"wp:term":[{"taxonomy":"product_brand","embeddable":true,"href":"https:\/\/dos20.cl\/index.php?rest_route=%2Fwp%2Fv2%2Fproduct_brand&post=15354"},{"taxonomy":"product_cat","embeddable":true,"href":"https:\/\/dos20.cl\/index.php?rest_route=%2Fwp%2Fv2%2Fproduct_cat&post=15354"},{"taxonomy":"product_tag","embeddable":true,"href":"https:\/\/dos20.cl\/index.php?rest_route=%2Fwp%2Fv2%2Fproduct_tag&post=15354"}],"curies":[{"name":"wp","href":"https:\/\/api.w.org\/{rel}","templated":true}]}}