{"id":15286,"date":"2020-03-04T19:39:17","date_gmt":"2020-03-04T19:39:17","guid":{"rendered":"https:\/\/dos20.cl\/?post_type=product&#038;p=15286"},"modified":"2026-03-18T11:58:15","modified_gmt":"2026-03-18T11:58:15","slug":"controlador-touch-ct70","status":"publish","type":"product","link":"https:\/\/dos20.cl\/?product=controlador-touch-ct70","title":{"rendered":"\ud83c\udde8\ud83c\uddf1 Controlador Touch FLUX\u00ae CT71"},"content":{"rendered":"<p>El Controlador Touch FLUX CT71 constituye una soluci\u00f3n \u00f3ptima para la automatizaci\u00f3n de procesos cuando necesitas mayor visualizaci\u00f3n. Su pantalla touch y resistiva permite interactuar con las im\u00e1genes en pantalla proporcionando una potente herramienta adaptada a las necesidades espec\u00edficas de cada cliente.<\/p>\n<p>El Controlador Touch FLUX CT71 es apropiado para entornos de miner\u00eda, construcci\u00f3n e industria, siendo utilizado para una gran variedad de aplicaciones. El equipo tiene protecci\u00f3n IP65 que lo resguarda contra la acci\u00f3n del polvo y salpicaduras de agua.<\/p>\n","protected":false},"excerpt":{"rendered":"<p>El Controlador Touch FLUX CT71 constituye una soluci\u00f3n \u00f3ptima para la automatizaci\u00f3n de procesos cuando necesitas mayor visualizaci\u00f3n. Su pantalla touch y resistiva permite interactuar con las im\u00e1genes en pantalla proporcionando una potente herramienta adaptada a las necesidades espec\u00edficas de cada cliente.<\/p>\n","protected":false},"featured_media":18616,"template":"","meta":{"site-sidebar-layout":"default","site-content-layout":"","ast-site-content-layout":"default","site-content-style":"default","site-sidebar-style":"default","ast-global-header-display":"","ast-banner-title-visibility":"","ast-main-header-display":"","ast-hfb-above-header-display":"","ast-hfb-below-header-display":"","ast-hfb-mobile-header-display":"","site-post-title":"","ast-breadcrumbs-content":"","ast-featured-img":"","footer-sml-layout":"","theme-transparent-header-meta":"default","adv-header-id-meta":"","stick-header-meta":"","header-above-stick-meta":"","header-main-stick-meta":"","header-below-stick-meta":"","astra-migrate-meta-layouts":"set","ast-page-background-enabled":"default","ast-page-background-meta":{"desktop":{"background-color":"var(--ast-global-color-4)","background-image":"","background-repeat":"repeat","background-position":"center center","background-size":"auto","background-attachment":"scroll","background-type":"","background-media":"","overlay-type":"","overlay-color":"","overlay-opacity":"","overlay-gradient":""},"tablet":{"background-color":"","background-image":"","background-repeat":"repeat","background-position":"center center","background-size":"auto","background-attachment":"scroll","background-type":"","background-media":"","overlay-type":"","overlay-color":"","overlay-opacity":"","overlay-gradient":""},"mobile":{"background-color":"","background-image":"","background-repeat":"repeat","background-position":"center center","background-size":"auto","background-attachment":"scroll","background-type":"","background-media":"","overlay-type":"","overlay-color":"","overlay-opacity":"","overlay-gradient":""}},"ast-content-background-meta":{"desktop":{"background-color":"var(--ast-global-color-5)","background-image":"","background-repeat":"repeat","background-position":"center center","background-size":"auto","background-attachment":"scroll","background-type":"","background-media":"","overlay-type":"","overlay-color":"","overlay-opacity":"","overlay-gradient":""},"tablet":{"background-color":"var(--ast-global-color-5)","background-image":"","background-repeat":"repeat","background-position":"center center","background-size":"auto","background-attachment":"scroll","background-type":"","background-media":"","overlay-type":"","overlay-color":"","overlay-opacity":"","overlay-gradient":""},"mobile":{"background-color":"var(--ast-global-color-5)","background-image":"","background-repeat":"repeat","background-position":"center center","background-size":"auto","background-attachment":"scroll","background-type":"","background-media":"","overlay-type":"","overlay-color":"","overlay-opacity":"","overlay-gradient":""}}},"product_brand":[178],"product_cat":[142,51,144],"product_tag":[185,182,184,183],"class_list":{"0":"post-15286","1":"product","2":"type-product","3":"status-publish","4":"has-post-thumbnail","6":"product_brand-flux","7":"product_cat-controladores-flux","8":"product_cat-dispositivos-de-control","9":"product_cat-telemetria","10":"product_tag-automatizacion","11":"product_tag-controlador","12":"product_tag-procesos","13":"product_tag-senales","14":"desktop-align-center","15":"tablet-align-left","16":"mobile-align-left","18":"first","19":"instock","20":"featured","21":"shipping-taxable","22":"product-type-simple"},"_links":{"self":[{"href":"https:\/\/dos20.cl\/index.php?rest_route=\/wp\/v2\/product\/15286","targetHints":{"allow":["GET"]}}],"collection":[{"href":"https:\/\/dos20.cl\/index.php?rest_route=\/wp\/v2\/product"}],"about":[{"href":"https:\/\/dos20.cl\/index.php?rest_route=\/wp\/v2\/types\/product"}],"wp:featuredmedia":[{"embeddable":true,"href":"https:\/\/dos20.cl\/index.php?rest_route=\/wp\/v2\/media\/18616"}],"wp:attachment":[{"href":"https:\/\/dos20.cl\/index.php?rest_route=%2Fwp%2Fv2%2Fmedia&parent=15286"}],"wp:term":[{"taxonomy":"product_brand","embeddable":true,"href":"https:\/\/dos20.cl\/index.php?rest_route=%2Fwp%2Fv2%2Fproduct_brand&post=15286"},{"taxonomy":"product_cat","embeddable":true,"href":"https:\/\/dos20.cl\/index.php?rest_route=%2Fwp%2Fv2%2Fproduct_cat&post=15286"},{"taxonomy":"product_tag","embeddable":true,"href":"https:\/\/dos20.cl\/index.php?rest_route=%2Fwp%2Fv2%2Fproduct_tag&post=15286"}],"curies":[{"name":"wp","href":"https:\/\/api.w.org\/{rel}","templated":true}]}}