{"id":15282,"date":"2020-03-04T19:37:42","date_gmt":"2020-03-04T19:37:42","guid":{"rendered":"https:\/\/dos20.cl\/?post_type=product&#038;p=15282"},"modified":"2026-03-18T12:00:11","modified_gmt":"2026-03-18T12:00:11","slug":"controlador-de-nivel-cn1","status":"publish","type":"product","link":"https:\/\/dos20.cl\/?product=controlador-de-nivel-cn1","title":{"rendered":"\ud83c\udde8\ud83c\uddf1 Controlador de nivel FLUX\u00ae CN1"},"content":{"rendered":"<p>El Controlador FLUX CN1 est\u00e1 dise\u00f1ado para aplicaciones de extracci\u00f3n de agua, t\u00edpicamente en la miner\u00eda, construcci\u00f3n y pozos, entre otros usos.<\/p>\n<p>El equipo indica el nivel de agua preciso en cada instante y permite fijar f\u00e1cilmente el nivel de arranque y de parada de la bomba. Adem\u00e1s, el controlador informa las horas y minutos de funcionamiento totales del motor (hor\u00f3metro) e indica, mediante una luz roja, si el sensor de nivel se encuentra en falla. Todos los datos se guardan autom\u00e1ticamente en una memoria integrada.<\/p>\n<p>El Controlador FLUX CN1 se destaca por su dise\u00f1o especialmente robusto, el cual lo convierte en la soluci\u00f3n ideal para procesos de control de bombas en condiciones extremas.<\/p>\n","protected":false},"excerpt":{"rendered":"<p>El Controlador FLUX CN1 est\u00e1 dise\u00f1ado para aplicaciones de extracci\u00f3n de agua, t\u00edpicamente en la miner\u00eda, construcci\u00f3n y pozos, entre otros usos.<\/p>\n<p>El equipo indica el nivel de agua preciso en cada instante y permite fijar f\u00e1cilmente el nivel de arranque y de parada de la bomba. Adem\u00e1s, el controlador informa las horas y minutos de funcionamiento totales del motor (hor\u00f3metro) e indica, mediante una luz roja, si el sensor de nivel se encuentra en falla. Todos los datos se guardan autom\u00e1ticamente en una memoria integrada.<\/p>\n","protected":false},"featured_media":17998,"template":"","meta":{"site-sidebar-layout":"default","site-content-layout":"","ast-site-content-layout":"default","site-content-style":"default","site-sidebar-style":"default","ast-global-header-display":"","ast-banner-title-visibility":"","ast-main-header-display":"","ast-hfb-above-header-display":"","ast-hfb-below-header-display":"","ast-hfb-mobile-header-display":"","site-post-title":"","ast-breadcrumbs-content":"","ast-featured-img":"","footer-sml-layout":"","theme-transparent-header-meta":"default","adv-header-id-meta":"","stick-header-meta":"","header-above-stick-meta":"","header-main-stick-meta":"","header-below-stick-meta":"","astra-migrate-meta-layouts":"set","ast-page-background-enabled":"default","ast-page-background-meta":{"desktop":{"background-color":"var(--ast-global-color-4)","background-image":"","background-repeat":"repeat","background-position":"center center","background-size":"auto","background-attachment":"scroll","background-type":"","background-media":"","overlay-type":"","overlay-color":"","overlay-opacity":"","overlay-gradient":""},"tablet":{"background-color":"","background-image":"","background-repeat":"repeat","background-position":"center center","background-size":"auto","background-attachment":"scroll","background-type":"","background-media":"","overlay-type":"","overlay-color":"","overlay-opacity":"","overlay-gradient":""},"mobile":{"background-color":"","background-image":"","background-repeat":"repeat","background-position":"center center","background-size":"auto","background-attachment":"scroll","background-type":"","background-media":"","overlay-type":"","overlay-color":"","overlay-opacity":"","overlay-gradient":""}},"ast-content-background-meta":{"desktop":{"background-color":"var(--ast-global-color-5)","background-image":"","background-repeat":"repeat","background-position":"center center","background-size":"auto","background-attachment":"scroll","background-type":"","background-media":"","overlay-type":"","overlay-color":"","overlay-opacity":"","overlay-gradient":""},"tablet":{"background-color":"var(--ast-global-color-5)","background-image":"","background-repeat":"repeat","background-position":"center center","background-size":"auto","background-attachment":"scroll","background-type":"","background-media":"","overlay-type":"","overlay-color":"","overlay-opacity":"","overlay-gradient":""},"mobile":{"background-color":"var(--ast-global-color-5)","background-image":"","background-repeat":"repeat","background-position":"center center","background-size":"auto","background-attachment":"scroll","background-type":"","background-media":"","overlay-type":"","overlay-color":"","overlay-opacity":"","overlay-gradient":""}}},"product_brand":[178],"product_cat":[142,51,144],"product_tag":[185,182,190],"class_list":{"0":"post-15282","1":"product","2":"type-product","3":"status-publish","4":"has-post-thumbnail","6":"product_brand-flux","7":"product_cat-controladores-flux","8":"product_cat-dispositivos-de-control","9":"product_cat-telemetria","10":"product_tag-automatizacion","11":"product_tag-controlador","12":"product_tag-plc","13":"desktop-align-center","14":"tablet-align-left","15":"mobile-align-left","17":"first","18":"instock","19":"shipping-taxable","20":"product-type-simple"},"_links":{"self":[{"href":"https:\/\/dos20.cl\/index.php?rest_route=\/wp\/v2\/product\/15282","targetHints":{"allow":["GET"]}}],"collection":[{"href":"https:\/\/dos20.cl\/index.php?rest_route=\/wp\/v2\/product"}],"about":[{"href":"https:\/\/dos20.cl\/index.php?rest_route=\/wp\/v2\/types\/product"}],"wp:featuredmedia":[{"embeddable":true,"href":"https:\/\/dos20.cl\/index.php?rest_route=\/wp\/v2\/media\/17998"}],"wp:attachment":[{"href":"https:\/\/dos20.cl\/index.php?rest_route=%2Fwp%2Fv2%2Fmedia&parent=15282"}],"wp:term":[{"taxonomy":"product_brand","embeddable":true,"href":"https:\/\/dos20.cl\/index.php?rest_route=%2Fwp%2Fv2%2Fproduct_brand&post=15282"},{"taxonomy":"product_cat","embeddable":true,"href":"https:\/\/dos20.cl\/index.php?rest_route=%2Fwp%2Fv2%2Fproduct_cat&post=15282"},{"taxonomy":"product_tag","embeddable":true,"href":"https:\/\/dos20.cl\/index.php?rest_route=%2Fwp%2Fv2%2Fproduct_tag&post=15282"}],"curies":[{"name":"wp","href":"https:\/\/api.w.org\/{rel}","templated":true}]}}