{"id":15279,"date":"2020-03-04T19:35:17","date_gmt":"2020-03-04T19:35:17","guid":{"rendered":"https:\/\/dos20.cl\/?post_type=product&#038;p=15279"},"modified":"2026-03-18T12:33:50","modified_gmt":"2026-03-18T12:33:50","slug":"nivuflow-7550","status":"publish","type":"product","link":"https:\/\/dos20.cl\/?product=nivuflow-7550","title":{"rendered":"\ud83c\udde9\ud83c\uddea Transmisor NIVUS\u00ae NivuFlow 7550 (NF7550)"},"content":{"rendered":"<p>Medici\u00f3n h\u00edbrida con Radar y Correlaci\u00f3n cruzada, ofrece la posibilidad de medici\u00f3n de caudal para tuber\u00edas semillenas y canales abiertos. \u00d3ptimo resultado por la combinaci\u00f3n de las tecnolog\u00edas Radar y correlaci\u00f3n cruzada.<\/p>\n<p><b>Medici\u00f3n de caudal por Radar, sin <\/b><b>contacto con el medio<\/b><b>:<\/b><\/p>\n<p>El sensor de radar, sin contacto con el medio, sin necesidad de mantenimiento, opera adecuadamente en desag\u00fces con velocidades altos y\/o niveles muy bajos.<\/p>\n<p><b>Medici\u00f3n de caudal por ultras\u00f3nico para desborde u inundaci\u00f3n<\/b><b>:<\/b><\/p>\n<p>El sensor ultras\u00f3nico de correlaci\u00f3n cruzada puede ser utilizado para los desbordes. Da una fiel medici\u00f3n en situaciones de desborde o inundaci\u00f3n, la cual el radar no podr\u00eda ofrecer. Gracias al perfil del caudal, como la detecci\u00f3n de sedimentaci\u00f3n en el suelo, la velocidad se determina exactamente. La informaci\u00f3n de la sedimentaci\u00f3n es considerada para las mediciones por el Radar.<\/p>\n<p><b>Medici\u00f3n de caudal por ultrasonido como medici\u00f3n redundante<\/b><b>:<\/b><\/p>\n<p>El sensor de correlaci\u00f3n cruzada se puede utilizar permanentemente para una medici\u00f3n redundante. Instalado en las paredes por encima de la sedimentaci\u00f3n se evitan las suciedades. La detecci\u00f3n de la velocidad de caudal local cubre el ancho total del canal garantizando el perfil de caudal muy bien definido.<\/p>\n<p>&nbsp;<\/p>\n","protected":false},"excerpt":{"rendered":"<p>Medici\u00f3n h\u00edbrida con Radar y Ultrasonido.<\/p>\n<p>Medici\u00f3n de caudal para tuber\u00edas semillenas y canales abiertos.<\/p>\n<p>\u00d3ptimo resultado por la combinaci\u00f3n de las tecnolog\u00edas Radar y Correlaci\u00f3n Cruzada.<\/p>\n","protected":false},"featured_media":17989,"template":"","meta":{"site-sidebar-layout":"default","site-content-layout":"","ast-site-content-layout":"default","site-content-style":"default","site-sidebar-style":"default","ast-global-header-display":"","ast-banner-title-visibility":"","ast-main-header-display":"","ast-hfb-above-header-display":"","ast-hfb-below-header-display":"","ast-hfb-mobile-header-display":"","site-post-title":"","ast-breadcrumbs-content":"","ast-featured-img":"","footer-sml-layout":"","theme-transparent-header-meta":"default","adv-header-id-meta":"","stick-header-meta":"","header-above-stick-meta":"","header-main-stick-meta":"","header-below-stick-meta":"","astra-migrate-meta-layouts":"set","ast-page-background-enabled":"default","ast-page-background-meta":{"desktop":{"background-color":"var(--ast-global-color-4)","background-image":"","background-repeat":"repeat","background-position":"center center","background-size":"auto","background-attachment":"scroll","background-type":"","background-media":"","overlay-type":"","overlay-color":"","overlay-opacity":"","overlay-gradient":""},"tablet":{"background-color":"","background-image":"","background-repeat":"repeat","background-position":"center center","background-size":"auto","background-attachment":"scroll","background-type":"","background-media":"","overlay-type":"","overlay-color":"","overlay-opacity":"","overlay-gradient":""},"mobile":{"background-color":"","background-image":"","background-repeat":"repeat","background-position":"center center","background-size":"auto","background-attachment":"scroll","background-type":"","background-media":"","overlay-type":"","overlay-color":"","overlay-opacity":"","overlay-gradient":""}},"ast-content-background-meta":{"desktop":{"background-color":"var(--ast-global-color-5)","background-image":"","background-repeat":"repeat","background-position":"center center","background-size":"auto","background-attachment":"scroll","background-type":"","background-media":"","overlay-type":"","overlay-color":"","overlay-opacity":"","overlay-gradient":""},"tablet":{"background-color":"var(--ast-global-color-5)","background-image":"","background-repeat":"repeat","background-position":"center center","background-size":"auto","background-attachment":"scroll","background-type":"","background-media":"","overlay-type":"","overlay-color":"","overlay-opacity":"","overlay-gradient":""},"mobile":{"background-color":"var(--ast-global-color-5)","background-image":"","background-repeat":"repeat","background-position":"center center","background-size":"auto","background-attachment":"scroll","background-type":"","background-media":"","overlay-type":"","overlay-color":"","overlay-opacity":"","overlay-gradient":""}}},"product_brand":[177],"product_cat":[47,135],"product_tag":[161,160],"class_list":{"0":"post-15279","1":"product","2":"type-product","3":"status-publish","4":"has-post-thumbnail","6":"product_brand-nivus","7":"product_cat-flujometros","8":"product_cat-flujometros-area-velocidad-radar-doppler","9":"product_tag-caudalimetro","10":"product_tag-flujometro","11":"desktop-align-center","12":"tablet-align-left","13":"mobile-align-left","15":"first","16":"instock","17":"shipping-taxable","18":"purchasable","19":"product-type-simple"},"_links":{"self":[{"href":"https:\/\/dos20.cl\/index.php?rest_route=\/wp\/v2\/product\/15279","targetHints":{"allow":["GET"]}}],"collection":[{"href":"https:\/\/dos20.cl\/index.php?rest_route=\/wp\/v2\/product"}],"about":[{"href":"https:\/\/dos20.cl\/index.php?rest_route=\/wp\/v2\/types\/product"}],"wp:featuredmedia":[{"embeddable":true,"href":"https:\/\/dos20.cl\/index.php?rest_route=\/wp\/v2\/media\/17989"}],"wp:attachment":[{"href":"https:\/\/dos20.cl\/index.php?rest_route=%2Fwp%2Fv2%2Fmedia&parent=15279"}],"wp:term":[{"taxonomy":"product_brand","embeddable":true,"href":"https:\/\/dos20.cl\/index.php?rest_route=%2Fwp%2Fv2%2Fproduct_brand&post=15279"},{"taxonomy":"product_cat","embeddable":true,"href":"https:\/\/dos20.cl\/index.php?rest_route=%2Fwp%2Fv2%2Fproduct_cat&post=15279"},{"taxonomy":"product_tag","embeddable":true,"href":"https:\/\/dos20.cl\/index.php?rest_route=%2Fwp%2Fv2%2Fproduct_tag&post=15279"}],"curies":[{"name":"wp","href":"https:\/\/api.w.org\/{rel}","templated":true}]}}