{"id":15277,"date":"2020-03-04T19:33:10","date_gmt":"2020-03-04T19:33:10","guid":{"rendered":"https:\/\/dos20.cl\/?post_type=product&#038;p=15277"},"modified":"2026-03-18T12:33:44","modified_gmt":"2026-03-18T12:33:44","slug":"nivuflow-650","status":"publish","type":"product","link":"https:\/\/dos20.cl\/?product=nivuflow-650","title":{"rendered":"\ud83c\udde9\ud83c\uddea Transmisor NIVUS\u00ae NivuFlow 650 (NF650)"},"content":{"rendered":"<p>El NivuFlow 650 (NF650) es el caudal\u00edmetro preciso por medio de la tecnolog\u00eda Tiempo de Tr\u00e1nsito y fue desarrollado con la intenci\u00f3n de ofrecer una medici\u00f3n de caudal precisa tanto en canales abiertos con diferentes geometr\u00edas, tuber\u00edas llenas y parcialmente llenas y tanto en agua limpia como levemente contaminada. Ofrece la posibilidad de medici\u00f3n por medio de una o m\u00faltiples rutas (hasta 32 trayectorias con ayuda de m\u00f3dulos de extensi\u00f3n), para una mayor precisi\u00f3n.<br \/>\nLa gran variedad de sensores NIVUS permiten mediciones de caudal en las m\u00e1s variadas aplicaciones ofreciendo soluciones para diversos medios.<br \/>\nEl gran display gr\u00e1fico del controlador permite un manejo r\u00e1pido y f\u00e1cil del sistema de medici\u00f3n de caudal como una puesta en marcha r\u00e1pida y eficiente.<br \/>\nEl NivuFlow 650 dispone de funciones de diagn\u00f3stico posibilitando un an\u00e1lisis detallado de las funciones de operaci\u00f3n local.<\/p>\n","protected":false},"excerpt":{"rendered":"<p>De alta precisi\u00f3n y con operaci\u00f3n continua.<\/p>\n<p>Para la medici\u00f3n ultras\u00f3nica de caudal de medios levemente a altamente contaminados en tuber\u00edas y canales semillenos y llenos. Ofrece los mejores resultados posibles en condiciones dif\u00edciles.<\/p>\n","protected":false},"featured_media":17987,"template":"","meta":{"site-sidebar-layout":"default","site-content-layout":"","ast-site-content-layout":"default","site-content-style":"default","site-sidebar-style":"default","ast-global-header-display":"","ast-banner-title-visibility":"","ast-main-header-display":"","ast-hfb-above-header-display":"","ast-hfb-below-header-display":"","ast-hfb-mobile-header-display":"","site-post-title":"","ast-breadcrumbs-content":"","ast-featured-img":"","footer-sml-layout":"","theme-transparent-header-meta":"default","adv-header-id-meta":"","stick-header-meta":"","header-above-stick-meta":"","header-main-stick-meta":"","header-below-stick-meta":"","astra-migrate-meta-layouts":"set","ast-page-background-enabled":"default","ast-page-background-meta":{"desktop":{"background-color":"var(--ast-global-color-4)","background-image":"","background-repeat":"repeat","background-position":"center center","background-size":"auto","background-attachment":"scroll","background-type":"","background-media":"","overlay-type":"","overlay-color":"","overlay-opacity":"","overlay-gradient":""},"tablet":{"background-color":"","background-image":"","background-repeat":"repeat","background-position":"center center","background-size":"auto","background-attachment":"scroll","background-type":"","background-media":"","overlay-type":"","overlay-color":"","overlay-opacity":"","overlay-gradient":""},"mobile":{"background-color":"","background-image":"","background-repeat":"repeat","background-position":"center center","background-size":"auto","background-attachment":"scroll","background-type":"","background-media":"","overlay-type":"","overlay-color":"","overlay-opacity":"","overlay-gradient":""}},"ast-content-background-meta":{"desktop":{"background-color":"var(--ast-global-color-5)","background-image":"","background-repeat":"repeat","background-position":"center center","background-size":"auto","background-attachment":"scroll","background-type":"","background-media":"","overlay-type":"","overlay-color":"","overlay-opacity":"","overlay-gradient":""},"tablet":{"background-color":"var(--ast-global-color-5)","background-image":"","background-repeat":"repeat","background-position":"center center","background-size":"auto","background-attachment":"scroll","background-type":"","background-media":"","overlay-type":"","overlay-color":"","overlay-opacity":"","overlay-gradient":""},"mobile":{"background-color":"var(--ast-global-color-5)","background-image":"","background-repeat":"repeat","background-position":"center center","background-size":"auto","background-attachment":"scroll","background-type":"","background-media":"","overlay-type":"","overlay-color":"","overlay-opacity":"","overlay-gradient":""}}},"product_brand":[177],"product_cat":[47,115],"product_tag":[161,160],"class_list":{"0":"post-15277","1":"product","2":"type-product","3":"status-publish","4":"has-post-thumbnail","6":"product_brand-nivus","7":"product_cat-flujometros","8":"product_cat-flujometros-tiempo-de-transito","9":"product_tag-caudalimetro","10":"product_tag-flujometro","11":"desktop-align-center","12":"tablet-align-left","13":"mobile-align-left","15":"first","16":"instock","17":"shipping-taxable","18":"purchasable","19":"product-type-simple"},"_links":{"self":[{"href":"https:\/\/dos20.cl\/index.php?rest_route=\/wp\/v2\/product\/15277","targetHints":{"allow":["GET"]}}],"collection":[{"href":"https:\/\/dos20.cl\/index.php?rest_route=\/wp\/v2\/product"}],"about":[{"href":"https:\/\/dos20.cl\/index.php?rest_route=\/wp\/v2\/types\/product"}],"wp:featuredmedia":[{"embeddable":true,"href":"https:\/\/dos20.cl\/index.php?rest_route=\/wp\/v2\/media\/17987"}],"wp:attachment":[{"href":"https:\/\/dos20.cl\/index.php?rest_route=%2Fwp%2Fv2%2Fmedia&parent=15277"}],"wp:term":[{"taxonomy":"product_brand","embeddable":true,"href":"https:\/\/dos20.cl\/index.php?rest_route=%2Fwp%2Fv2%2Fproduct_brand&post=15277"},{"taxonomy":"product_cat","embeddable":true,"href":"https:\/\/dos20.cl\/index.php?rest_route=%2Fwp%2Fv2%2Fproduct_cat&post=15277"},{"taxonomy":"product_tag","embeddable":true,"href":"https:\/\/dos20.cl\/index.php?rest_route=%2Fwp%2Fv2%2Fproduct_tag&post=15277"}],"curies":[{"name":"wp","href":"https:\/\/api.w.org\/{rel}","templated":true}]}}