{"id":15276,"date":"2020-03-04T19:32:39","date_gmt":"2020-03-04T19:32:39","guid":{"rendered":"https:\/\/dos20.cl\/?post_type=product&#038;p=15276"},"modified":"2026-03-18T12:33:56","modified_gmt":"2026-03-18T12:33:56","slug":"nivuflow-600","status":"publish","type":"product","link":"https:\/\/dos20.cl\/?product=nivuflow-600","title":{"rendered":"\ud83c\udde9\ud83c\uddea Transmisor NIVUS\u00ae NivuFlow 600 (NF600) para medici\u00f3n por tiempo de tr\u00e1nsito"},"content":{"rendered":"<p>El NivuFlow 600 (NF600) es el caudal\u00edmetro preciso por medio de la tecnolog\u00eda Tiempo de Tr\u00e1nsito con sensores de inserci\u00f3n o sin contacto con el medio tipo Clamp-On.<\/p>\n<p>Este equipo ha sido dise\u00f1ado especialmente para mediciones de caudal en tuber\u00edas llenas. Se pueden configurar hasta 4 rutas de medici\u00f3n, llegando a una gran exactitud. Con la posibilidad de un m\u00f3dulo de extensi\u00f3n se llega a conectar 32 rutas, logrando una m\u00e1xima exactitud hasta en condiciones hidr\u00e1ulicas adversas.<\/p>\n<p>La instalaci\u00f3n se realiza sin detener el proceso, ya sea con sus sensores de inserci\u00f3n (mediante <em>Hot Tapping<\/em>) o con sensores sin contacto Clamp-on. El sistema se adec\u00faa para la medici\u00f3n de caudal en medios limpios como levemente sucios en muy variadas aplicaciones.<\/p>\n","protected":false},"excerpt":{"rendered":"<p>Medici\u00f3n de caudal para tuber\u00edas llenas<\/p>\n<p>Caudal\u00edmetro preciso por medio de la tecnolog\u00eda Tiempo de tr\u00e1nsito con sensores de inserci\u00f3n o sin contacto con el medio tipo Clamp-On .<\/p>\n","protected":false},"featured_media":17977,"template":"","meta":{"site-sidebar-layout":"default","site-content-layout":"","ast-site-content-layout":"default","site-content-style":"default","site-sidebar-style":"default","ast-global-header-display":"","ast-banner-title-visibility":"","ast-main-header-display":"","ast-hfb-above-header-display":"","ast-hfb-below-header-display":"","ast-hfb-mobile-header-display":"","site-post-title":"","ast-breadcrumbs-content":"","ast-featured-img":"","footer-sml-layout":"","theme-transparent-header-meta":"default","adv-header-id-meta":"","stick-header-meta":"","header-above-stick-meta":"","header-main-stick-meta":"","header-below-stick-meta":"","astra-migrate-meta-layouts":"set","ast-page-background-enabled":"default","ast-page-background-meta":{"desktop":{"background-color":"var(--ast-global-color-4)","background-image":"","background-repeat":"repeat","background-position":"center center","background-size":"auto","background-attachment":"scroll","background-type":"","background-media":"","overlay-type":"","overlay-color":"","overlay-opacity":"","overlay-gradient":""},"tablet":{"background-color":"","background-image":"","background-repeat":"repeat","background-position":"center center","background-size":"auto","background-attachment":"scroll","background-type":"","background-media":"","overlay-type":"","overlay-color":"","overlay-opacity":"","overlay-gradient":""},"mobile":{"background-color":"","background-image":"","background-repeat":"repeat","background-position":"center center","background-size":"auto","background-attachment":"scroll","background-type":"","background-media":"","overlay-type":"","overlay-color":"","overlay-opacity":"","overlay-gradient":""}},"ast-content-background-meta":{"desktop":{"background-color":"var(--ast-global-color-5)","background-image":"","background-repeat":"repeat","background-position":"center center","background-size":"auto","background-attachment":"scroll","background-type":"","background-media":"","overlay-type":"","overlay-color":"","overlay-opacity":"","overlay-gradient":""},"tablet":{"background-color":"var(--ast-global-color-5)","background-image":"","background-repeat":"repeat","background-position":"center center","background-size":"auto","background-attachment":"scroll","background-type":"","background-media":"","overlay-type":"","overlay-color":"","overlay-opacity":"","overlay-gradient":""},"mobile":{"background-color":"var(--ast-global-color-5)","background-image":"","background-repeat":"repeat","background-position":"center center","background-size":"auto","background-attachment":"scroll","background-type":"","background-media":"","overlay-type":"","overlay-color":"","overlay-opacity":"","overlay-gradient":""}}},"product_brand":[177],"product_cat":[115],"product_tag":[161,160,188,189,187],"class_list":{"0":"post-15276","1":"product","2":"type-product","3":"status-publish","4":"has-post-thumbnail","6":"product_brand-nivus","7":"product_cat-flujometros-tiempo-de-transito","8":"product_tag-caudalimetro","9":"product_tag-flujometro","10":"product_tag-sensor-insercion","11":"product_tag-sensor-sin-contacto","12":"product_tag-tiempo-de-transito","13":"desktop-align-center","14":"tablet-align-left","15":"mobile-align-left","17":"first","18":"instock","19":"shipping-taxable","20":"purchasable","21":"product-type-simple"},"_links":{"self":[{"href":"https:\/\/dos20.cl\/index.php?rest_route=\/wp\/v2\/product\/15276","targetHints":{"allow":["GET"]}}],"collection":[{"href":"https:\/\/dos20.cl\/index.php?rest_route=\/wp\/v2\/product"}],"about":[{"href":"https:\/\/dos20.cl\/index.php?rest_route=\/wp\/v2\/types\/product"}],"wp:featuredmedia":[{"embeddable":true,"href":"https:\/\/dos20.cl\/index.php?rest_route=\/wp\/v2\/media\/17977"}],"wp:attachment":[{"href":"https:\/\/dos20.cl\/index.php?rest_route=%2Fwp%2Fv2%2Fmedia&parent=15276"}],"wp:term":[{"taxonomy":"product_brand","embeddable":true,"href":"https:\/\/dos20.cl\/index.php?rest_route=%2Fwp%2Fv2%2Fproduct_brand&post=15276"},{"taxonomy":"product_cat","embeddable":true,"href":"https:\/\/dos20.cl\/index.php?rest_route=%2Fwp%2Fv2%2Fproduct_cat&post=15276"},{"taxonomy":"product_tag","embeddable":true,"href":"https:\/\/dos20.cl\/index.php?rest_route=%2Fwp%2Fv2%2Fproduct_tag&post=15276"}],"curies":[{"name":"wp","href":"https:\/\/api.w.org\/{rel}","templated":true}]}}