{"id":15271,"date":"2020-03-04T19:27:16","date_gmt":"2020-03-04T19:27:16","guid":{"rendered":"https:\/\/dos20.cl\/?post_type=product&#038;p=15271"},"modified":"2026-03-18T11:51:27","modified_gmt":"2026-03-18T11:51:27","slug":"mag-s1","status":"publish","type":"product","link":"https:\/\/dos20.cl\/?product=mag-s1","title":{"rendered":"\ud83c\udde8\ud83c\uddff ARKON\u00ae Fluj\u00f3metro Electromagn\u00e9tico MAGS1"},"content":{"rendered":"<p>El Fluj\u00f3metro electromagn\u00e9tico MAGS1 es una versi\u00f3n independiente, que no necesita de un transmisor y puede ser operado por su propia cuenta. Si usted necesita un caudal\u00edmetro de bajo costo sin tener la necesidad de leer sus registros en una pantalla y no requiere de salidas adicionales, esta opci\u00f3n ser\u00e1 la correcta.<\/p>\n<p>Arkon ofrece el Fluj\u00f3metro electromagn\u00e9tico MAGS1 para aplicaciones donde este dispositivo se pueda conectar a equipos que poseen interfaz RS-485 protocolo MODBUS RTU, para as\u00ed, acceder a la informaci\u00f3n que este brinda.<\/p>\n<p><strong>Este fluj\u00f3metro cumple con la nueva normativa de medici\u00f3n de extracci\u00f3n de agua de la Direcci\u00f3n General de Aguas (DGA).<\/strong><\/p>\n<p>&nbsp;<\/p>\n","protected":false},"excerpt":{"rendered":"<p>El Fluj\u00f3metro electromagn\u00e9tico MAGS1 es una versi\u00f3n independiente, que no necesita de un transmisor y puede ser operado por su propia cuenta. Si usted necesita un caudal\u00edmetro de bajo costo sin tener la necesidad de leer sus registros en una pantalla y no requiere de salidas adicionales, esta opci\u00f3n ser\u00e1 la correcta.<\/p>\n<p>Arkon ofrece el Fluj\u00f3metro electromagn\u00e9tico MAGS1 para aplicaciones donde este dispositivo se pueda conectar a equipos que poseen interfaz RS-485 protocolo MODBUS RTU, para as\u00ed, acceder a la informaci\u00f3n que este brinda.<\/p>\n<p><strong>Este fluj\u00f3metro cumple con la nueva normativa de medici\u00f3n de extracci\u00f3n de agua de la Direcci\u00f3n General de Aguas (DGA).<\/strong><\/p>\n","protected":false},"featured_media":17959,"template":"","meta":{"site-sidebar-layout":"default","site-content-layout":"","ast-site-content-layout":"default","site-content-style":"default","site-sidebar-style":"default","ast-global-header-display":"","ast-banner-title-visibility":"","ast-main-header-display":"","ast-hfb-above-header-display":"","ast-hfb-below-header-display":"","ast-hfb-mobile-header-display":"","site-post-title":"","ast-breadcrumbs-content":"","ast-featured-img":"","footer-sml-layout":"","theme-transparent-header-meta":"default","adv-header-id-meta":"","stick-header-meta":"","header-above-stick-meta":"","header-main-stick-meta":"","header-below-stick-meta":"","astra-migrate-meta-layouts":"set","ast-page-background-enabled":"default","ast-page-background-meta":{"desktop":{"background-color":"var(--ast-global-color-4)","background-image":"","background-repeat":"repeat","background-position":"center center","background-size":"auto","background-attachment":"scroll","background-type":"","background-media":"","overlay-type":"","overlay-color":"","overlay-opacity":"","overlay-gradient":""},"tablet":{"background-color":"","background-image":"","background-repeat":"repeat","background-position":"center center","background-size":"auto","background-attachment":"scroll","background-type":"","background-media":"","overlay-type":"","overlay-color":"","overlay-opacity":"","overlay-gradient":""},"mobile":{"background-color":"","background-image":"","background-repeat":"repeat","background-position":"center center","background-size":"auto","background-attachment":"scroll","background-type":"","background-media":"","overlay-type":"","overlay-color":"","overlay-opacity":"","overlay-gradient":""}},"ast-content-background-meta":{"desktop":{"background-color":"var(--ast-global-color-5)","background-image":"","background-repeat":"repeat","background-position":"center center","background-size":"auto","background-attachment":"scroll","background-type":"","background-media":"","overlay-type":"","overlay-color":"","overlay-opacity":"","overlay-gradient":""},"tablet":{"background-color":"var(--ast-global-color-5)","background-image":"","background-repeat":"repeat","background-position":"center center","background-size":"auto","background-attachment":"scroll","background-type":"","background-media":"","overlay-type":"","overlay-color":"","overlay-opacity":"","overlay-gradient":""},"mobile":{"background-color":"var(--ast-global-color-5)","background-image":"","background-repeat":"repeat","background-position":"center center","background-size":"auto","background-attachment":"scroll","background-type":"","background-media":"","overlay-type":"","overlay-color":"","overlay-opacity":"","overlay-gradient":""}}},"product_brand":[169],"product_cat":[47,53],"product_tag":[161,160,162],"class_list":{"0":"post-15271","1":"product","2":"type-product","3":"status-publish","4":"has-post-thumbnail","6":"product_brand-arkon","7":"product_cat-flujometros","8":"product_cat-flujometros-electromagneticos","9":"product_tag-caudalimetro","10":"product_tag-flujometro","11":"product_tag-macromedidor","12":"desktop-align-center","13":"tablet-align-left","14":"mobile-align-left","16":"first","17":"instock","18":"shipping-taxable","19":"purchasable","20":"product-type-simple"},"_links":{"self":[{"href":"https:\/\/dos20.cl\/index.php?rest_route=\/wp\/v2\/product\/15271","targetHints":{"allow":["GET"]}}],"collection":[{"href":"https:\/\/dos20.cl\/index.php?rest_route=\/wp\/v2\/product"}],"about":[{"href":"https:\/\/dos20.cl\/index.php?rest_route=\/wp\/v2\/types\/product"}],"wp:featuredmedia":[{"embeddable":true,"href":"https:\/\/dos20.cl\/index.php?rest_route=\/wp\/v2\/media\/17959"}],"wp:attachment":[{"href":"https:\/\/dos20.cl\/index.php?rest_route=%2Fwp%2Fv2%2Fmedia&parent=15271"}],"wp:term":[{"taxonomy":"product_brand","embeddable":true,"href":"https:\/\/dos20.cl\/index.php?rest_route=%2Fwp%2Fv2%2Fproduct_brand&post=15271"},{"taxonomy":"product_cat","embeddable":true,"href":"https:\/\/dos20.cl\/index.php?rest_route=%2Fwp%2Fv2%2Fproduct_cat&post=15271"},{"taxonomy":"product_tag","embeddable":true,"href":"https:\/\/dos20.cl\/index.php?rest_route=%2Fwp%2Fv2%2Fproduct_tag&post=15271"}],"curies":[{"name":"wp","href":"https:\/\/api.w.org\/{rel}","templated":true}]}}