{"id":15265,"date":"2024-01-04T19:17:52","date_gmt":"2024-01-04T19:17:52","guid":{"rendered":"https:\/\/dos20.cl\/?post_type=product&#038;p=15265"},"modified":"2026-04-09T18:40:11","modified_gmt":"2026-04-09T18:40:11","slug":"mag-x2","status":"publish","type":"product","link":"https:\/\/dos20.cl\/?product=mag-x2","title":{"rendered":"\ud83c\udde8\ud83c\uddff ARKON\u00ae Fluj\u00f3metro Electromagn\u00e9tico con Datalogger MAGX2"},"content":{"rendered":"<p>El Fluj\u00f3metro Electromagn\u00e9tico MAGX2 es una versi\u00f3n mejorada del exitoso MAGX1 de Arkon. Contin\u00faa con la filosof\u00eda de dise\u00f1o modular \u00abPlug and Play\u201c, manteniendo todas sus ventajas e incorporando algunas mejoras acordes con los requerimientos de nuestros distribuidores.<\/p>\n<p>Es un caudal\u00edmetro flexible\u00a0apto para la mayor\u00eda de aplicaciones, desde las m\u00e1s sencillas donde se comprueba visualmente la lectura hasta las m\u00e1s exigentes, que requieren una alta soluci\u00f3n t\u00e9cnica como la comunicaci\u00f3n 3G \/ GPRS \/ GSM o TCP \/ IP.<\/p>\n<p>La configuraci\u00f3n b\u00e1sica consiste en el transmisor que incluye solo pantalla y botones para garantizar el precio m\u00e1s bajo. Luego, es posible agregar una gama m\u00e1s amplia de m\u00f3dulos a esa configuraci\u00f3n b\u00e1sica para agregar caracter\u00edsticas opcionales como salidas, comunicaciones o registro de datos de acuerdo con los requisitos de cada aplicaci\u00f3n. Esas caracter\u00edsticas se agregan mediante m\u00f3dulos adicionales que, de hecho, son peque\u00f1as placas electr\u00f3nicas, del tama\u00f1o de un sello postal grande, que se pueden instalar y quitar libremente de la placa base en segundos.<\/p>\n<p><strong>Este fluj\u00f3metro cumple con la nueva normativa de medici\u00f3n de extracci\u00f3n de aguas de la Direcci\u00f3n General de Aguas.<\/strong><\/p>\n<p><strong>Gu\u00edas de Instalaci\u00f3n RIEGEL- DOS20 &#8211; Instalaci\u00f3n de un fluj\u00f3metro electromagn\u00e9tico MAGX2 marca ARKON.<\/strong><\/p>\n<p>&nbsp;<\/p>\n","protected":false},"excerpt":{"rendered":"<p>El Fluj\u00f3metro Electromagn\u00e9tico MAGX2 cuenta con la filosof\u00eda de dise\u00f1o modular \u00abPlug and Play\u201c, manteniendo todas sus ventajas e incorporando algunas mejoras acordes con los requerimientos de nuestros distribuidores.<\/p>\n<p>Es un caudal\u00edmetro flexible\u00a0apto para la mayor\u00eda de aplicaciones, desde las m\u00e1s sencillas donde se comprueba visualmente la lectura hasta las m\u00e1s exigentes, que requieren una alta soluci\u00f3n t\u00e9cnica como la comunicaci\u00f3n 3G \/ GPRS \/ GSM o TCP \/ IP.<\/p>\n","protected":false},"featured_media":17821,"template":"","meta":{"site-sidebar-layout":"default","site-content-layout":"","ast-site-content-layout":"default","site-content-style":"default","site-sidebar-style":"default","ast-global-header-display":"","ast-banner-title-visibility":"","ast-main-header-display":"","ast-hfb-above-header-display":"","ast-hfb-below-header-display":"","ast-hfb-mobile-header-display":"","site-post-title":"","ast-breadcrumbs-content":"","ast-featured-img":"","footer-sml-layout":"","theme-transparent-header-meta":"default","adv-header-id-meta":"","stick-header-meta":"","header-above-stick-meta":"","header-main-stick-meta":"","header-below-stick-meta":"","astra-migrate-meta-layouts":"set","ast-page-background-enabled":"default","ast-page-background-meta":{"desktop":{"background-color":"var(--ast-global-color-4)","background-image":"","background-repeat":"repeat","background-position":"center center","background-size":"auto","background-attachment":"scroll","background-type":"","background-media":"","overlay-type":"","overlay-color":"","overlay-opacity":"","overlay-gradient":""},"tablet":{"background-color":"","background-image":"","background-repeat":"repeat","background-position":"center center","background-size":"auto","background-attachment":"scroll","background-type":"","background-media":"","overlay-type":"","overlay-color":"","overlay-opacity":"","overlay-gradient":""},"mobile":{"background-color":"","background-image":"","background-repeat":"repeat","background-position":"center center","background-size":"auto","background-attachment":"scroll","background-type":"","background-media":"","overlay-type":"","overlay-color":"","overlay-opacity":"","overlay-gradient":""}},"ast-content-background-meta":{"desktop":{"background-color":"var(--ast-global-color-5)","background-image":"","background-repeat":"repeat","background-position":"center center","background-size":"auto","background-attachment":"scroll","background-type":"","background-media":"","overlay-type":"","overlay-color":"","overlay-opacity":"","overlay-gradient":""},"tablet":{"background-color":"var(--ast-global-color-5)","background-image":"","background-repeat":"repeat","background-position":"center center","background-size":"auto","background-attachment":"scroll","background-type":"","background-media":"","overlay-type":"","overlay-color":"","overlay-opacity":"","overlay-gradient":""},"mobile":{"background-color":"var(--ast-global-color-5)","background-image":"","background-repeat":"repeat","background-position":"center center","background-size":"auto","background-attachment":"scroll","background-type":"","background-media":"","overlay-type":"","overlay-color":"","overlay-opacity":"","overlay-gradient":""}}},"product_brand":[169],"product_cat":[47,53],"product_tag":[161,156,201,160,162],"class_list":{"0":"post-15265","1":"product","2":"type-product","3":"status-publish","4":"has-post-thumbnail","6":"product_brand-arkon","7":"product_cat-flujometros","8":"product_cat-flujometros-electromagneticos","9":"product_tag-caudalimetro","10":"product_tag-datalogger","11":"product_tag-electromagnetico","12":"product_tag-flujometro","13":"product_tag-macromedidor","14":"desktop-align-center","15":"tablet-align-left","16":"mobile-align-left","18":"first","19":"instock","20":"featured","21":"shipping-taxable","22":"purchasable","23":"product-type-simple"},"_links":{"self":[{"href":"https:\/\/dos20.cl\/index.php?rest_route=\/wp\/v2\/product\/15265","targetHints":{"allow":["GET"]}}],"collection":[{"href":"https:\/\/dos20.cl\/index.php?rest_route=\/wp\/v2\/product"}],"about":[{"href":"https:\/\/dos20.cl\/index.php?rest_route=\/wp\/v2\/types\/product"}],"wp:featuredmedia":[{"embeddable":true,"href":"https:\/\/dos20.cl\/index.php?rest_route=\/wp\/v2\/media\/17821"}],"wp:attachment":[{"href":"https:\/\/dos20.cl\/index.php?rest_route=%2Fwp%2Fv2%2Fmedia&parent=15265"}],"wp:term":[{"taxonomy":"product_brand","embeddable":true,"href":"https:\/\/dos20.cl\/index.php?rest_route=%2Fwp%2Fv2%2Fproduct_brand&post=15265"},{"taxonomy":"product_cat","embeddable":true,"href":"https:\/\/dos20.cl\/index.php?rest_route=%2Fwp%2Fv2%2Fproduct_cat&post=15265"},{"taxonomy":"product_tag","embeddable":true,"href":"https:\/\/dos20.cl\/index.php?rest_route=%2Fwp%2Fv2%2Fproduct_tag&post=15265"}],"curies":[{"name":"wp","href":"https:\/\/api.w.org\/{rel}","templated":true}]}}