{"id":16381,"date":"2023-02-21T14:18:48","date_gmt":"2023-02-21T14:18:48","guid":{"rendered":"https:\/\/dos20.cl\/?page_id=16381"},"modified":"2025-01-28T15:03:30","modified_gmt":"2025-01-28T15:03:30","slug":"detectores-de-fugas-de-agua-fast","status":"publish","type":"page","link":"https:\/\/dos20.cl\/?page_id=16381","title":{"rendered":"Detectores de fugas de agua FAST"},"content":{"rendered":"\t\t<div data-elementor-type=\"wp-page\" data-elementor-id=\"16381\" class=\"elementor elementor-16381\" data-elementor-post-type=\"page\">\n\t\t\t\t\t\t<section class=\"elementor-section elementor-top-section elementor-element elementor-element-bbb3d2e elementor-section-boxed elementor-section-height-default elementor-section-height-default\" data-id=\"bbb3d2e\" data-element_type=\"section\" data-e-type=\"section\" data-settings=\"{&quot;background_background&quot;:&quot;video&quot;,&quot;shape_divider_bottom&quot;:&quot;curve&quot;,&quot;shape_divider_bottom_negative&quot;:&quot;yes&quot;,&quot;background_video_link&quot;:&quot;https:\\\/\\\/youtu.be\\\/rdNWlLbNw1o&quot;,&quot;background_play_on_mobile&quot;:&quot;yes&quot;}\">\n\t\t\t\t\t\t\t\t<div class=\"elementor-background-video-container\">\n\t\t\t\t\t\t\t\t\t\t\t\t\t<div class=\"elementor-background-video-embed\" role=\"presentation\"><\/div>\n\t\t\t\t\t\t\t\t\t\t\t\t<\/div>\n\t\t\t\t\t\t\t<div class=\"elementor-shape elementor-shape-bottom\" aria-hidden=\"true\" data-negative=\"true\">\n\t\t\t<svg xmlns=\"http:\/\/www.w3.org\/2000\/svg\" viewBox=\"0 0 1000 100\" preserveAspectRatio=\"none\">\n\t<path class=\"elementor-shape-fill\" d=\"M500,97C126.7,96.3,0.8,19.8,0,0v100l1000,0V1C1000,19.4,873.3,97.8,500,97z\"\/>\n<\/svg>\t\t<\/div>\n\t\t\t\t\t<div class=\"elementor-container elementor-column-gap-no\">\n\t\t\t\t\t<div class=\"elementor-column elementor-col-100 elementor-top-column elementor-element elementor-element-7fbfeeb\" data-id=\"7fbfeeb\" data-element_type=\"column\" data-e-type=\"column\">\n\t\t\t<div class=\"elementor-widget-wrap elementor-element-populated\">\n\t\t\t\t\t\t<div class=\"elementor-element elementor-element-a1b1a0c elementor-invisible elementor-widget elementor-widget-heading\" data-id=\"a1b1a0c\" data-element_type=\"widget\" data-e-type=\"widget\" data-settings=\"{&quot;_animation&quot;:&quot;fadeInUp&quot;}\" data-widget_type=\"heading.default\">\n\t\t\t\t<div class=\"elementor-widget-container\">\n\t\t\t\t\t<h1 class=\"elementor-heading-title elementor-size-default\"><a href=\"https:\/\/dos20.cl\/categoria-producto\/soluciones-inteligentes-fast\/\">Detectores de fugas de agua FAST\n<\/a><\/h1>\t\t\t\t<\/div>\n\t\t\t\t<\/div>\n\t\t\t\t\t<\/div>\n\t\t<\/div>\n\t\t\t\t\t<\/div>\n\t\t<\/section>\n\t\t\t\t<section class=\"elementor-section elementor-top-section elementor-element elementor-element-27fe0a1 elementor-section-stretched elementor-section-boxed elementor-section-height-default elementor-section-height-default\" data-id=\"27fe0a1\" data-element_type=\"section\" data-e-type=\"section\" data-settings=\"{&quot;stretch_section&quot;:&quot;section-stretched&quot;,&quot;background_background&quot;:&quot;classic&quot;,&quot;shape_divider_bottom&quot;:&quot;curve&quot;,&quot;shape_divider_bottom_negative&quot;:&quot;yes&quot;}\">\n\t\t\t\t\t<div class=\"elementor-shape elementor-shape-bottom\" aria-hidden=\"true\" data-negative=\"true\">\n\t\t\t<svg xmlns=\"http:\/\/www.w3.org\/2000\/svg\" viewBox=\"0 0 1000 100\" preserveAspectRatio=\"none\">\n\t<path class=\"elementor-shape-fill\" d=\"M500,97C126.7,96.3,0.8,19.8,0,0v100l1000,0V1C1000,19.4,873.3,97.8,500,97z\"\/>\n<\/svg>\t\t<\/div>\n\t\t\t\t\t<div class=\"elementor-container elementor-column-gap-no\">\n\t\t\t\t\t<div class=\"elementor-column elementor-col-100 elementor-top-column elementor-element elementor-element-5d56e7e\" data-id=\"5d56e7e\" data-element_type=\"column\" data-e-type=\"column\">\n\t\t\t<div class=\"elementor-widget-wrap elementor-element-populated\">\n\t\t\t\t\t\t<section class=\"elementor-section elementor-inner-section elementor-element elementor-element-16a126d elementor-section-boxed elementor-section-height-default elementor-section-height-default\" data-id=\"16a126d\" data-element_type=\"section\" data-e-type=\"section\">\n\t\t\t\t\t\t<div class=\"elementor-container elementor-column-gap-default\">\n\t\t\t\t\t<div class=\"elementor-column elementor-col-50 elementor-inner-column elementor-element elementor-element-441d001 elementor-invisible\" data-id=\"441d001\" data-element_type=\"column\" data-e-type=\"column\" data-settings=\"{&quot;animation&quot;:&quot;fadeInRight&quot;}\">\n\t\t\t<div class=\"elementor-widget-wrap elementor-element-populated\">\n\t\t\t\t\t\t<div class=\"elementor-element elementor-element-d0a8df0 elementor-widget__width-initial elementor-widget-tablet__width-initial elementor-widget elementor-widget-image\" data-id=\"d0a8df0\" data-element_type=\"widget\" data-e-type=\"widget\" data-widget_type=\"image.default\">\n\t\t\t\t<div class=\"elementor-widget-container\">\n\t\t\t\t\t\t\t\t\t\t\t\t\t\t\t\t<a href=\"https:\/\/dos20.cl\/categoria-producto\/soluciones-inteligentes-fast\/\">\n\t\t\t\t\t\t\t<img fetchpriority=\"high\" decoding=\"async\" width=\"500\" height=\"300\" src=\"https:\/\/dos20.cl\/wp-content\/uploads\/2025\/01\/7.jpg\" class=\"attachment-full size-full wp-image-17261\" alt=\"\" srcset=\"https:\/\/dos20.cl\/wp-content\/uploads\/2025\/01\/7.jpg 500w, https:\/\/dos20.cl\/wp-content\/uploads\/2025\/01\/7-300x180.jpg 300w, https:\/\/dos20.cl\/wp-content\/uploads\/2025\/01\/7-64x38.jpg 64w\" sizes=\"(max-width: 500px) 100vw, 500px\" \/>\t\t\t\t\t\t\t\t<\/a>\n\t\t\t\t\t\t\t\t\t\t\t\t\t\t\t<\/div>\n\t\t\t\t<\/div>\n\t\t\t\t\t<\/div>\n\t\t<\/div>\n\t\t\t\t<div class=\"elementor-column elementor-col-50 elementor-inner-column elementor-element elementor-element-55bca78 elementor-invisible\" data-id=\"55bca78\" data-element_type=\"column\" data-e-type=\"column\" data-settings=\"{&quot;animation&quot;:&quot;fadeInLeft&quot;}\">\n\t\t\t<div class=\"elementor-widget-wrap elementor-element-populated\">\n\t\t\t\t\t\t<div class=\"elementor-element elementor-element-e55d0ac elementor-invisible elementor-widget elementor-widget-heading\" data-id=\"e55d0ac\" data-element_type=\"widget\" data-e-type=\"widget\" data-settings=\"{&quot;_animation&quot;:&quot;fadeInUp&quot;}\" data-widget_type=\"heading.default\">\n\t\t\t\t<div class=\"elementor-widget-container\">\n\t\t\t\t\t<h2 class=\"elementor-heading-title elementor-size-default\">REPRESENTAMOS A FAST EN CHILE<\/h2>\t\t\t\t<\/div>\n\t\t\t\t<\/div>\n\t\t\t\t<div class=\"elementor-element elementor-element-ebacd4b elementor-widget-divider--view-line elementor-widget elementor-widget-divider\" data-id=\"ebacd4b\" data-element_type=\"widget\" data-e-type=\"widget\" data-widget_type=\"divider.default\">\n\t\t\t\t<div class=\"elementor-widget-container\">\n\t\t\t\t\t\t\t<div class=\"elementor-divider\">\n\t\t\t<span class=\"elementor-divider-separator\">\n\t\t\t\t\t\t<\/span>\n\t\t<\/div>\n\t\t\t\t\t\t<\/div>\n\t\t\t\t<\/div>\n\t\t\t\t<div class=\"elementor-element elementor-element-ec581fc elementor-widget-tablet__width-initial elementor-widget elementor-widget-text-editor\" data-id=\"ec581fc\" data-element_type=\"widget\" data-e-type=\"widget\" data-widget_type=\"text-editor.default\">\n\t\t\t\t<div class=\"elementor-widget-container\">\n\t\t\t\t\t\t\t\t\t<p><strong>DOS20 es representante exclusivo de la marca FAST en Chile.<\/strong>\u00a0Contamos con una completa l\u00ednea de productos para la localizaci\u00f3n de fugas de agua, entre los que se encuentran equipos para la inspecci\u00f3n de tuber\u00edas, micr\u00f3fonos ac\u00fasticos, correladores, detectores de tuber\u00edas y monitoreo local.<\/p><p>Los desarrollos premiados de FAST integran tecnolog\u00edas convencionales como correladores y micr\u00f3fonos ac\u00fasticos cuya calidad y funcionamiento han dado a conocer la marca a nivel internacional.<\/p><p>Los productos FAST responden a la excelencia de calidad con 30 a\u00f1os de experiencia y profesionalismo, buscando responder a la pir\u00e1mide de detecci\u00f3n de fugas con el monitoreo, localizaci\u00f3n de tuber\u00edas, pre-localizaci\u00f3n e identificaci\u00f3n.<\/p>\t\t\t\t\t\t\t\t<\/div>\n\t\t\t\t<\/div>\n\t\t\t\t\t<\/div>\n\t\t<\/div>\n\t\t\t\t\t<\/div>\n\t\t<\/section>\n\t\t\t\t<section class=\"elementor-section elementor-inner-section elementor-element elementor-element-53fbc0a elementor-section-boxed elementor-section-height-default elementor-section-height-default\" data-id=\"53fbc0a\" data-element_type=\"section\" data-e-type=\"section\">\n\t\t\t\t\t\t<div class=\"elementor-container elementor-column-gap-default\">\n\t\t\t\t\t<div class=\"elementor-column elementor-col-100 elementor-inner-column elementor-element elementor-element-9a801c4 elementor-invisible\" data-id=\"9a801c4\" data-element_type=\"column\" data-e-type=\"column\" data-settings=\"{&quot;animation&quot;:&quot;fadeInUp&quot;}\">\n\t\t\t<div class=\"elementor-widget-wrap elementor-element-populated\">\n\t\t\t\t\t\t<div class=\"elementor-element elementor-element-69a7f14 elementor-widget elementor-widget-video\" data-id=\"69a7f14\" data-element_type=\"widget\" data-e-type=\"widget\" data-settings=\"{&quot;youtube_url&quot;:&quot;https:\\\/\\\/www.youtube.com\\\/watch?v=4KrPdxop9cQ&quot;,&quot;video_type&quot;:&quot;youtube&quot;,&quot;controls&quot;:&quot;yes&quot;}\" data-widget_type=\"video.default\">\n\t\t\t\t<div class=\"elementor-widget-container\">\n\t\t\t\t\t\t\t<div class=\"elementor-wrapper elementor-open-inline\">\n\t\t\t<div class=\"elementor-video\"><\/div>\t\t<\/div>\n\t\t\t\t\t\t<\/div>\n\t\t\t\t<\/div>\n\t\t\t\t\t<\/div>\n\t\t<\/div>\n\t\t\t\t\t<\/div>\n\t\t<\/section>\n\t\t\t\t<section class=\"elementor-section elementor-inner-section elementor-element elementor-element-00c41fe elementor-section-boxed elementor-section-height-default elementor-section-height-default\" data-id=\"00c41fe\" data-element_type=\"section\" data-e-type=\"section\">\n\t\t\t\t\t\t<div class=\"elementor-container elementor-column-gap-default\">\n\t\t\t\t\t<div class=\"elementor-column elementor-col-50 elementor-inner-column elementor-element elementor-element-8181cfd elementor-invisible\" data-id=\"8181cfd\" data-element_type=\"column\" data-e-type=\"column\" data-settings=\"{&quot;animation&quot;:&quot;fadeInLeft&quot;}\">\n\t\t\t<div class=\"elementor-widget-wrap elementor-element-populated\">\n\t\t\t\t\t\t<div class=\"elementor-element elementor-element-7250164 elementor-widget-tablet__width-initial elementor-widget elementor-widget-text-editor\" data-id=\"7250164\" data-element_type=\"widget\" data-e-type=\"widget\" data-widget_type=\"text-editor.default\">\n\t\t\t\t<div class=\"elementor-widget-container\">\n\t\t\t\t\t\t\t\t\t<p><strong>La sede central de la empresa se encuentra en Langenbrettach, Alemania. Con presencia en m\u00e1s de 30 pa\u00edses<\/strong>, buscando resolver con gran habilidad problemas espec\u00edficos gracias a su amplia variedad de equipos.<\/p><ul><li><strong>La l\u00ednea de equipos PipeMic<\/strong>\u00a0permite una localizaci\u00f3n exacta de fugas, con una funci\u00f3n 3 en 1 para la detecci\u00f3n ac\u00fastica de fugas + detecci\u00f3n de tuber\u00edas + detecci\u00f3n final.<\/li><li><strong>La l\u00ednea de equipos AQUA<\/strong>\u00a0integra ge\u00f3fonos inteligentes para la detecci\u00f3n de fugas y micr\u00f3fonos ac\u00fasticos para la prelocalizaci\u00f3n e identificaci\u00f3n.<\/li><li><strong>La l\u00ednea de equipos LOKAL<\/strong>\u00a0incluye equipos profesionales y port\u00e1tiles adaptados para la necesidad del usuario, junto a la posibilidad de integrar un ge\u00f3fono.<\/li><li><strong>El equipamiento especial<\/strong>\u00a0incluye productos y soluciones para aplicaciones especiales. Entre los que encontramos instrumentos para la detecci\u00f3n de objetos ferromagn\u00e9ticos, detectores ac\u00fasticos de tuber\u00edas y caudal\u00edmetros.<\/li><li><strong>El equipamiento de monitoreo<\/strong>\u00a0integra equipos que est\u00e1n enfocados en realizar un monitoreo y estudio de los niveles de ruido y presi\u00f3n.<\/li><\/ul>\t\t\t\t\t\t\t\t<\/div>\n\t\t\t\t<\/div>\n\t\t\t\t\t<\/div>\n\t\t<\/div>\n\t\t\t\t<div class=\"elementor-column elementor-col-50 elementor-inner-column elementor-element elementor-element-463c1e5 elementor-invisible\" data-id=\"463c1e5\" data-element_type=\"column\" data-e-type=\"column\" data-settings=\"{&quot;animation&quot;:&quot;fadeInLeft&quot;}\">\n\t\t\t<div class=\"elementor-widget-wrap elementor-element-populated\">\n\t\t\t\t\t\t<div class=\"elementor-element elementor-element-c3fd5b0 elementor-widget__width-initial elementor-widget-tablet__width-initial elementor-widget elementor-widget-image\" data-id=\"c3fd5b0\" data-element_type=\"widget\" data-e-type=\"widget\" data-widget_type=\"image.default\">\n\t\t\t\t<div class=\"elementor-widget-container\">\n\t\t\t\t\t\t\t\t\t\t\t\t\t\t\t\t<a href=\"https:\/\/dos20.cl\/categoria-producto\/soluciones-inteligentes-fast\/\">\n\t\t\t\t\t\t\t<img decoding=\"async\" width=\"1024\" height=\"627\" src=\"https:\/\/dos20.cl\/wp-content\/uploads\/2025\/01\/Mapa-Fsat-1024x627.png\" class=\"attachment-large size-large wp-image-17444\" alt=\"\" srcset=\"https:\/\/dos20.cl\/wp-content\/uploads\/2025\/01\/Mapa-Fsat-1024x627.png 1024w, https:\/\/dos20.cl\/wp-content\/uploads\/2025\/01\/Mapa-Fsat-300x184.png 300w, https:\/\/dos20.cl\/wp-content\/uploads\/2025\/01\/Mapa-Fsat-768x470.png 768w, https:\/\/dos20.cl\/wp-content\/uploads\/2025\/01\/Mapa-Fsat-600x367.png 600w, https:\/\/dos20.cl\/wp-content\/uploads\/2025\/01\/Mapa-Fsat-64x39.png 64w, https:\/\/dos20.cl\/wp-content\/uploads\/2025\/01\/Mapa-Fsat.png 1054w\" sizes=\"(max-width: 1024px) 100vw, 1024px\" \/>\t\t\t\t\t\t\t\t<\/a>\n\t\t\t\t\t\t\t\t\t\t\t\t\t\t\t<\/div>\n\t\t\t\t<\/div>\n\t\t\t\t\t<\/div>\n\t\t<\/div>\n\t\t\t\t\t<\/div>\n\t\t<\/section>\n\t\t\t\t<div class=\"elementor-element elementor-element-8b96712 elementor-widget__width-initial elementor-widget-tablet__width-initial elementor-widget elementor-widget-image\" data-id=\"8b96712\" data-element_type=\"widget\" data-e-type=\"widget\" data-widget_type=\"image.default\">\n\t\t\t\t<div class=\"elementor-widget-container\">\n\t\t\t\t\t\t\t\t\t\t\t\t\t\t\t\t<a href=\"https:\/\/dos20.cl\/categoria-producto\/soluciones-inteligentes-fast\/\">\n\t\t\t\t\t\t\t<img decoding=\"async\" width=\"1024\" height=\"369\" src=\"https:\/\/dos20.cl\/wp-content\/uploads\/2025\/01\/Captura-de-pantalla-2025-01-09-a-las-12.03.34-1024x369.png\" class=\"attachment-large size-large wp-image-17443\" alt=\"\" srcset=\"https:\/\/dos20.cl\/wp-content\/uploads\/2025\/01\/Captura-de-pantalla-2025-01-09-a-las-12.03.34-1024x369.png 1024w, https:\/\/dos20.cl\/wp-content\/uploads\/2025\/01\/Captura-de-pantalla-2025-01-09-a-las-12.03.34-300x108.png 300w, https:\/\/dos20.cl\/wp-content\/uploads\/2025\/01\/Captura-de-pantalla-2025-01-09-a-las-12.03.34-768x277.png 768w, https:\/\/dos20.cl\/wp-content\/uploads\/2025\/01\/Captura-de-pantalla-2025-01-09-a-las-12.03.34-1536x553.png 1536w, https:\/\/dos20.cl\/wp-content\/uploads\/2025\/01\/Captura-de-pantalla-2025-01-09-a-las-12.03.34-2048x738.png 2048w, https:\/\/dos20.cl\/wp-content\/uploads\/2025\/01\/Captura-de-pantalla-2025-01-09-a-las-12.03.34-600x216.png 600w, https:\/\/dos20.cl\/wp-content\/uploads\/2025\/01\/Captura-de-pantalla-2025-01-09-a-las-12.03.34-64x23.png 64w\" sizes=\"(max-width: 1024px) 100vw, 1024px\" \/>\t\t\t\t\t\t\t\t<\/a>\n\t\t\t\t\t\t\t\t\t\t\t\t\t\t\t<\/div>\n\t\t\t\t<\/div>\n\t\t\t\t\t<\/div>\n\t\t<\/div>\n\t\t\t\t\t<\/div>\n\t\t<\/section>\n\t\t\t\t<\/div>\n\t\t","protected":false},"excerpt":{"rendered":"<p>Detectores de fugas de agua FAST REPRESENTAMOS A FAST EN CHILE DOS20 es representante exclusivo de la marca FAST en [&hellip;]<\/p>\n","protected":false},"author":19,"featured_media":0,"parent":0,"menu_order":0,"comment_status":"closed","ping_status":"closed","template":"","meta":{"site-sidebar-layout":"no-sidebar","site-content-layout":"","ast-site-content-layout":"full-width-container","site-content-style":"unboxed","site-sidebar-style":"unboxed","ast-global-header-display":"","ast-banner-title-visibility":"","ast-main-header-display":"","ast-hfb-above-header-display":"","ast-hfb-below-header-display":"","ast-hfb-mobile-header-display":"","site-post-title":"disabled","ast-breadcrumbs-content":"","ast-featured-img":"disabled","footer-sml-layout":"","theme-transparent-header-meta":"default","adv-header-id-meta":"","stick-header-meta":"","header-above-stick-meta":"","header-main-stick-meta":"","header-below-stick-meta":"","astra-migrate-meta-layouts":"set","ast-page-background-enabled":"default","ast-page-background-meta":{"desktop":{"background-color":"var(--ast-global-color-4)","background-image":"","background-repeat":"repeat","background-position":"center center","background-size":"auto","background-attachment":"scroll","background-type":"","background-media":"","overlay-type":"","overlay-color":"","overlay-opacity":"","overlay-gradient":""},"tablet":{"background-color":"","background-image":"","background-repeat":"repeat","background-position":"center center","background-size":"auto","background-attachment":"scroll","background-type":"","background-media":"","overlay-type":"","overlay-color":"","overlay-opacity":"","overlay-gradient":""},"mobile":{"background-color":"","background-image":"","background-repeat":"repeat","background-position":"center center","background-size":"auto","background-attachment":"scroll","background-type":"","background-media":"","overlay-type":"","overlay-color":"","overlay-opacity":"","overlay-gradient":""}},"ast-content-background-meta":{"desktop":{"background-color":"var(--ast-global-color-5)","background-image":"","background-repeat":"repeat","background-position":"center center","background-size":"auto","background-attachment":"scroll","background-type":"","background-media":"","overlay-type":"","overlay-color":"","overlay-opacity":"","overlay-gradient":""},"tablet":{"background-color":"var(--ast-global-color-5)","background-image":"","background-repeat":"repeat","background-position":"center center","background-size":"auto","background-attachment":"scroll","background-type":"","background-media":"","overlay-type":"","overlay-color":"","overlay-opacity":"","overlay-gradient":""},"mobile":{"background-color":"var(--ast-global-color-5)","background-image":"","background-repeat":"repeat","background-position":"center center","background-size":"auto","background-attachment":"scroll","background-type":"","background-media":"","overlay-type":"","overlay-color":"","overlay-opacity":"","overlay-gradient":""}},"footnotes":""},"class_list":["post-16381","page","type-page","status-publish","hentry"],"_links":{"self":[{"href":"https:\/\/dos20.cl\/index.php?rest_route=\/wp\/v2\/pages\/16381","targetHints":{"allow":["GET"]}}],"collection":[{"href":"https:\/\/dos20.cl\/index.php?rest_route=\/wp\/v2\/pages"}],"about":[{"href":"https:\/\/dos20.cl\/index.php?rest_route=\/wp\/v2\/types\/page"}],"author":[{"embeddable":true,"href":"https:\/\/dos20.cl\/index.php?rest_route=\/wp\/v2\/users\/19"}],"replies":[{"embeddable":true,"href":"https:\/\/dos20.cl\/index.php?rest_route=%2Fwp%2Fv2%2Fcomments&post=16381"}],"version-history":[{"count":27,"href":"https:\/\/dos20.cl\/index.php?rest_route=\/wp\/v2\/pages\/16381\/revisions"}],"predecessor-version":[{"id":17924,"href":"https:\/\/dos20.cl\/index.php?rest_route=\/wp\/v2\/pages\/16381\/revisions\/17924"}],"wp:attachment":[{"href":"https:\/\/dos20.cl\/index.php?rest_route=%2Fwp%2Fv2%2Fmedia&parent=16381"}],"curies":[{"name":"wp","href":"https:\/\/api.w.org\/{rel}","templated":true}]}}