{"id":15681,"date":"2020-04-07T18:58:22","date_gmt":"2020-04-07T18:58:22","guid":{"rendered":"https:\/\/dos20.cl\/?page_id=15681"},"modified":"2025-01-28T15:18:00","modified_gmt":"2025-01-28T15:18:00","slug":"medidores-caudal-nivus","status":"publish","type":"page","link":"https:\/\/dos20.cl\/?page_id=15681","title":{"rendered":"Medidores de caudal NIVUS"},"content":{"rendered":"\t\t<div data-elementor-type=\"wp-page\" data-elementor-id=\"15681\" class=\"elementor elementor-15681\" data-elementor-post-type=\"page\">\n\t\t\t\t\t\t<section class=\"elementor-section elementor-top-section elementor-element elementor-element-0e2ce5c elementor-section-boxed elementor-section-height-default elementor-section-height-default\" data-id=\"0e2ce5c\" data-element_type=\"section\" data-e-type=\"section\" data-settings=\"{&quot;background_background&quot;:&quot;video&quot;,&quot;shape_divider_bottom&quot;:&quot;curve&quot;,&quot;shape_divider_bottom_negative&quot;:&quot;yes&quot;,&quot;background_video_link&quot;:&quot;https:\\\/\\\/youtu.be\\\/rdNWlLbNw1o&quot;,&quot;background_play_on_mobile&quot;:&quot;yes&quot;}\">\n\t\t\t\t\t\t\t\t<div class=\"elementor-background-video-container\">\n\t\t\t\t\t\t\t\t\t\t\t\t\t<div class=\"elementor-background-video-embed\" role=\"presentation\"><\/div>\n\t\t\t\t\t\t\t\t\t\t\t\t<\/div>\n\t\t\t\t\t\t\t<div class=\"elementor-shape elementor-shape-bottom\" aria-hidden=\"true\" data-negative=\"true\">\n\t\t\t<svg xmlns=\"http:\/\/www.w3.org\/2000\/svg\" viewBox=\"0 0 1000 100\" preserveAspectRatio=\"none\">\n\t<path class=\"elementor-shape-fill\" d=\"M500,97C126.7,96.3,0.8,19.8,0,0v100l1000,0V1C1000,19.4,873.3,97.8,500,97z\"\/>\n<\/svg>\t\t<\/div>\n\t\t\t\t\t<div class=\"elementor-container elementor-column-gap-no\">\n\t\t\t\t\t<div class=\"elementor-column elementor-col-100 elementor-top-column elementor-element elementor-element-7a021e6\" data-id=\"7a021e6\" data-element_type=\"column\" data-e-type=\"column\">\n\t\t\t<div class=\"elementor-widget-wrap elementor-element-populated\">\n\t\t\t\t\t\t<div class=\"elementor-element elementor-element-b720d98 elementor-invisible elementor-widget elementor-widget-heading\" data-id=\"b720d98\" data-element_type=\"widget\" data-e-type=\"widget\" data-settings=\"{&quot;_animation&quot;:&quot;fadeInUp&quot;}\" data-widget_type=\"heading.default\">\n\t\t\t\t<div class=\"elementor-widget-container\">\n\t\t\t\t\t<h1 class=\"elementor-heading-title elementor-size-default\"><a href=\"https:\/\/dos20.cl\/?s=nivus&#038;post_type=product&#038;dgwt_wcas=1\">Medidores de caudal NIVUS<\/a><\/h1>\t\t\t\t<\/div>\n\t\t\t\t<\/div>\n\t\t\t\t\t<\/div>\n\t\t<\/div>\n\t\t\t\t\t<\/div>\n\t\t<\/section>\n\t\t\t\t<section class=\"elementor-section elementor-top-section elementor-element elementor-element-586df79 elementor-section-stretched elementor-section-boxed elementor-section-height-default elementor-section-height-default\" data-id=\"586df79\" data-element_type=\"section\" data-e-type=\"section\" data-settings=\"{&quot;stretch_section&quot;:&quot;section-stretched&quot;,&quot;background_background&quot;:&quot;classic&quot;,&quot;shape_divider_bottom&quot;:&quot;curve&quot;,&quot;shape_divider_bottom_negative&quot;:&quot;yes&quot;}\">\n\t\t\t\t\t<div class=\"elementor-shape elementor-shape-bottom\" aria-hidden=\"true\" data-negative=\"true\">\n\t\t\t<svg xmlns=\"http:\/\/www.w3.org\/2000\/svg\" viewBox=\"0 0 1000 100\" preserveAspectRatio=\"none\">\n\t<path class=\"elementor-shape-fill\" d=\"M500,97C126.7,96.3,0.8,19.8,0,0v100l1000,0V1C1000,19.4,873.3,97.8,500,97z\"\/>\n<\/svg>\t\t<\/div>\n\t\t\t\t\t<div class=\"elementor-container elementor-column-gap-no\">\n\t\t\t\t\t<div class=\"elementor-column elementor-col-100 elementor-top-column elementor-element elementor-element-2e6e12a\" data-id=\"2e6e12a\" data-element_type=\"column\" data-e-type=\"column\">\n\t\t\t<div class=\"elementor-widget-wrap elementor-element-populated\">\n\t\t\t\t\t\t<section class=\"elementor-section elementor-inner-section elementor-element elementor-element-16826ec elementor-section-boxed elementor-section-height-default elementor-section-height-default\" data-id=\"16826ec\" data-element_type=\"section\" data-e-type=\"section\">\n\t\t\t\t\t\t<div class=\"elementor-container elementor-column-gap-default\">\n\t\t\t\t\t<div class=\"elementor-column elementor-col-50 elementor-inner-column elementor-element elementor-element-11d8f25 elementor-invisible\" data-id=\"11d8f25\" data-element_type=\"column\" data-e-type=\"column\" data-settings=\"{&quot;animation&quot;:&quot;fadeInRight&quot;}\">\n\t\t\t<div class=\"elementor-widget-wrap elementor-element-populated\">\n\t\t\t\t\t\t<div class=\"elementor-element elementor-element-adfdad5 elementor-widget elementor-widget-image\" data-id=\"adfdad5\" data-element_type=\"widget\" data-e-type=\"widget\" data-widget_type=\"image.default\">\n\t\t\t\t<div class=\"elementor-widget-container\">\n\t\t\t\t\t\t\t\t\t\t\t\t\t\t\t\t<a href=\"https:\/\/dos20.cl\/?s=nivus&#038;post_type=product&#038;dgwt_wcas=1\">\n\t\t\t\t\t\t\t<img fetchpriority=\"high\" decoding=\"async\" width=\"500\" height=\"300\" src=\"https:\/\/dos20.cl\/wp-content\/uploads\/2025\/01\/2.jpg\" class=\"attachment-full size-full wp-image-17256\" alt=\"\" srcset=\"https:\/\/dos20.cl\/wp-content\/uploads\/2025\/01\/2.jpg 500w, https:\/\/dos20.cl\/wp-content\/uploads\/2025\/01\/2-300x180.jpg 300w, https:\/\/dos20.cl\/wp-content\/uploads\/2025\/01\/2-64x38.jpg 64w\" sizes=\"(max-width: 500px) 100vw, 500px\" \/>\t\t\t\t\t\t\t\t<\/a>\n\t\t\t\t\t\t\t\t\t\t\t\t\t\t\t<\/div>\n\t\t\t\t<\/div>\n\t\t\t\t\t<\/div>\n\t\t<\/div>\n\t\t\t\t<div class=\"elementor-column elementor-col-50 elementor-inner-column elementor-element elementor-element-3ea45b0 elementor-invisible\" data-id=\"3ea45b0\" data-element_type=\"column\" data-e-type=\"column\" data-settings=\"{&quot;animation&quot;:&quot;fadeInLeft&quot;}\">\n\t\t\t<div class=\"elementor-widget-wrap elementor-element-populated\">\n\t\t\t\t\t\t<div class=\"elementor-element elementor-element-97b0a00 elementor-invisible elementor-widget elementor-widget-heading\" data-id=\"97b0a00\" data-element_type=\"widget\" data-e-type=\"widget\" data-settings=\"{&quot;_animation&quot;:&quot;fadeInUp&quot;}\" data-widget_type=\"heading.default\">\n\t\t\t\t<div class=\"elementor-widget-container\">\n\t\t\t\t\t<h2 class=\"elementor-heading-title elementor-size-default\">REPRESENTAMOS A NIVUS EN CHILE\n<\/h2>\t\t\t\t<\/div>\n\t\t\t\t<\/div>\n\t\t\t\t<div class=\"elementor-element elementor-element-f5cb56b elementor-widget-divider--view-line elementor-widget elementor-widget-divider\" data-id=\"f5cb56b\" data-element_type=\"widget\" data-e-type=\"widget\" data-widget_type=\"divider.default\">\n\t\t\t\t<div class=\"elementor-widget-container\">\n\t\t\t\t\t\t\t<div class=\"elementor-divider\">\n\t\t\t<span class=\"elementor-divider-separator\">\n\t\t\t\t\t\t<\/span>\n\t\t<\/div>\n\t\t\t\t\t\t<\/div>\n\t\t\t\t<\/div>\n\t\t\t\t<div class=\"elementor-element elementor-element-be1827b elementor-widget elementor-widget-text-editor\" data-id=\"be1827b\" data-element_type=\"widget\" data-e-type=\"widget\" data-widget_type=\"text-editor.default\">\n\t\t\t\t<div class=\"elementor-widget-container\">\n\t\t\t\t\t\t\t\t\t<p><strong>DOS20 es representante exclusivo de la marca Nivus en Chile<\/strong>. La sede central de la empresa se encuentra en Eppinged, Alemania. Con 9 filiales internacionales y m\u00e1s de 40 socios distribuidores en todo el mundo<\/p><p>El grupo NIVUS es un fabricante y proveedor de desarrollo l\u00edder en Alemania con instrumentos de medici\u00f3n para la industria del agua. Desde 1967, la compa\u00f1\u00eda ha estado marcando el camino a seguir, estableciendo nuevos est\u00e1ndares y desarrollando continuamente productos y soluciones de alta calidad. Adem\u00e1s es una de las compa\u00f1\u00edas l\u00edderes a nivel mundial en esta \u00e1rea.\u00a0<strong>El objetivo de NIVUS es proporcionar los mejores medidores de flujo con la mayor precisi\u00f3n requerida para las necesidades de los clientes<\/strong>. Una selecci\u00f3n de diversas tecnolog\u00edas de medici\u00f3n de flujo combinadas con asesoramiento individual basado en experiencia integral, permite a NIVUS ofrecer a clientes los sistemas \u00f3ptimos para el sitio de medici\u00f3n espec\u00edfico.<\/p>\t\t\t\t\t\t\t\t<\/div>\n\t\t\t\t<\/div>\n\t\t\t\t\t<\/div>\n\t\t<\/div>\n\t\t\t\t\t<\/div>\n\t\t<\/section>\n\t\t\t\t<section class=\"elementor-section elementor-inner-section elementor-element elementor-element-3009f8f elementor-section-boxed elementor-section-height-default elementor-section-height-default\" data-id=\"3009f8f\" data-element_type=\"section\" data-e-type=\"section\">\n\t\t\t\t\t\t<div class=\"elementor-container elementor-column-gap-default\">\n\t\t\t\t\t<div class=\"elementor-column elementor-col-100 elementor-inner-column elementor-element elementor-element-4f41f98 elementor-invisible\" data-id=\"4f41f98\" data-element_type=\"column\" data-e-type=\"column\" data-settings=\"{&quot;animation&quot;:&quot;fadeInUp&quot;}\">\n\t\t\t<div class=\"elementor-widget-wrap elementor-element-populated\">\n\t\t\t\t\t\t<div class=\"elementor-element elementor-element-5649b0d elementor-widget elementor-widget-text-editor\" data-id=\"5649b0d\" data-element_type=\"widget\" data-e-type=\"widget\" data-widget_type=\"text-editor.default\">\n\t\t\t\t<div class=\"elementor-widget-container\">\n\t\t\t\t\t\t\t\t\t<p><strong>Nivus se caracteriza por: Desarrollo, producci\u00f3n y venta de medidores de flujo, medidores de nivel, medidores de an\u00e1lisis y sistemas de telecontrol y los servicios involucrados, por esto proporciona la mejor soluci\u00f3n<\/strong>. Medici\u00f3n de flujo usando correlaci\u00f3n cruzada. Alta precisi\u00f3n, confiable y estable.<\/p><p><strong>Actualmente cuenta con certificaci\u00f3n ISO 9001:2015 e ISO 14001:2015, ambas validamente vigentes<\/strong>. Esta certificaci\u00f3n se realiz\u00f3 de acuerdo con los procedimientos de auditor\u00eda y certificaci\u00f3n de T\u00dcV NORD CERT, Alemania y est\u00e1 sujeta a auditor\u00edas de vigilancia regulares.<\/p>\t\t\t\t\t\t\t\t<\/div>\n\t\t\t\t<\/div>\n\t\t\t\t\t<\/div>\n\t\t<\/div>\n\t\t\t\t\t<\/div>\n\t\t<\/section>\n\t\t\t\t<section class=\"elementor-section elementor-inner-section elementor-element elementor-element-5d00671 elementor-section-boxed elementor-section-height-default elementor-section-height-default\" data-id=\"5d00671\" data-element_type=\"section\" data-e-type=\"section\">\n\t\t\t\t\t\t<div class=\"elementor-container elementor-column-gap-default\">\n\t\t\t\t\t<div class=\"elementor-column elementor-col-100 elementor-inner-column elementor-element elementor-element-566b485 elementor-invisible\" data-id=\"566b485\" data-element_type=\"column\" data-e-type=\"column\" data-settings=\"{&quot;animation&quot;:&quot;fadeInUp&quot;}\">\n\t\t\t<div class=\"elementor-widget-wrap elementor-element-populated\">\n\t\t\t\t\t\t<div class=\"elementor-element elementor-element-0342fc1 elementor-widget elementor-widget-video\" data-id=\"0342fc1\" data-element_type=\"widget\" data-e-type=\"widget\" data-settings=\"{&quot;youtube_url&quot;:&quot;https:\\\/\\\/www.youtube.com\\\/watch?v=u1lI9O44d0c&quot;,&quot;video_type&quot;:&quot;youtube&quot;,&quot;controls&quot;:&quot;yes&quot;}\" data-widget_type=\"video.default\">\n\t\t\t\t<div class=\"elementor-widget-container\">\n\t\t\t\t\t\t\t<div class=\"elementor-wrapper elementor-open-inline\">\n\t\t\t<div class=\"elementor-video\"><\/div>\t\t<\/div>\n\t\t\t\t\t\t<\/div>\n\t\t\t\t<\/div>\n\t\t\t\t\t<\/div>\n\t\t<\/div>\n\t\t\t\t\t<\/div>\n\t\t<\/section>\n\t\t\t\t<section class=\"elementor-section elementor-inner-section elementor-element elementor-element-b5f16fb elementor-section-boxed elementor-section-height-default elementor-section-height-default\" data-id=\"b5f16fb\" data-element_type=\"section\" data-e-type=\"section\">\n\t\t\t\t\t\t<div class=\"elementor-container elementor-column-gap-default\">\n\t\t\t\t\t<div class=\"elementor-column elementor-col-50 elementor-inner-column elementor-element elementor-element-fb6aa8d elementor-invisible\" data-id=\"fb6aa8d\" data-element_type=\"column\" data-e-type=\"column\" data-settings=\"{&quot;animation&quot;:&quot;fadeInLeft&quot;}\">\n\t\t\t<div class=\"elementor-widget-wrap elementor-element-populated\">\n\t\t\t\t\t\t<div class=\"elementor-element elementor-element-ca2a690 elementor-widget elementor-widget-text-editor\" data-id=\"ca2a690\" data-element_type=\"widget\" data-e-type=\"widget\" data-widget_type=\"text-editor.default\">\n\t\t\t\t<div class=\"elementor-widget-container\">\n\t\t\t\t\t\t\t\t\t<p><b>Aplicaciones<\/b><\/p><ul><li>Detecci\u00f3n de fugas, derrames.<\/li><li>Testeo de bombas.<\/li><li>Gesti\u00f3n de la refrigeraci\u00f3n por agua, entrada y salida.<\/li><li>Monitoreo del agua industrial como de proceso.<\/li><li>Mediciones permanentes de aguas superficiales como r\u00edos, canales abiertos, etc.<\/li><li>Sistemas de riego (distribuci\u00f3n y calculaci\u00f3n).<\/li><li>Hidroel\u00e9ctricas (utilizaci\u00f3n como aprovechamiento de turbinas).<\/li><li>Entrada y salida de agua de refrigeraci\u00f3n.<\/li><li>Aguas de proceso.<\/li><li>Sistemas de riego (distribuci\u00f3n y calculaci\u00f3n).<\/li><\/ul>\t\t\t\t\t\t\t\t<\/div>\n\t\t\t\t<\/div>\n\t\t\t\t\t<\/div>\n\t\t<\/div>\n\t\t\t\t<div class=\"elementor-column elementor-col-50 elementor-inner-column elementor-element elementor-element-f1af2e5\" data-id=\"f1af2e5\" data-element_type=\"column\" data-e-type=\"column\">\n\t\t\t<div class=\"elementor-widget-wrap elementor-element-populated\">\n\t\t\t\t\t\t<div class=\"elementor-element elementor-element-b1875ff elementor-widget-tablet__width-initial elementor-widget elementor-widget-image\" data-id=\"b1875ff\" data-element_type=\"widget\" data-e-type=\"widget\" data-widget_type=\"image.default\">\n\t\t\t\t<div class=\"elementor-widget-container\">\n\t\t\t\t\t\t\t\t\t\t\t\t\t\t\t\t<a href=\"https:\/\/dos20.cl\/?s=nivus&#038;post_type=product&#038;dgwt_wcas=1\">\n\t\t\t\t\t\t\t<img decoding=\"async\" width=\"615\" height=\"400\" src=\"https:\/\/dos20.cl\/wp-content\/uploads\/2025\/01\/NIVUS-2-compressor.png\" class=\"attachment-large size-large wp-image-17426\" alt=\"\" srcset=\"https:\/\/dos20.cl\/wp-content\/uploads\/2025\/01\/NIVUS-2-compressor.png 615w, https:\/\/dos20.cl\/wp-content\/uploads\/2025\/01\/NIVUS-2-compressor-300x195.png 300w, https:\/\/dos20.cl\/wp-content\/uploads\/2025\/01\/NIVUS-2-compressor-600x390.png 600w, https:\/\/dos20.cl\/wp-content\/uploads\/2025\/01\/NIVUS-2-compressor-64x42.png 64w\" sizes=\"(max-width: 615px) 100vw, 615px\" \/>\t\t\t\t\t\t\t\t<\/a>\n\t\t\t\t\t\t\t\t\t\t\t\t\t\t\t<\/div>\n\t\t\t\t<\/div>\n\t\t\t\t\t<\/div>\n\t\t<\/div>\n\t\t\t\t\t<\/div>\n\t\t<\/section>\n\t\t\t\t<section class=\"elementor-section elementor-inner-section elementor-element elementor-element-a3449c0 elementor-section-boxed elementor-section-height-default elementor-section-height-default\" data-id=\"a3449c0\" data-element_type=\"section\" data-e-type=\"section\">\n\t\t\t\t\t\t<div class=\"elementor-container elementor-column-gap-default\">\n\t\t\t\t\t<div class=\"elementor-column elementor-col-100 elementor-inner-column elementor-element elementor-element-77c8ffb\" data-id=\"77c8ffb\" data-element_type=\"column\" data-e-type=\"column\">\n\t\t\t<div class=\"elementor-widget-wrap elementor-element-populated\">\n\t\t\t\t\t\t<div class=\"elementor-element elementor-element-731a473 elementor-widget elementor-widget-image\" data-id=\"731a473\" data-element_type=\"widget\" data-e-type=\"widget\" data-widget_type=\"image.default\">\n\t\t\t\t<div class=\"elementor-widget-container\">\n\t\t\t\t\t\t\t\t\t\t\t\t\t\t\t\t<a href=\"https:\/\/dos20.cl\/?s=nivus&#038;post_type=product&#038;dgwt_wcas=1\">\n\t\t\t\t\t\t\t<img decoding=\"async\" width=\"1024\" height=\"427\" src=\"https:\/\/dos20.cl\/wp-content\/uploads\/2025\/01\/Banners-Nivus-web-1024x427.png\" class=\"attachment-large size-large wp-image-17874\" alt=\"\" srcset=\"https:\/\/dos20.cl\/wp-content\/uploads\/2025\/01\/Banners-Nivus-web-1024x427.png 1024w, https:\/\/dos20.cl\/wp-content\/uploads\/2025\/01\/Banners-Nivus-web-300x125.png 300w, https:\/\/dos20.cl\/wp-content\/uploads\/2025\/01\/Banners-Nivus-web-768x320.png 768w, https:\/\/dos20.cl\/wp-content\/uploads\/2025\/01\/Banners-Nivus-web-1536x640.png 1536w, https:\/\/dos20.cl\/wp-content\/uploads\/2025\/01\/Banners-Nivus-web-600x250.png 600w, https:\/\/dos20.cl\/wp-content\/uploads\/2025\/01\/Banners-Nivus-web-64x27.png 64w, https:\/\/dos20.cl\/wp-content\/uploads\/2025\/01\/Banners-Nivus-web.png 1920w\" sizes=\"(max-width: 1024px) 100vw, 1024px\" \/>\t\t\t\t\t\t\t\t<\/a>\n\t\t\t\t\t\t\t\t\t\t\t\t\t\t\t<\/div>\n\t\t\t\t<\/div>\n\t\t\t\t\t<\/div>\n\t\t<\/div>\n\t\t\t\t\t<\/div>\n\t\t<\/section>\n\t\t\t\t\t<\/div>\n\t\t<\/div>\n\t\t\t\t\t<\/div>\n\t\t<\/section>\n\t\t\t\t<\/div>\n\t\t","protected":false},"excerpt":{"rendered":"<p>Medidores de caudal NIVUS REPRESENTAMOS A NIVUS EN CHILE DOS20 es representante exclusivo de la marca Nivus en Chile. La [&hellip;]<\/p>\n","protected":false},"author":19,"featured_media":0,"parent":0,"menu_order":0,"comment_status":"closed","ping_status":"closed","template":"","meta":{"site-sidebar-layout":"no-sidebar","site-content-layout":"","ast-site-content-layout":"full-width-container","site-content-style":"unboxed","site-sidebar-style":"unboxed","ast-global-header-display":"","ast-banner-title-visibility":"","ast-main-header-display":"","ast-hfb-above-header-display":"","ast-hfb-below-header-display":"","ast-hfb-mobile-header-display":"","site-post-title":"disabled","ast-breadcrumbs-content":"","ast-featured-img":"disabled","footer-sml-layout":"","theme-transparent-header-meta":"default","adv-header-id-meta":"","stick-header-meta":"","header-above-stick-meta":"","header-main-stick-meta":"","header-below-stick-meta":"","astra-migrate-meta-layouts":"set","ast-page-background-enabled":"default","ast-page-background-meta":{"desktop":{"background-color":"var(--ast-global-color-4)","background-image":"","background-repeat":"repeat","background-position":"center center","background-size":"auto","background-attachment":"scroll","background-type":"","background-media":"","overlay-type":"","overlay-color":"","overlay-opacity":"","overlay-gradient":""},"tablet":{"background-color":"","background-image":"","background-repeat":"repeat","background-position":"center center","background-size":"auto","background-attachment":"scroll","background-type":"","background-media":"","overlay-type":"","overlay-color":"","overlay-opacity":"","overlay-gradient":""},"mobile":{"background-color":"","background-image":"","background-repeat":"repeat","background-position":"center center","background-size":"auto","background-attachment":"scroll","background-type":"","background-media":"","overlay-type":"","overlay-color":"","overlay-opacity":"","overlay-gradient":""}},"ast-content-background-meta":{"desktop":{"background-color":"var(--ast-global-color-5)","background-image":"","background-repeat":"repeat","background-position":"center center","background-size":"auto","background-attachment":"scroll","background-type":"","background-media":"","overlay-type":"","overlay-color":"","overlay-opacity":"","overlay-gradient":""},"tablet":{"background-color":"var(--ast-global-color-5)","background-image":"","background-repeat":"repeat","background-position":"center center","background-size":"auto","background-attachment":"scroll","background-type":"","background-media":"","overlay-type":"","overlay-color":"","overlay-opacity":"","overlay-gradient":""},"mobile":{"background-color":"var(--ast-global-color-5)","background-image":"","background-repeat":"repeat","background-position":"center center","background-size":"auto","background-attachment":"scroll","background-type":"","background-media":"","overlay-type":"","overlay-color":"","overlay-opacity":"","overlay-gradient":""}},"footnotes":""},"class_list":["post-15681","page","type-page","status-publish","hentry"],"_links":{"self":[{"href":"https:\/\/dos20.cl\/index.php?rest_route=\/wp\/v2\/pages\/15681","targetHints":{"allow":["GET"]}}],"collection":[{"href":"https:\/\/dos20.cl\/index.php?rest_route=\/wp\/v2\/pages"}],"about":[{"href":"https:\/\/dos20.cl\/index.php?rest_route=\/wp\/v2\/types\/page"}],"author":[{"embeddable":true,"href":"https:\/\/dos20.cl\/index.php?rest_route=\/wp\/v2\/users\/19"}],"replies":[{"embeddable":true,"href":"https:\/\/dos20.cl\/index.php?rest_route=%2Fwp%2Fv2%2Fcomments&post=15681"}],"version-history":[{"count":26,"href":"https:\/\/dos20.cl\/index.php?rest_route=\/wp\/v2\/pages\/15681\/revisions"}],"predecessor-version":[{"id":17933,"href":"https:\/\/dos20.cl\/index.php?rest_route=\/wp\/v2\/pages\/15681\/revisions\/17933"}],"wp:attachment":[{"href":"https:\/\/dos20.cl\/index.php?rest_route=%2Fwp%2Fv2%2Fmedia&parent=15681"}],"curies":[{"name":"wp","href":"https:\/\/api.w.org\/{rel}","templated":true}]}}