{"id":15676,"date":"2020-04-07T18:46:48","date_gmt":"2020-04-07T18:46:48","guid":{"rendered":"https:\/\/dos20.cl\/?page_id=15676"},"modified":"2025-01-28T14:43:08","modified_gmt":"2025-01-28T14:43:08","slug":"sensores-dataloggers-keller","status":"publish","type":"page","link":"https:\/\/dos20.cl\/?page_id=15676","title":{"rendered":"Sensores y dataloggers KELLER"},"content":{"rendered":"\t\t<div data-elementor-type=\"wp-page\" data-elementor-id=\"15676\" class=\"elementor elementor-15676\" data-elementor-post-type=\"page\">\n\t\t\t\t\t\t<section class=\"elementor-section elementor-top-section elementor-element elementor-element-ffc7031 elementor-section-boxed elementor-section-height-default elementor-section-height-default\" data-id=\"ffc7031\" data-element_type=\"section\" data-e-type=\"section\" data-settings=\"{&quot;background_background&quot;:&quot;video&quot;,&quot;shape_divider_bottom&quot;:&quot;curve&quot;,&quot;shape_divider_bottom_negative&quot;:&quot;yes&quot;,&quot;background_video_link&quot;:&quot;https:\\\/\\\/youtu.be\\\/rdNWlLbNw1o&quot;,&quot;background_play_on_mobile&quot;:&quot;yes&quot;}\">\n\t\t\t\t\t\t\t\t<div class=\"elementor-background-video-container\">\n\t\t\t\t\t\t\t\t\t\t\t\t\t<div class=\"elementor-background-video-embed\" role=\"presentation\"><\/div>\n\t\t\t\t\t\t\t\t\t\t\t\t<\/div>\n\t\t\t\t\t\t\t<div class=\"elementor-shape elementor-shape-bottom\" aria-hidden=\"true\" data-negative=\"true\">\n\t\t\t<svg xmlns=\"http:\/\/www.w3.org\/2000\/svg\" viewBox=\"0 0 1000 100\" preserveAspectRatio=\"none\">\n\t<path class=\"elementor-shape-fill\" d=\"M500,97C126.7,96.3,0.8,19.8,0,0v100l1000,0V1C1000,19.4,873.3,97.8,500,97z\"\/>\n<\/svg>\t\t<\/div>\n\t\t\t\t\t<div class=\"elementor-container elementor-column-gap-no\">\n\t\t\t\t\t<div class=\"elementor-column elementor-col-100 elementor-top-column elementor-element elementor-element-039aa5b\" data-id=\"039aa5b\" data-element_type=\"column\" data-e-type=\"column\">\n\t\t\t<div class=\"elementor-widget-wrap elementor-element-populated\">\n\t\t\t\t\t\t<div class=\"elementor-element elementor-element-7fe97b0 elementor-invisible elementor-widget elementor-widget-heading\" data-id=\"7fe97b0\" data-element_type=\"widget\" data-e-type=\"widget\" data-settings=\"{&quot;_animation&quot;:&quot;fadeInUp&quot;}\" data-widget_type=\"heading.default\">\n\t\t\t\t<div class=\"elementor-widget-container\">\n\t\t\t\t\t<h1 class=\"elementor-heading-title elementor-size-default\"><a href=\"https:\/\/dos20.cl\/?s=keller&#038;post_type=product&#038;dgwt_wcas=1\">Sensores KELLER<\/a><\/h1>\t\t\t\t<\/div>\n\t\t\t\t<\/div>\n\t\t\t\t\t<\/div>\n\t\t<\/div>\n\t\t\t\t\t<\/div>\n\t\t<\/section>\n\t\t\t\t<section class=\"elementor-section elementor-top-section elementor-element elementor-element-e1c84b5 elementor-section-stretched elementor-section-boxed elementor-section-height-default elementor-section-height-default\" data-id=\"e1c84b5\" data-element_type=\"section\" data-e-type=\"section\" data-settings=\"{&quot;stretch_section&quot;:&quot;section-stretched&quot;,&quot;background_background&quot;:&quot;classic&quot;,&quot;shape_divider_bottom&quot;:&quot;curve&quot;,&quot;shape_divider_bottom_negative&quot;:&quot;yes&quot;}\">\n\t\t\t\t\t<div class=\"elementor-shape elementor-shape-bottom\" aria-hidden=\"true\" data-negative=\"true\">\n\t\t\t<svg xmlns=\"http:\/\/www.w3.org\/2000\/svg\" viewBox=\"0 0 1000 100\" preserveAspectRatio=\"none\">\n\t<path class=\"elementor-shape-fill\" d=\"M500,97C126.7,96.3,0.8,19.8,0,0v100l1000,0V1C1000,19.4,873.3,97.8,500,97z\"\/>\n<\/svg>\t\t<\/div>\n\t\t\t\t\t<div class=\"elementor-container elementor-column-gap-no\">\n\t\t\t\t\t<div class=\"elementor-column elementor-col-100 elementor-top-column elementor-element elementor-element-496d853\" data-id=\"496d853\" data-element_type=\"column\" data-e-type=\"column\">\n\t\t\t<div class=\"elementor-widget-wrap elementor-element-populated\">\n\t\t\t\t\t\t<section class=\"elementor-section elementor-inner-section elementor-element elementor-element-d5d990f elementor-section-boxed elementor-section-height-default elementor-section-height-default\" data-id=\"d5d990f\" data-element_type=\"section\" data-e-type=\"section\">\n\t\t\t\t\t\t<div class=\"elementor-container elementor-column-gap-default\">\n\t\t\t\t\t<div class=\"elementor-column elementor-col-50 elementor-inner-column elementor-element elementor-element-a307347 elementor-invisible\" data-id=\"a307347\" data-element_type=\"column\" data-e-type=\"column\" data-settings=\"{&quot;animation&quot;:&quot;fadeInRight&quot;}\">\n\t\t\t<div class=\"elementor-widget-wrap elementor-element-populated\">\n\t\t\t\t\t\t<div class=\"elementor-element elementor-element-167aacc elementor-widget elementor-widget-image\" data-id=\"167aacc\" data-element_type=\"widget\" data-e-type=\"widget\" data-widget_type=\"image.default\">\n\t\t\t\t<div class=\"elementor-widget-container\">\n\t\t\t\t\t\t\t\t\t\t\t\t\t\t\t\t<a href=\"https:\/\/dos20.cl\/?s=keller&#038;post_type=product&#038;dgwt_wcas=1\">\n\t\t\t\t\t\t\t<img fetchpriority=\"high\" decoding=\"async\" width=\"500\" height=\"300\" src=\"https:\/\/dos20.cl\/wp-content\/uploads\/2025\/01\/3.jpg\" class=\"attachment-full size-full wp-image-17257\" alt=\"\" srcset=\"https:\/\/dos20.cl\/wp-content\/uploads\/2025\/01\/3.jpg 500w, https:\/\/dos20.cl\/wp-content\/uploads\/2025\/01\/3-300x180.jpg 300w, https:\/\/dos20.cl\/wp-content\/uploads\/2025\/01\/3-64x38.jpg 64w\" sizes=\"(max-width: 500px) 100vw, 500px\" \/>\t\t\t\t\t\t\t\t<\/a>\n\t\t\t\t\t\t\t\t\t\t\t\t\t\t\t<\/div>\n\t\t\t\t<\/div>\n\t\t\t\t\t<\/div>\n\t\t<\/div>\n\t\t\t\t<div class=\"elementor-column elementor-col-50 elementor-inner-column elementor-element elementor-element-bfbaca1 elementor-invisible\" data-id=\"bfbaca1\" data-element_type=\"column\" data-e-type=\"column\" data-settings=\"{&quot;animation&quot;:&quot;fadeInLeft&quot;}\">\n\t\t\t<div class=\"elementor-widget-wrap elementor-element-populated\">\n\t\t\t\t\t\t<div class=\"elementor-element elementor-element-eafad68 elementor-invisible elementor-widget elementor-widget-heading\" data-id=\"eafad68\" data-element_type=\"widget\" data-e-type=\"widget\" data-settings=\"{&quot;_animation&quot;:&quot;fadeInUp&quot;}\" data-widget_type=\"heading.default\">\n\t\t\t\t<div class=\"elementor-widget-container\">\n\t\t\t\t\t<h2 class=\"elementor-heading-title elementor-size-default\">REPRESENTAMOS A KELLER EN CHILE<\/h2>\t\t\t\t<\/div>\n\t\t\t\t<\/div>\n\t\t\t\t<div class=\"elementor-element elementor-element-5488c20 elementor-widget-divider--view-line elementor-widget elementor-widget-divider\" data-id=\"5488c20\" data-element_type=\"widget\" data-e-type=\"widget\" data-widget_type=\"divider.default\">\n\t\t\t\t<div class=\"elementor-widget-container\">\n\t\t\t\t\t\t\t<div class=\"elementor-divider\">\n\t\t\t<span class=\"elementor-divider-separator\">\n\t\t\t\t\t\t<\/span>\n\t\t<\/div>\n\t\t\t\t\t\t<\/div>\n\t\t\t\t<\/div>\n\t\t\t\t<div class=\"elementor-element elementor-element-3d07e90 elementor-widget__width-initial elementor-widget elementor-widget-text-editor\" data-id=\"3d07e90\" data-element_type=\"widget\" data-e-type=\"widget\" data-widget_type=\"text-editor.default\">\n\t\t\t\t<div class=\"elementor-widget-container\">\n\t\t\t\t\t\t\t\t\t<div id=\"ultimate-heading-8200677fe2a71f541\" class=\"uvc-heading ult-adjust-bottom-margin ultimate-heading-8200677fe2a71f541 uvc-9591 \" data-hspacer=\"no_spacer\" data-halign=\"left\">\n<div class=\"uvc-main-heading ult-responsive\" data-ultimate-target=\".uvc-heading.ultimate-heading-8200677fe2a71f541 h2\" data-responsive-json-new=\"{&quot;font-size&quot;:&quot;desktop:30px;&quot;,&quot;line-height&quot;:&quot;desktop:40px;&quot;}\">\n<h2><strong style=\"font-size: 16px;\">DOS20 es representante de la marca KELLER en Chile<\/strong><span style=\"font-size: 16px;\">. Contamos con una completa l\u00ednea de Sensores de Nivel, Transductores de Presi\u00f3n, Sensores de presi\u00f3n, Dataloggers, etc. Las cuales pueden ser usados en una gran variedad de aplicaciones.<\/span><\/h2>\n<\/div>\n<\/div>\n<div class=\"wpb_text_column wpb_content_element \">\n<div class=\"wpb_wrapper\">\n<p>Los productos KELLER responden a las m\u00e1s altas exigencias industriales, siendo muy precisos y confiables en las condiciones ambientales m\u00e1s exigentes. KELLER cuenta con amplia presencia en el mercado internacional, en el \u00e1rea de las instalaciones sanitarias, miner\u00eda, industr\u00eda qu\u00edmica, industria alimenticia y donde se requiera de sensores robustos y de calidad. KELLER llega a CHILE de la mano de DOS20, para satisfacer las necesidades de los clientes nacionales que requieran de instrumentos confiables y que puedan trabajar en condiciones muy exigentes.<\/p><\/div><\/div><div class=\"wpb_text_column wpb_content_element \"><div class=\"wpb_wrapper\"><ul>\n<\/ul>\n<\/div>\n<\/div>\t\t\t\t\t\t\t\t<\/div>\n\t\t\t\t<\/div>\n\t\t\t\t\t<\/div>\n\t\t<\/div>\n\t\t\t\t\t<\/div>\n\t\t<\/section>\n\t\t\t\t<section class=\"elementor-section elementor-inner-section elementor-element elementor-element-fb4e472 elementor-section-boxed elementor-section-height-default elementor-section-height-default\" data-id=\"fb4e472\" data-element_type=\"section\" data-e-type=\"section\">\n\t\t\t\t\t\t<div class=\"elementor-container elementor-column-gap-default\">\n\t\t\t\t\t<div class=\"elementor-column elementor-col-100 elementor-inner-column elementor-element elementor-element-20bff1c elementor-invisible\" data-id=\"20bff1c\" data-element_type=\"column\" data-e-type=\"column\" data-settings=\"{&quot;animation&quot;:&quot;fadeInUp&quot;}\">\n\t\t\t<div class=\"elementor-widget-wrap elementor-element-populated\">\n\t\t\t\t\t\t<div class=\"elementor-element elementor-element-b1b2f66 elementor-widget elementor-widget-text-editor\" data-id=\"b1b2f66\" data-element_type=\"widget\" data-e-type=\"widget\" data-widget_type=\"text-editor.default\">\n\t\t\t\t<div class=\"elementor-widget-container\">\n\t\t\t\t\t\t\t\t\t<p style=\"font-size: 16px; font-style: normal; font-weight: 400;\"><span style=\"font-weight: 700;\">Aplicaciones<\/span><\/p><ul style=\"font-size: 16px; font-style: normal; font-weight: 400;\"><li style=\"font-size: 16px;\">Pozos de muestreo con registrador de datos aut\u00f3nomo.<\/li><li style=\"font-size: 16px;\">Medici\u00f3n de nivel en estanques.<\/li><li style=\"font-size: 16px;\">Medici\u00f3n de nivel pozos. Sensores desde 16mm.<\/li><li style=\"font-size: 16px;\">Medici\u00f3n de nivel en Estaci\u00f3n de bombeo planta de aguas residuales.<\/li><li style=\"font-size: 16px;\">Medici\u00f3n de nivel en plantas de tratamiento.<\/li><li style=\"font-size: 16px;\">Registrador de nivel aut\u00f3nomo para aguas servidas.<\/li><li style=\"font-size: 16px;\">Monitoreo nivel de embalses.<\/li><li style=\"font-size: 16px;\">Medici\u00f3n de presi\u00f3n en redes de agua.<\/li><li style=\"font-size: 16px;\">Registrador de presi\u00f3n ante rotura de matriz.<\/li><\/ul>\t\t\t\t\t\t\t\t<\/div>\n\t\t\t\t<\/div>\n\t\t\t\t\t<\/div>\n\t\t<\/div>\n\t\t\t\t\t<\/div>\n\t\t<\/section>\n\t\t\t\t<section class=\"elementor-section elementor-inner-section elementor-element elementor-element-5e7c52c elementor-section-boxed elementor-section-height-default elementor-section-height-default\" data-id=\"5e7c52c\" data-element_type=\"section\" data-e-type=\"section\">\n\t\t\t\t\t\t<div class=\"elementor-container elementor-column-gap-default\">\n\t\t\t\t\t<div class=\"elementor-column elementor-col-100 elementor-inner-column elementor-element elementor-element-7488765 elementor-invisible\" data-id=\"7488765\" data-element_type=\"column\" data-e-type=\"column\" data-settings=\"{&quot;animation&quot;:&quot;fadeInUp&quot;}\">\n\t\t\t<div class=\"elementor-widget-wrap elementor-element-populated\">\n\t\t\t\t\t\t<div class=\"elementor-element elementor-element-d2e47bf elementor-widget elementor-widget-text-editor\" data-id=\"d2e47bf\" data-element_type=\"widget\" data-e-type=\"widget\" data-widget_type=\"text-editor.default\">\n\t\t\t\t<div class=\"elementor-widget-container\">\n\t\t\t\t\t\t\t\t\t<p>KELLER AG, expertos en medici\u00f3n de presi\u00f3n, con sede en Winterthur (Suiza), es el fabricante l\u00edder europeo de transductores de presi\u00f3n aislados y transmisores de presi\u00f3n.\u00a0<strong>La empresa fue fundada en 1974 por el inventor de la celda piezoresistiva Dipl.-Phys. Hannes W. Keller, qui\u00e9n emplea a alrededor de 400 personas por todo el mundo.<\/strong>\u00a0El valor a\u00f1adido que ofrece KELLER AG es el proceso completo de fabricaci\u00f3n en su planta de Winterthur:\u00a0<strong>desde la terminaci\u00f3n de los componentes individuales, hasta la calibraci\u00f3n de los sensores, incluyendo el control final de la calidad de los productos acabados. Todos los productos de KELLER AG, llevan, por tanto, la denominaci\u00f3n \u00abMade in Switzerland\u00bb.<\/strong><\/p><p><strong>Los transductores de presi\u00f3n piezoresistivos KELLER AG destacan por su alta precisi\u00f3n y por su rango de presi\u00f3n de 5 mbar hasta 2.000 bar.<\/strong>\u00a0A parte de, los m\u00e1s de 500 productos est\u00e1ndar, la compa\u00f1\u00eda desarrolla y produce numerosas soluciones personalizadas. En m\u00e1s de 35 islas de producci\u00f3n altamente especializadas se fabrican en modernos procesos automatizados series industriales de Transductores-OEM, as\u00ed como modelos con dise\u00f1os especiales en cantidades unitarias.\u00a0<strong>De esta forma, cada a\u00f1o se producen m\u00e1s de un mill\u00f3n de transductores y transmisores de presi\u00f3n.<\/strong>\u00a0El elevado n\u00famero de piezas producidas permite precios competitivos. A pesar complejos procesos de fabricaci\u00f3n, se cumplen los m\u00e1s altos requisitos de calidad.<\/p><p>La gama de KELLER AG tambi\u00e9n incluye man\u00f3metros digitales, sondas de nivel, data-loggers, m\u00f3dulos de transmisi\u00f3n remota y calibradores de presi\u00f3n. Indicadores digitales complementan la amplia gama. Las posibles aplicaciones de los transductores KELLER son tan amplias como su gama de productos. Regulan, por ejemplo, la presi\u00f3n interna de la cabina en los aviones, se encargan del cambio adecuado de gas natural a la gasolina en veh\u00edculos bivalentes y, sirven adem\u00e1s como sensores patrones en tecnolog\u00eda de laboratorio. Los sensores especiales KELLER, tales como: cat\u00e9teres de presi\u00f3n modulares y otros sensores de presi\u00f3n miniatura, son muy populares en la investigaci\u00f3n.<\/p><p>KELLER AG incluyendo a KELLER GmbH Jestetten cuenta con la certificaci\u00f3n ISO 9001: 2008. Cumpliendo de esta forma con todos los par\u00e1metros de trazabilidad de las medidas seg\u00fan las normas nacionales.<\/p>\t\t\t\t\t\t\t\t<\/div>\n\t\t\t\t<\/div>\n\t\t\t\t<div class=\"elementor-element elementor-element-9adef27 elementor-widget elementor-widget-video\" data-id=\"9adef27\" data-element_type=\"widget\" data-e-type=\"widget\" data-settings=\"{&quot;youtube_url&quot;:&quot;https:\\\/\\\/www.youtube.com\\\/watch?v=KCp8kcO9HGo&quot;,&quot;video_type&quot;:&quot;youtube&quot;,&quot;controls&quot;:&quot;yes&quot;}\" data-widget_type=\"video.default\">\n\t\t\t\t<div class=\"elementor-widget-container\">\n\t\t\t\t\t\t\t<div class=\"elementor-wrapper elementor-open-inline\">\n\t\t\t<div class=\"elementor-video\"><\/div>\t\t<\/div>\n\t\t\t\t\t\t<\/div>\n\t\t\t\t<\/div>\n\t\t\t\t\t<\/div>\n\t\t<\/div>\n\t\t\t\t\t<\/div>\n\t\t<\/section>\n\t\t\t\t<div class=\"elementor-element elementor-element-9da4356 elementor-widget-tablet__width-initial elementor-widget-mobile__width-initial elementor-widget elementor-widget-image\" data-id=\"9da4356\" data-element_type=\"widget\" data-e-type=\"widget\" data-widget_type=\"image.default\">\n\t\t\t\t<div class=\"elementor-widget-container\">\n\t\t\t\t\t\t\t\t\t\t\t\t\t\t\t\t<a href=\"https:\/\/dos20.cl\/?s=keller&#038;post_type=product&#038;dgwt_wcas=1\">\n\t\t\t\t\t\t\t<img decoding=\"async\" width=\"1024\" height=\"427\" src=\"https:\/\/dos20.cl\/wp-content\/uploads\/2025\/01\/Banners-Keller-1024x427.png\" class=\"attachment-large size-large wp-image-17898\" alt=\"\" srcset=\"https:\/\/dos20.cl\/wp-content\/uploads\/2025\/01\/Banners-Keller-1024x427.png 1024w, https:\/\/dos20.cl\/wp-content\/uploads\/2025\/01\/Banners-Keller-300x125.png 300w, https:\/\/dos20.cl\/wp-content\/uploads\/2025\/01\/Banners-Keller-768x320.png 768w, https:\/\/dos20.cl\/wp-content\/uploads\/2025\/01\/Banners-Keller-1536x640.png 1536w, https:\/\/dos20.cl\/wp-content\/uploads\/2025\/01\/Banners-Keller-600x250.png 600w, https:\/\/dos20.cl\/wp-content\/uploads\/2025\/01\/Banners-Keller-64x27.png 64w, https:\/\/dos20.cl\/wp-content\/uploads\/2025\/01\/Banners-Keller.png 1920w\" sizes=\"(max-width: 1024px) 100vw, 1024px\" \/>\t\t\t\t\t\t\t\t<\/a>\n\t\t\t\t\t\t\t\t\t\t\t\t\t\t\t<\/div>\n\t\t\t\t<\/div>\n\t\t\t\t\t<\/div>\n\t\t<\/div>\n\t\t\t\t\t<\/div>\n\t\t<\/section>\n\t\t\t\t<\/div>\n\t\t","protected":false},"excerpt":{"rendered":"<p>Sensores KELLER REPRESENTAMOS A KELLER EN CHILE DOS20 es representante de la marca KELLER en Chile. Contamos con una completa [&hellip;]<\/p>\n","protected":false},"author":19,"featured_media":0,"parent":0,"menu_order":0,"comment_status":"closed","ping_status":"closed","template":"","meta":{"site-sidebar-layout":"no-sidebar","site-content-layout":"","ast-site-content-layout":"full-width-container","site-content-style":"unboxed","site-sidebar-style":"unboxed","ast-global-header-display":"","ast-banner-title-visibility":"","ast-main-header-display":"","ast-hfb-above-header-display":"","ast-hfb-below-header-display":"","ast-hfb-mobile-header-display":"","site-post-title":"disabled","ast-breadcrumbs-content":"","ast-featured-img":"disabled","footer-sml-layout":"","theme-transparent-header-meta":"default","adv-header-id-meta":"","stick-header-meta":"","header-above-stick-meta":"","header-main-stick-meta":"","header-below-stick-meta":"","astra-migrate-meta-layouts":"set","ast-page-background-enabled":"default","ast-page-background-meta":{"desktop":{"background-color":"var(--ast-global-color-4)","background-image":"","background-repeat":"repeat","background-position":"center center","background-size":"auto","background-attachment":"scroll","background-type":"","background-media":"","overlay-type":"","overlay-color":"","overlay-opacity":"","overlay-gradient":""},"tablet":{"background-color":"","background-image":"","background-repeat":"repeat","background-position":"center center","background-size":"auto","background-attachment":"scroll","background-type":"","background-media":"","overlay-type":"","overlay-color":"","overlay-opacity":"","overlay-gradient":""},"mobile":{"background-color":"","background-image":"","background-repeat":"repeat","background-position":"center center","background-size":"auto","background-attachment":"scroll","background-type":"","background-media":"","overlay-type":"","overlay-color":"","overlay-opacity":"","overlay-gradient":""}},"ast-content-background-meta":{"desktop":{"background-color":"var(--ast-global-color-5)","background-image":"","background-repeat":"repeat","background-position":"center center","background-size":"auto","background-attachment":"scroll","background-type":"","background-media":"","overlay-type":"","overlay-color":"","overlay-opacity":"","overlay-gradient":""},"tablet":{"background-color":"var(--ast-global-color-5)","background-image":"","background-repeat":"repeat","background-position":"center center","background-size":"auto","background-attachment":"scroll","background-type":"","background-media":"","overlay-type":"","overlay-color":"","overlay-opacity":"","overlay-gradient":""},"mobile":{"background-color":"var(--ast-global-color-5)","background-image":"","background-repeat":"repeat","background-position":"center center","background-size":"auto","background-attachment":"scroll","background-type":"","background-media":"","overlay-type":"","overlay-color":"","overlay-opacity":"","overlay-gradient":""}},"footnotes":""},"class_list":["post-15676","page","type-page","status-publish","hentry"],"_links":{"self":[{"href":"https:\/\/dos20.cl\/index.php?rest_route=\/wp\/v2\/pages\/15676","targetHints":{"allow":["GET"]}}],"collection":[{"href":"https:\/\/dos20.cl\/index.php?rest_route=\/wp\/v2\/pages"}],"about":[{"href":"https:\/\/dos20.cl\/index.php?rest_route=\/wp\/v2\/types\/page"}],"author":[{"embeddable":true,"href":"https:\/\/dos20.cl\/index.php?rest_route=\/wp\/v2\/users\/19"}],"replies":[{"embeddable":true,"href":"https:\/\/dos20.cl\/index.php?rest_route=%2Fwp%2Fv2%2Fcomments&post=15676"}],"version-history":[{"count":20,"href":"https:\/\/dos20.cl\/index.php?rest_route=\/wp\/v2\/pages\/15676\/revisions"}],"predecessor-version":[{"id":17908,"href":"https:\/\/dos20.cl\/index.php?rest_route=\/wp\/v2\/pages\/15676\/revisions\/17908"}],"wp:attachment":[{"href":"https:\/\/dos20.cl\/index.php?rest_route=%2Fwp%2Fv2%2Fmedia&parent=15676"}],"curies":[{"name":"wp","href":"https:\/\/api.w.org\/{rel}","templated":true}]}}